{"id":31,"date":"2021-12-07T00:55:57","date_gmt":"2021-12-07T00:55:57","guid":{"rendered":"https:\/\/lepetitparc.ca\/stephanie\/?page_id=31"},"modified":"2022-01-19T23:06:49","modified_gmt":"2022-01-19T23:06:49","slug":"a-propos","status":"publish","type":"page","link":"https:\/\/lepetitparc.ca\/stephanie\/a-propos\/","title":{"rendered":"\u00c0 propos"},"content":{"rendered":"\t\t<div data-elementor-type=\"wp-page\" data-elementor-id=\"31\" class=\"elementor elementor-31\" data-elementor-post-type=\"page\">\n\t\t\t\t\t\t<section class=\"elementor-section elementor-top-section elementor-element elementor-element-647b7e06 elementor-section-boxed elementor-section-height-default elementor-section-height-default\" data-id=\"647b7e06\" data-element_type=\"section\" data-e-type=\"section\">\n\t\t\t\t\t\t<div class=\"elementor-container elementor-column-gap-default\">\n\t\t\t\t\t<div class=\"elementor-column elementor-col-100 elementor-top-column elementor-element elementor-element-c7321d1\" data-id=\"c7321d1\" data-element_type=\"column\" data-e-type=\"column\">\n\t\t\t<div class=\"elementor-widget-wrap elementor-element-populated\">\n\t\t\t\t\t\t<div class=\"elementor-element elementor-element-51da9fda elementor-widget elementor-widget-text-editor\" data-id=\"51da9fda\" data-element_type=\"widget\" data-e-type=\"widget\" data-widget_type=\"text-editor.default\">\n\t\t\t\t<div class=\"elementor-widget-container\">\n\t\t\t\t\t\t\t\t\t\n<p class=\"wp-block-paragraph\"><em>Coucou!<\/em><\/p>\n<p>Y a-t-il quelque chose de plus difficile que d\u2019\u00e9crire \u00e0 propos de soi-m\u00eame!?!<\/p>\n<ul>\n<li>Premier constat: je suis introvertie.<\/li>\n<\/ul>\n<p>\u00a0<\/p>\n<p>Okay pas si mal, on va continuer avec une pr\u00e9sentation par puces.<\/p>\n<ul>\n<li>Je suis graphiste. C\u2019est mon m\u00e9tier. Mais comme j\u2019ai souvent dit, mon seul talent au fond, c\u2019est l\u2019organisation. Car le graphisme, c\u2019est l\u2019organisation des informations, avec du style! Dans mon travail j\u2019aime surtout la retouche des photographies et la typographie. J\u2019adore les apostrophes! (Alt + 0146)<\/li>\n<li>J\u2019aime jardiner. Pas rien qu\u2019un peu! Tellement que j\u2019ai d\u00e9j\u00e0 essay\u00e9 d\u2019en faire un second m\u00e9tier. Mais ces jours-ci, je jardine un parterre de bungalow donc \u00e7a limite mes ambitions. Ce que j\u2019aime surtout, c\u2019est d\u00e9sherber. Je peux d\u00e9sherber des heures durant, toute seule, sans \u00e9couteurs. Voir premi\u00e8re puce plus haute.<\/li>\n<li>Et oui, je suis grand-m\u00e8re, mais avant d\u2019y arriver je suis devenue \u00e9pouse de Jean-Pierre (nous sommes encore coll\u00e9s) et m\u00e8re de Jo\u00ebl, Louis et Nicolas.<\/li>\n<\/ul>\n<p>\u00a0<\/p>\n<p>Aussi\u00a0:<\/p>\n<ul>\n<li>J\u2019aime les vieilles choses<\/li>\n<li>Je n\u2019aime pas faire du m\u00e9nage, mais j\u2019adore cuisiner<\/li>\n<li>J\u2019ai comme objectif de devenir transparente, c\u2019est la raison d\u2019\u00eatre de ce blogue<\/li>\n<li>Pour dire toute la v\u00e9rit\u00e9, je souhaite aussi \u00e9ventuellement vendre quelques humbles bricolages<\/li>\n<\/ul>\n<p>\u00a0<\/p>\n<p><em>Merci d\u2019\u00eatre l\u00e0!<\/em><\/p>\n\t\t\t\t\t\t\t\t<\/div>\n\t\t\t\t<\/div>\n\t\t\t\t\t<\/div>\n\t\t<\/div>\n\t\t\t\t\t<\/div>\n\t\t<\/section>\n\t\t\t\t<\/div>\n\t\t","protected":false},"excerpt":{"rendered":"<p>Coucou! Y a-t-il quelque chose de plus difficile que d\u2019\u00e9crire \u00e0 propos de soi-m\u00eame!?! Premier constat: je suis introvertie. \u00a0 Okay pas si mal, on va continuer avec une pr\u00e9sentation par puces. Je suis graphiste. C\u2019est mon m\u00e9tier. Mais comme j\u2019ai souvent dit, mon seul talent au fond, c\u2019est l\u2019organisation. Car le graphisme, c\u2019est l\u2019organisation [&hellip;]<\/p>\n","protected":false},"author":6,"featured_media":0,"parent":0,"menu_order":0,"comment_status":"closed","ping_status":"closed","template":"","meta":{"_acf_changed":false,"_crdt_document":"","disable_featured_image":false,"footnotes":""},"genres":[],"class_list":["post-31","page","type-page","status-publish","hentry"],"acf":[],"_links":{"self":[{"href":"https:\/\/lepetitparc.ca\/stephanie\/wp-json\/wp\/v2\/pages\/31","targetHints":{"allow":["GET"]}}],"collection":[{"href":"https:\/\/lepetitparc.ca\/stephanie\/wp-json\/wp\/v2\/pages"}],"about":[{"href":"https:\/\/lepetitparc.ca\/stephanie\/wp-json\/wp\/v2\/types\/page"}],"author":[{"embeddable":true,"href":"https:\/\/lepetitparc.ca\/stephanie\/wp-json\/wp\/v2\/users\/6"}],"replies":[{"embeddable":true,"href":"https:\/\/lepetitparc.ca\/stephanie\/wp-json\/wp\/v2\/comments?post=31"}],"version-history":[{"count":13,"href":"https:\/\/lepetitparc.ca\/stephanie\/wp-json\/wp\/v2\/pages\/31\/revisions"}],"predecessor-version":[{"id":451,"href":"https:\/\/lepetitparc.ca\/stephanie\/wp-json\/wp\/v2\/pages\/31\/revisions\/451"}],"wp:attachment":[{"href":"https:\/\/lepetitparc.ca\/stephanie\/wp-json\/wp\/v2\/media?parent=31"}],"wp:term":[{"taxonomy":"genres","embeddable":true,"href":"https:\/\/lepetitparc.ca\/stephanie\/wp-json\/wp\/v2\/genres?post=31"}],"curies":[{"name":"wp","href":"https:\/\/api.w.org\/{rel}","templated":true}]}}