{"id":27,"date":"2021-12-07T00:51:52","date_gmt":"2021-12-07T00:51:52","guid":{"rendered":"https:\/\/lepetitparc.ca\/stephanie\/?page_id=27"},"modified":"2022-01-20T17:33:25","modified_gmt":"2022-01-20T22:33:25","slug":"archives","status":"publish","type":"page","link":"https:\/\/lepetitparc.ca\/stephanie\/archives\/","title":{"rendered":"Archives"},"content":{"rendered":"\t\t<div data-elementor-type=\"wp-page\" data-elementor-id=\"27\" class=\"elementor elementor-27\" data-elementor-post-type=\"page\">\n\t\t\t\t\t\t<section class=\"elementor-section elementor-top-section elementor-element elementor-element-14192222 elementor-section-boxed elementor-section-height-default elementor-section-height-default\" data-id=\"14192222\" data-element_type=\"section\" data-e-type=\"section\">\n\t\t\t\t\t\t<div class=\"elementor-container elementor-column-gap-default\">\n\t\t\t\t\t<div class=\"elementor-column elementor-col-100 elementor-top-column elementor-element elementor-element-138137ae\" data-id=\"138137ae\" data-element_type=\"column\" data-e-type=\"column\">\n\t\t\t<div class=\"elementor-widget-wrap elementor-element-populated\">\n\t\t\t\t\t\t<div class=\"elementor-element elementor-element-2479d821 elementor-grid-3 elementor-grid-tablet-2 elementor-grid-mobile-1 elementor-posts--thumbnail-top elementor-card-shadow-yes elementor-posts__hover-gradient elementor-widget elementor-widget-posts\" data-id=\"2479d821\" data-element_type=\"widget\" data-e-type=\"widget\" data-settings=\"{&quot;pagination_type&quot;:&quot;numbers_and_prev_next&quot;,&quot;cards_columns&quot;:&quot;3&quot;,&quot;cards_columns_tablet&quot;:&quot;2&quot;,&quot;cards_columns_mobile&quot;:&quot;1&quot;,&quot;cards_row_gap&quot;:{&quot;unit&quot;:&quot;px&quot;,&quot;size&quot;:35,&quot;sizes&quot;:[]},&quot;cards_row_gap_tablet&quot;:{&quot;unit&quot;:&quot;px&quot;,&quot;size&quot;:&quot;&quot;,&quot;sizes&quot;:[]},&quot;cards_row_gap_mobile&quot;:{&quot;unit&quot;:&quot;px&quot;,&quot;size&quot;:&quot;&quot;,&quot;sizes&quot;:[]}}\" data-widget_type=\"posts.cards\">\n\t\t\t\t<div class=\"elementor-widget-container\">\n\t\t\t\t\t\t\t<div class=\"elementor-posts-container elementor-posts elementor-posts--skin-cards elementor-grid\" role=\"list\">\n\t\t\t\t<article class=\"elementor-post elementor-grid-item post-1511 post type-post status-publish format-standard has-post-thumbnail hentry category-reflexions taxon-du-petit-parc-tribune\" role=\"listitem\">\n\t\t\t<div class=\"elementor-post__card\">\n\t\t\t\t<a class=\"elementor-post__thumbnail__link\" href=\"https:\/\/lepetitparc.ca\/stephanie\/2026\/05\/10\/prendre-ses-distances-de-la-nature\/\" tabindex=\"-1\" ><div class=\"elementor-post__thumbnail\"><img fetchpriority=\"high\" decoding=\"async\" width=\"300\" height=\"189\" src=\"https:\/\/lepetitparc.ca\/stephanie\/wp-content\/uploads\/sites\/15\/2026\/05\/luxury-net-zero-300x189.jpg\" class=\"attachment-medium size-medium wp-image-1518\" alt=\"\" srcset=\"https:\/\/lepetitparc.ca\/stephanie\/wp-content\/uploads\/sites\/15\/2026\/05\/luxury-net-zero-300x189.jpg 300w, https:\/\/lepetitparc.ca\/stephanie\/wp-content\/uploads\/sites\/15\/2026\/05\/luxury-net-zero-1024x646.jpg 1024w, https:\/\/lepetitparc.ca\/stephanie\/wp-content\/uploads\/sites\/15\/2026\/05\/luxury-net-zero-768x484.jpg 768w, https:\/\/lepetitparc.ca\/stephanie\/wp-content\/uploads\/sites\/15\/2026\/05\/luxury-net-zero-1536x969.jpg 1536w, https:\/\/lepetitparc.ca\/stephanie\/wp-content\/uploads\/sites\/15\/2026\/05\/luxury-net-zero.jpg 1647w\" sizes=\"(max-width: 300px) 100vw, 300px\" \/><\/div><\/a>\n\t\t\t\t<div class=\"elementor-post__text\">\n\t\t\t\t<h4 class=\"elementor-post__title\">\n\t\t\t<a href=\"https:\/\/lepetitparc.ca\/stephanie\/2026\/05\/10\/prendre-ses-distances-de-la-nature\/\" >\n\t\t\t\tPrendre ses distances de la Nature\t\t\t<\/a>\n\t\t<\/h4>\n\t\t\t\t<div class=\"elementor-post__excerpt\">\n\t\t\t<p>Je me permets une tirade sur la vie sur la plan\u00e8te inspir\u00e9e par une simple image promotionnelle.<\/p>\n\t\t<\/div>\n\t\t\n\t\t<a class=\"elementor-post__read-more\" href=\"https:\/\/lepetitparc.ca\/stephanie\/2026\/05\/10\/prendre-ses-distances-de-la-nature\/\" aria-label=\"Read more about Prendre ses distances de la Nature\" tabindex=\"-1\" >\n\t\t\tSuite \t\t<\/a>\n\n\t\t\t\t<\/div>\n\t\t\t\t\t<\/div>\n\t\t<\/article>\n\t\t\t\t<article class=\"elementor-post elementor-grid-item post-1503 post type-post status-publish format-standard has-post-thumbnail hentry category-reflexions taxon-du-petit-parc-animaux\" role=\"listitem\">\n\t\t\t<div class=\"elementor-post__card\">\n\t\t\t\t<a class=\"elementor-post__thumbnail__link\" href=\"https:\/\/lepetitparc.ca\/stephanie\/2026\/04\/12\/lucy-la-dompteuse-dhumains\/\" tabindex=\"-1\" ><div class=\"elementor-post__thumbnail\"><img decoding=\"async\" width=\"300\" height=\"169\" data-src=\"https:\/\/lepetitparc.ca\/stephanie\/wp-content\/uploads\/sites\/15\/2026\/04\/Lucy-2000px-300x169.jpg\" class=\"attachment-medium size-medium wp-image-1504 lazyload\" alt=\"\" data-srcset=\"https:\/\/lepetitparc.ca\/stephanie\/wp-content\/uploads\/sites\/15\/2026\/04\/Lucy-2000px-300x169.jpg 300w, https:\/\/lepetitparc.ca\/stephanie\/wp-content\/uploads\/sites\/15\/2026\/04\/Lucy-2000px-1024x576.jpg 1024w, https:\/\/lepetitparc.ca\/stephanie\/wp-content\/uploads\/sites\/15\/2026\/04\/Lucy-2000px-768x432.jpg 768w, https:\/\/lepetitparc.ca\/stephanie\/wp-content\/uploads\/sites\/15\/2026\/04\/Lucy-2000px-1536x864.jpg 1536w, https:\/\/lepetitparc.ca\/stephanie\/wp-content\/uploads\/sites\/15\/2026\/04\/Lucy-2000px.jpg 2000w\" data-sizes=\"(max-width: 300px) 100vw, 300px\" src=\"data:image\/svg+xml;base64,PHN2ZyB3aWR0aD0iMSIgaGVpZ2h0PSIxIiB4bWxucz0iaHR0cDovL3d3dy53My5vcmcvMjAwMC9zdmciPjwvc3ZnPg==\" style=\"--smush-placeholder-width: 300px; --smush-placeholder-aspect-ratio: 300\/169;\" \/><\/div><\/a>\n\t\t\t\t<div class=\"elementor-post__text\">\n\t\t\t\t<h4 class=\"elementor-post__title\">\n\t\t\t<a href=\"https:\/\/lepetitparc.ca\/stephanie\/2026\/04\/12\/lucy-la-dompteuse-dhumains\/\" >\n\t\t\t\tLucy, la dompteuse d\u2019humains\t\t\t<\/a>\n\t\t<\/h4>\n\t\t\t\t<div class=\"elementor-post__excerpt\">\n\t\t\t<p>Les arbres me parlent plus que les chiens, les l\u00e9gumes m\u2019int\u00e9ressent plus que les chats\u2026<\/p>\n\t\t<\/div>\n\t\t\n\t\t<a class=\"elementor-post__read-more\" href=\"https:\/\/lepetitparc.ca\/stephanie\/2026\/04\/12\/lucy-la-dompteuse-dhumains\/\" aria-label=\"Read more about Lucy, la dompteuse d\u2019humains\" tabindex=\"-1\" >\n\t\t\tSuite \t\t<\/a>\n\n\t\t\t\t<\/div>\n\t\t\t\t\t<\/div>\n\t\t<\/article>\n\t\t\t\t<article class=\"elementor-post elementor-grid-item post-1489 post type-post status-publish format-standard has-post-thumbnail hentry category-souvenirs taxon-du-petit-parc-au-jour-le-jour\" role=\"listitem\">\n\t\t\t<div class=\"elementor-post__card\">\n\t\t\t\t<a class=\"elementor-post__thumbnail__link\" href=\"https:\/\/lepetitparc.ca\/stephanie\/2026\/03\/08\/signe-du-printemps\/\" tabindex=\"-1\" ><div class=\"elementor-post__thumbnail\"><img decoding=\"async\" width=\"300\" height=\"169\" data-src=\"https:\/\/lepetitparc.ca\/stephanie\/wp-content\/uploads\/sites\/15\/2026\/03\/01-ruisseau-300x169.jpg\" class=\"attachment-medium size-medium wp-image-1491 lazyload\" alt=\"\" data-srcset=\"https:\/\/lepetitparc.ca\/stephanie\/wp-content\/uploads\/sites\/15\/2026\/03\/01-ruisseau-300x169.jpg 300w, https:\/\/lepetitparc.ca\/stephanie\/wp-content\/uploads\/sites\/15\/2026\/03\/01-ruisseau-1024x576.jpg 1024w, https:\/\/lepetitparc.ca\/stephanie\/wp-content\/uploads\/sites\/15\/2026\/03\/01-ruisseau-768x432.jpg 768w, https:\/\/lepetitparc.ca\/stephanie\/wp-content\/uploads\/sites\/15\/2026\/03\/01-ruisseau-1536x864.jpg 1536w, https:\/\/lepetitparc.ca\/stephanie\/wp-content\/uploads\/sites\/15\/2026\/03\/01-ruisseau.jpg 1920w\" data-sizes=\"(max-width: 300px) 100vw, 300px\" src=\"data:image\/svg+xml;base64,PHN2ZyB3aWR0aD0iMSIgaGVpZ2h0PSIxIiB4bWxucz0iaHR0cDovL3d3dy53My5vcmcvMjAwMC9zdmciPjwvc3ZnPg==\" style=\"--smush-placeholder-width: 300px; --smush-placeholder-aspect-ratio: 300\/169;\" \/><\/div><\/a>\n\t\t\t\t<div class=\"elementor-post__text\">\n\t\t\t\t<h4 class=\"elementor-post__title\">\n\t\t\t<a href=\"https:\/\/lepetitparc.ca\/stephanie\/2026\/03\/08\/signe-du-printemps\/\" >\n\t\t\t\tSigne du printemps\t\t\t<\/a>\n\t\t<\/h4>\n\t\t\t\t<div class=\"elementor-post__excerpt\">\n\t\t\t<p>Celui que j\u2019attends avec impatience, c\u2019est le bruit de l\u2019eau.<\/p>\n\t\t<\/div>\n\t\t\n\t\t<a class=\"elementor-post__read-more\" href=\"https:\/\/lepetitparc.ca\/stephanie\/2026\/03\/08\/signe-du-printemps\/\" aria-label=\"Read more about Signe du printemps\" tabindex=\"-1\" >\n\t\t\tSuite \t\t<\/a>\n\n\t\t\t\t<\/div>\n\t\t\t\t\t<\/div>\n\t\t<\/article>\n\t\t\t\t<article class=\"elementor-post elementor-grid-item post-1481 post type-post status-publish format-standard has-post-thumbnail hentry category-jardinage taxon-du-petit-parc-metiers\" role=\"listitem\">\n\t\t\t<div class=\"elementor-post__card\">\n\t\t\t\t<a class=\"elementor-post__thumbnail__link\" href=\"https:\/\/lepetitparc.ca\/stephanie\/2026\/01\/11\/revenir-au-depart\/\" tabindex=\"-1\" ><div class=\"elementor-post__thumbnail\"><img decoding=\"async\" width=\"300\" height=\"169\" data-src=\"https:\/\/lepetitparc.ca\/stephanie\/wp-content\/uploads\/sites\/15\/2026\/01\/semences-1600px-300x169.jpg\" class=\"attachment-medium size-medium wp-image-1482 lazyload\" alt=\"Livre sur la conservation des semences et quelques paquets de graines\" data-srcset=\"https:\/\/lepetitparc.ca\/stephanie\/wp-content\/uploads\/sites\/15\/2026\/01\/semences-1600px-300x169.jpg 300w, https:\/\/lepetitparc.ca\/stephanie\/wp-content\/uploads\/sites\/15\/2026\/01\/semences-1600px-1024x576.jpg 1024w, https:\/\/lepetitparc.ca\/stephanie\/wp-content\/uploads\/sites\/15\/2026\/01\/semences-1600px-768x432.jpg 768w, https:\/\/lepetitparc.ca\/stephanie\/wp-content\/uploads\/sites\/15\/2026\/01\/semences-1600px-1536x864.jpg 1536w, https:\/\/lepetitparc.ca\/stephanie\/wp-content\/uploads\/sites\/15\/2026\/01\/semences-1600px.jpg 1600w\" data-sizes=\"(max-width: 300px) 100vw, 300px\" src=\"data:image\/svg+xml;base64,PHN2ZyB3aWR0aD0iMSIgaGVpZ2h0PSIxIiB4bWxucz0iaHR0cDovL3d3dy53My5vcmcvMjAwMC9zdmciPjwvc3ZnPg==\" style=\"--smush-placeholder-width: 300px; --smush-placeholder-aspect-ratio: 300\/169;\" \/><\/div><\/a>\n\t\t\t\t<div class=\"elementor-post__text\">\n\t\t\t\t<h4 class=\"elementor-post__title\">\n\t\t\t<a href=\"https:\/\/lepetitparc.ca\/stephanie\/2026\/01\/11\/revenir-au-depart\/\" >\n\t\t\t\tRevenir au d\u00e9part\t\t\t<\/a>\n\t\t<\/h4>\n\t\t\t\t<div class=\"elementor-post__excerpt\">\n\t\t\t<p>Dans la vie, parfois, on doit r\u00e9apprendre.<\/p>\n\t\t<\/div>\n\t\t\n\t\t<a class=\"elementor-post__read-more\" href=\"https:\/\/lepetitparc.ca\/stephanie\/2026\/01\/11\/revenir-au-depart\/\" aria-label=\"Read more about Revenir au d\u00e9part\" tabindex=\"-1\" >\n\t\t\tSuite \t\t<\/a>\n\n\t\t\t\t<\/div>\n\t\t\t\t\t<\/div>\n\t\t<\/article>\n\t\t\t\t<article class=\"elementor-post elementor-grid-item post-1471 post type-post status-publish format-standard has-post-thumbnail hentry category-souvenirs taxon-du-petit-parc-racines\" role=\"listitem\">\n\t\t\t<div class=\"elementor-post__card\">\n\t\t\t\t<a class=\"elementor-post__thumbnail__link\" href=\"https:\/\/lepetitparc.ca\/stephanie\/2025\/12\/07\/les-voisins-le-verglas\/\" tabindex=\"-1\" ><div class=\"elementor-post__thumbnail\"><img decoding=\"async\" width=\"300\" height=\"200\" data-src=\"https:\/\/lepetitparc.ca\/stephanie\/wp-content\/uploads\/sites\/15\/2025\/12\/jp140903-08-2000px-300x200.jpg\" class=\"attachment-medium size-medium wp-image-1472 lazyload\" alt=\"Arc-en-ciel au-dessus des champs\" data-srcset=\"https:\/\/lepetitparc.ca\/stephanie\/wp-content\/uploads\/sites\/15\/2025\/12\/jp140903-08-2000px-300x200.jpg 300w, https:\/\/lepetitparc.ca\/stephanie\/wp-content\/uploads\/sites\/15\/2025\/12\/jp140903-08-2000px-1024x684.jpg 1024w, https:\/\/lepetitparc.ca\/stephanie\/wp-content\/uploads\/sites\/15\/2025\/12\/jp140903-08-2000px-768x513.jpg 768w, https:\/\/lepetitparc.ca\/stephanie\/wp-content\/uploads\/sites\/15\/2025\/12\/jp140903-08-2000px-1536x1025.jpg 1536w, https:\/\/lepetitparc.ca\/stephanie\/wp-content\/uploads\/sites\/15\/2025\/12\/jp140903-08-2000px.jpg 2000w\" data-sizes=\"(max-width: 300px) 100vw, 300px\" src=\"data:image\/svg+xml;base64,PHN2ZyB3aWR0aD0iMSIgaGVpZ2h0PSIxIiB4bWxucz0iaHR0cDovL3d3dy53My5vcmcvMjAwMC9zdmciPjwvc3ZnPg==\" style=\"--smush-placeholder-width: 300px; --smush-placeholder-aspect-ratio: 300\/200;\" \/><\/div><\/a>\n\t\t\t\t<div class=\"elementor-post__text\">\n\t\t\t\t<h4 class=\"elementor-post__title\">\n\t\t\t<a href=\"https:\/\/lepetitparc.ca\/stephanie\/2025\/12\/07\/les-voisins-le-verglas\/\" >\n\t\t\t\tLes voisins, le verglas\t\t\t<\/a>\n\t\t<\/h4>\n\t\t\t\t<div class=\"elementor-post__excerpt\">\n\t\t\t<p>Bouts de souvenirs des trente ans v\u00e9cus sur une ferme<\/p>\n\t\t<\/div>\n\t\t\n\t\t<a class=\"elementor-post__read-more\" href=\"https:\/\/lepetitparc.ca\/stephanie\/2025\/12\/07\/les-voisins-le-verglas\/\" aria-label=\"Read more about Les voisins, le verglas\" tabindex=\"-1\" >\n\t\t\tSuite \t\t<\/a>\n\n\t\t\t\t<\/div>\n\t\t\t\t\t<\/div>\n\t\t<\/article>\n\t\t\t\t<article class=\"elementor-post elementor-grid-item post-1464 post type-post status-publish format-standard has-post-thumbnail hentry category-reflexions taxon-du-petit-parc-litteratures\" role=\"listitem\">\n\t\t\t<div class=\"elementor-post__card\">\n\t\t\t\t<a class=\"elementor-post__thumbnail__link\" href=\"https:\/\/lepetitparc.ca\/stephanie\/2025\/11\/07\/lettre-a-jane-austen\/\" tabindex=\"-1\" ><div class=\"elementor-post__thumbnail\"><img decoding=\"async\" width=\"300\" height=\"180\" data-src=\"https:\/\/lepetitparc.ca\/stephanie\/wp-content\/uploads\/sites\/15\/2025\/11\/Jane-300x180.jpg\" class=\"attachment-medium size-medium wp-image-1465 lazyload\" alt=\"\" data-srcset=\"https:\/\/lepetitparc.ca\/stephanie\/wp-content\/uploads\/sites\/15\/2025\/11\/Jane-300x180.jpg 300w, https:\/\/lepetitparc.ca\/stephanie\/wp-content\/uploads\/sites\/15\/2025\/11\/Jane-1024x614.jpg 1024w, https:\/\/lepetitparc.ca\/stephanie\/wp-content\/uploads\/sites\/15\/2025\/11\/Jane-768x461.jpg 768w, https:\/\/lepetitparc.ca\/stephanie\/wp-content\/uploads\/sites\/15\/2025\/11\/Jane-1536x922.jpg 1536w, https:\/\/lepetitparc.ca\/stephanie\/wp-content\/uploads\/sites\/15\/2025\/11\/Jane.jpg 2000w\" data-sizes=\"(max-width: 300px) 100vw, 300px\" src=\"data:image\/svg+xml;base64,PHN2ZyB3aWR0aD0iMSIgaGVpZ2h0PSIxIiB4bWxucz0iaHR0cDovL3d3dy53My5vcmcvMjAwMC9zdmciPjwvc3ZnPg==\" style=\"--smush-placeholder-width: 300px; --smush-placeholder-aspect-ratio: 300\/180;\" \/><\/div><\/a>\n\t\t\t\t<div class=\"elementor-post__text\">\n\t\t\t\t<h4 class=\"elementor-post__title\">\n\t\t\t<a href=\"https:\/\/lepetitparc.ca\/stephanie\/2025\/11\/07\/lettre-a-jane-austen\/\" >\n\t\t\t\tLettre \u00e0 Jane Austen\t\t\t<\/a>\n\t\t<\/h4>\n\t\t\t\t<div class=\"elementor-post__excerpt\">\n\t\t\t<p>Jane Austen est peut-\u00eatre la romanci\u00e8re la plus connue de l\u2019histoire \u2013 il para\u00eet que ses \u0153uvres ne cessent de grandir en popularit\u00e9. \u00c7a n\u2019emp\u00eache pas que chaque personne qui lit ses histoires peut d\u00e9velopper un fort attachement \u00e0 ces livres. C\u2019est certainement le cas pour moi\u2026<\/p>\n\t\t<\/div>\n\t\t\n\t\t<a class=\"elementor-post__read-more\" href=\"https:\/\/lepetitparc.ca\/stephanie\/2025\/11\/07\/lettre-a-jane-austen\/\" aria-label=\"Read more about Lettre \u00e0 Jane Austen\" tabindex=\"-1\" >\n\t\t\tSuite \t\t<\/a>\n\n\t\t\t\t<\/div>\n\t\t\t\t\t<\/div>\n\t\t<\/article>\n\t\t\t\t<\/div>\n\t\t\n\t\t\t\t<div class=\"e-load-more-anchor\" data-page=\"1\" data-max-page=\"11\" data-next-page=\"https:\/\/lepetitparc.ca\/stephanie\/wp-json\/wp\/v2\/pages\/27\/page\/2\/\"><\/div>\n\t\t\t\t<nav class=\"elementor-pagination\" aria-label=\"Pagination\">\n\t\t\t<span class=\"page-numbers prev\">&laquo; Pr\u00e9c\u00e9dente<\/span>\n<span aria-current=\"page\" class=\"page-numbers current\"><span class=\"elementor-screen-only\">Page<\/span>1<\/span>\n<a class=\"page-numbers\" href=\"https:\/\/lepetitparc.ca\/stephanie\/wp-json\/wp\/v2\/pages\/27\/page\/2\/\"><span class=\"elementor-screen-only\">Page<\/span>2<\/a>\n<a class=\"page-numbers\" href=\"https:\/\/lepetitparc.ca\/stephanie\/wp-json\/wp\/v2\/pages\/27\/page\/3\/\"><span class=\"elementor-screen-only\">Page<\/span>3<\/a>\n<a class=\"page-numbers\" href=\"https:\/\/lepetitparc.ca\/stephanie\/wp-json\/wp\/v2\/pages\/27\/page\/4\/\"><span class=\"elementor-screen-only\">Page<\/span>4<\/a>\n<a class=\"page-numbers\" href=\"https:\/\/lepetitparc.ca\/stephanie\/wp-json\/wp\/v2\/pages\/27\/page\/5\/\"><span class=\"elementor-screen-only\">Page<\/span>5<\/a>\n<a class=\"page-numbers\" href=\"https:\/\/lepetitparc.ca\/stephanie\/wp-json\/wp\/v2\/pages\/27\/page\/6\/\"><span class=\"elementor-screen-only\">Page<\/span>6<\/a>\n<a class=\"page-numbers\" href=\"https:\/\/lepetitparc.ca\/stephanie\/wp-json\/wp\/v2\/pages\/27\/page\/7\/\"><span class=\"elementor-screen-only\">Page<\/span>7<\/a>\n<a class=\"page-numbers\" href=\"https:\/\/lepetitparc.ca\/stephanie\/wp-json\/wp\/v2\/pages\/27\/page\/8\/\"><span class=\"elementor-screen-only\">Page<\/span>8<\/a>\n<a class=\"page-numbers\" href=\"https:\/\/lepetitparc.ca\/stephanie\/wp-json\/wp\/v2\/pages\/27\/page\/9\/\"><span class=\"elementor-screen-only\">Page<\/span>9<\/a>\n<a class=\"page-numbers\" href=\"https:\/\/lepetitparc.ca\/stephanie\/wp-json\/wp\/v2\/pages\/27\/page\/10\/\"><span class=\"elementor-screen-only\">Page<\/span>10<\/a>\n<a class=\"page-numbers\" href=\"https:\/\/lepetitparc.ca\/stephanie\/wp-json\/wp\/v2\/pages\/27\/page\/11\/\"><span class=\"elementor-screen-only\">Page<\/span>11<\/a>\n<a class=\"page-numbers next\" href=\"https:\/\/lepetitparc.ca\/stephanie\/wp-json\/wp\/v2\/pages\/27\/page\/2\/\">Suivante &raquo;<\/a>\t\t<\/nav>\n\t\t\t\t\t\t<\/div>\n\t\t\t\t<\/div>\n\t\t\t\t\t<\/div>\n\t\t<\/div>\n\t\t\t\t\t<\/div>\n\t\t<\/section>\n\t\t\t\t<\/div>\n\t\t","protected":false},"excerpt":{"rendered":"","protected":false},"author":6,"featured_media":0,"parent":0,"menu_order":0,"comment_status":"closed","ping_status":"closed","template":"elementor_theme","meta":{"_acf_changed":false,"_crdt_document":"","disable_featured_image":false,"footnotes":""},"genres":[],"class_list":["post-27","page","type-page","status-publish","hentry"],"acf":[],"_links":{"self":[{"href":"https:\/\/lepetitparc.ca\/stephanie\/wp-json\/wp\/v2\/pages\/27","targetHints":{"allow":["GET"]}}],"collection":[{"href":"https:\/\/lepetitparc.ca\/stephanie\/wp-json\/wp\/v2\/pages"}],"about":[{"href":"https:\/\/lepetitparc.ca\/stephanie\/wp-json\/wp\/v2\/types\/page"}],"author":[{"embeddable":true,"href":"https:\/\/lepetitparc.ca\/stephanie\/wp-json\/wp\/v2\/users\/6"}],"replies":[{"embeddable":true,"href":"https:\/\/lepetitparc.ca\/stephanie\/wp-json\/wp\/v2\/comments?post=27"}],"version-history":[{"count":13,"href":"https:\/\/lepetitparc.ca\/stephanie\/wp-json\/wp\/v2\/pages\/27\/revisions"}],"predecessor-version":[{"id":486,"href":"https:\/\/lepetitparc.ca\/stephanie\/wp-json\/wp\/v2\/pages\/27\/revisions\/486"}],"wp:attachment":[{"href":"https:\/\/lepetitparc.ca\/stephanie\/wp-json\/wp\/v2\/media?parent=27"}],"wp:term":[{"taxonomy":"genres","embeddable":true,"href":"https:\/\/lepetitparc.ca\/stephanie\/wp-json\/wp\/v2\/genres?post=27"}],"curies":[{"name":"wp","href":"https:\/\/api.w.org\/{rel}","templated":true}]}}