{"id":108,"date":"2022-11-18T11:10:04","date_gmt":"2022-11-18T16:10:04","guid":{"rendered":"https:\/\/lepetitparc.ca\/nadia\/?page_id=108"},"modified":"2022-12-04T10:00:05","modified_gmt":"2022-12-04T15:00:05","slug":"parcours-migratoire","status":"publish","type":"page","link":"https:\/\/lepetitparc.ca\/nadia\/parcours-migratoire\/","title":{"rendered":"PARCOURS MIGRATOIRES"},"content":{"rendered":"\n<p class=\"wp-block-paragraph\">Je suis tr\u00e8s touch\u00e9e par ces nombreuses histoires d&rsquo;immigrants pour qui j&rsquo;ai beaucoup de compassion et qui m&rsquo;ont inspir\u00e9 la petite histoire et illustrations que voici&#8230; <\/p>\n\n\n\n<p class=\"wp-block-paragraph\">Halim et Fatima \u00e9taient heureux<\/p>\n\n\n\n<figure class=\"wp-block-image size-full\"><img fetchpriority=\"high\" decoding=\"async\" width=\"719\" height=\"558\" src=\"https:\/\/lepetitparc.ca\/nadia\/wp-content\/uploads\/sites\/18\/2022\/11\/migr-1-1.png\" alt=\"\" class=\"wp-image-90\" srcset=\"https:\/\/lepetitparc.ca\/nadia\/wp-content\/uploads\/sites\/18\/2022\/11\/migr-1-1.png 719w, https:\/\/lepetitparc.ca\/nadia\/wp-content\/uploads\/sites\/18\/2022\/11\/migr-1-1-300x233.png 300w\" sizes=\"(max-width: 719px) 100vw, 719px\" \/><\/figure>\n\n\n\n<p class=\"wp-block-paragraph\">Ils avaient un bon travail<\/p>\n\n\n\n<figure class=\"wp-block-image size-full\"><img decoding=\"async\" width=\"578\" height=\"741\" data-src=\"https:\/\/lepetitparc.ca\/nadia\/wp-content\/uploads\/sites\/18\/2022\/11\/migr-2-1.png\" alt=\"\" class=\"wp-image-85 lazyload\" data-srcset=\"https:\/\/lepetitparc.ca\/nadia\/wp-content\/uploads\/sites\/18\/2022\/11\/migr-2-1.png 578w, https:\/\/lepetitparc.ca\/nadia\/wp-content\/uploads\/sites\/18\/2022\/11\/migr-2-1-234x300.png 234w\" data-sizes=\"(max-width: 578px) 100vw, 578px\" src=\"data:image\/svg+xml;base64,PHN2ZyB3aWR0aD0iMSIgaGVpZ2h0PSIxIiB4bWxucz0iaHR0cDovL3d3dy53My5vcmcvMjAwMC9zdmciPjwvc3ZnPg==\" style=\"--smush-placeholder-width: 578px; --smush-placeholder-aspect-ratio: 578\/741;\" \/><\/figure>\n\n\n\n<p class=\"wp-block-paragraph\">Ils d\u00e9cid\u00e8rent de s&rsquo;\u00e9tablir au Canada<\/p>\n\n\n\n<figure class=\"wp-block-image size-large is-resized\"><img decoding=\"async\" data-src=\"https:\/\/lepetitparc.ca\/nadia\/wp-content\/uploads\/sites\/18\/2022\/11\/migr-3-1-1024x738.png\" alt=\"\" class=\"wp-image-86 lazyload\" width=\"641\" height=\"461\" data-srcset=\"https:\/\/lepetitparc.ca\/nadia\/wp-content\/uploads\/sites\/18\/2022\/11\/migr-3-1-1024x738.png 1024w, https:\/\/lepetitparc.ca\/nadia\/wp-content\/uploads\/sites\/18\/2022\/11\/migr-3-1-300x216.png 300w, https:\/\/lepetitparc.ca\/nadia\/wp-content\/uploads\/sites\/18\/2022\/11\/migr-3-1-768x554.png 768w, https:\/\/lepetitparc.ca\/nadia\/wp-content\/uploads\/sites\/18\/2022\/11\/migr-3-1.png 1103w\" data-sizes=\"(max-width: 641px) 100vw, 641px\" src=\"data:image\/svg+xml;base64,PHN2ZyB3aWR0aD0iMSIgaGVpZ2h0PSIxIiB4bWxucz0iaHR0cDovL3d3dy53My5vcmcvMjAwMC9zdmciPjwvc3ZnPg==\" style=\"--smush-placeholder-width: 641px; --smush-placeholder-aspect-ratio: 641\/461;\" \/><\/figure>\n\n\n\n<p class=\"wp-block-paragraph\">Mais leurs dipl\u00f4mes n&rsquo;ont pas \u00e9t\u00e9 reconnus<\/p>\n\n\n\n<figure class=\"wp-block-image size-full\"><img decoding=\"async\" width=\"749\" height=\"585\" data-src=\"https:\/\/lepetitparc.ca\/nadia\/wp-content\/uploads\/sites\/18\/2022\/11\/migr-4.png\" alt=\"\" class=\"wp-image-87 lazyload\" data-srcset=\"https:\/\/lepetitparc.ca\/nadia\/wp-content\/uploads\/sites\/18\/2022\/11\/migr-4.png 749w, https:\/\/lepetitparc.ca\/nadia\/wp-content\/uploads\/sites\/18\/2022\/11\/migr-4-300x234.png 300w\" data-sizes=\"(max-width: 706px) 89vw, (max-width: 767px) 82vw, 740px\" src=\"data:image\/svg+xml;base64,PHN2ZyB3aWR0aD0iMSIgaGVpZ2h0PSIxIiB4bWxucz0iaHR0cDovL3d3dy53My5vcmcvMjAwMC9zdmciPjwvc3ZnPg==\" style=\"--smush-placeholder-width: 749px; --smush-placeholder-aspect-ratio: 749\/585;\" \/><\/figure>\n\n\n\n<p class=\"wp-block-paragraph\">S&rsquo;ils avaient su, seraient-ils venus?<\/p>\n\n\n\n<figure class=\"wp-block-image size-full\"><img decoding=\"async\" width=\"754\" height=\"581\" data-src=\"https:\/\/lepetitparc.ca\/nadia\/wp-content\/uploads\/sites\/18\/2022\/11\/migr-5.png\" alt=\"\" class=\"wp-image-89 lazyload\" data-srcset=\"https:\/\/lepetitparc.ca\/nadia\/wp-content\/uploads\/sites\/18\/2022\/11\/migr-5.png 754w, https:\/\/lepetitparc.ca\/nadia\/wp-content\/uploads\/sites\/18\/2022\/11\/migr-5-300x231.png 300w\" data-sizes=\"(max-width: 706px) 89vw, (max-width: 767px) 82vw, 740px\" src=\"data:image\/svg+xml;base64,PHN2ZyB3aWR0aD0iMSIgaGVpZ2h0PSIxIiB4bWxucz0iaHR0cDovL3d3dy53My5vcmcvMjAwMC9zdmciPjwvc3ZnPg==\" style=\"--smush-placeholder-width: 754px; --smush-placeholder-aspect-ratio: 754\/581;\" \/><\/figure>\n\n\n\n<p class=\"wp-block-paragraph\"><strong>SUITE INATTENDUE<\/strong><\/p>\n\n\n\n<p class=\"wp-block-paragraph\">Je ne pensais pas qu\u2019il y aurait une suite \u00e0 cette petite histoire illustr\u00e9e du parcours migratoire que je pensais compl\u00e8te. Pourtant non\u2026 Car j\u2019ai rencontr\u00e9 cette jeune femme chinoise\u2026 Appelons-la L\u00e9a pour pr\u00e9server son anonymat. Je sais\u2026 \u00c7a ne fait pas trop chinois comme nom, j\u2019en conviens, mais c\u2019est pas grave! Elle m\u2019a fait sourire d\u00e8s le d\u00e9but en ponctuant pratiquement toutes ses phrases de \u00ab&nbsp;oui Madame&nbsp;\u00bb ou de \u00ab&nbsp;merci Madame&nbsp;\u00bb. Depuis, je la taquine en disant \u00ab&nbsp;Madame&nbsp;\u00bb \u00e0 tout bout de champ, ce qui nous fait bien rire toutes les deux.<\/p>\n\n\n\n<p class=\"wp-block-paragraph\">Elle m\u2019intrigue depuis le premier jour que je l&rsquo;ai rencontr\u00e9e. Je connais bien peu de choses sur elle, mis \u00e0 part qu&rsquo;elle a fait la prison! Je pr\u00e9sume que c&rsquo;est en raison de ses opinions politiques, mais j&rsquo;en sais rien du tout. Ce n&rsquo;est qu&rsquo;une hypoth\u00e8se. Aussi, par une tr\u00e8s chaude journ\u00e9e d&rsquo;\u00e9t\u00e9, j&rsquo;ai pu voir que son corps \u00e9tait cribl\u00e9 de tatous. Plus tard, j&rsquo;ai su qu&rsquo;elle avait une s\u0153ur jumelle identique, et qu\u2019elle est son seul r\u00e9seau dans la r\u00e9gion. R\u00e9cemment, elle m&rsquo;a partag\u00e9 combien il \u00e9tait ardu et exigeant de \u00ab\u00a0devenir ind\u00e9pendante\u00a0\u00bb au Canada. J&rsquo;ai compris qu&rsquo;elle faisait allusion \u00e0 toute la paperasse \u00e0 remplir pour obtenir la r\u00e9sidence permanente. Elle a pr\u00e9cis\u00e9 avoir un statut de visiteur et qu\u2019elle travaille tout le temps. L&rsquo;autre jour, elle m&rsquo;a tout bonnement partag\u00e9 combien l&rsquo;hiver qu\u00e9b\u00e9cois \u00e9tait difficile comparativement \u00e0 chez-elle et qu&rsquo;\u00e0 bien y penser, le climat compte beaucoup pour la sant\u00e9 mentale&#8230; Je lui ai alors demand\u00e9 depuis combien de temps elle \u00e9tait ici au Qu\u00e9bec. Elle a r\u00e9pondu 3 ans. Enfin, elle a conclu, comme en r\u00eavassant ou en se parlant \u00e0 elle-m\u00eame, qu&rsquo;\u00e0 bien y penser, la privation de ses droits et libert\u00e9s en Chine n&rsquo;\u00e9tait peut-\u00eatre pas si pire au final, comparativement \u00e0 son int\u00e9gration \u00e0 la vie au Qu\u00e9bec. J\u2019\u00e9tais stup\u00e9faite d\u2019entendre une telle conclusion qui m&rsquo;a laiss\u00e9e perplexe. Je souhaite la conna\u00eetre davantage pour mieux la comprendre, mais c&rsquo;est pas facile d&rsquo;apprivoiser un \u00eatre humain&#8230; La suite? Peut-\u00eatre un jour&#8230;<\/p>\n\n\n\n<p class=\"wp-block-paragraph\"><\/p>\n","protected":false},"excerpt":{"rendered":"<p>Je suis tr\u00e8s touch\u00e9e par ces nombreuses histoires d&rsquo;immigrants pour qui j&rsquo;ai beaucoup de compassion et qui m&rsquo;ont inspir\u00e9 la petite histoire et illustrations que voici&#8230; Halim et Fatima \u00e9taient heureux Ils avaient un bon travail Ils d\u00e9cid\u00e8rent de s&rsquo;\u00e9tablir au Canada Mais leurs dipl\u00f4mes n&rsquo;ont pas \u00e9t\u00e9 reconnus S&rsquo;ils avaient su, seraient-ils venus? SUITE &hellip; <\/p>\n<p class=\"link-more\"><a href=\"https:\/\/lepetitparc.ca\/nadia\/parcours-migratoire\/\" class=\"more-link\">Continuer la lecture<span class=\"screen-reader-text\"> de &laquo; PARCOURS MIGRATOIRES &raquo;<\/span><\/a><\/p>\n","protected":false},"author":19,"featured_media":90,"parent":0,"menu_order":0,"comment_status":"open","ping_status":"closed","template":"","meta":{"_acf_changed":false,"_crdt_document":"","disable_featured_image":true,"footnotes":""},"genres":[],"class_list":["post-108","page","type-page","status-publish","has-post-thumbnail","hentry"],"acf":[],"_links":{"self":[{"href":"https:\/\/lepetitparc.ca\/nadia\/wp-json\/wp\/v2\/pages\/108","targetHints":{"allow":["GET"]}}],"collection":[{"href":"https:\/\/lepetitparc.ca\/nadia\/wp-json\/wp\/v2\/pages"}],"about":[{"href":"https:\/\/lepetitparc.ca\/nadia\/wp-json\/wp\/v2\/types\/page"}],"author":[{"embeddable":true,"href":"https:\/\/lepetitparc.ca\/nadia\/wp-json\/wp\/v2\/users\/19"}],"replies":[{"embeddable":true,"href":"https:\/\/lepetitparc.ca\/nadia\/wp-json\/wp\/v2\/comments?post=108"}],"version-history":[{"count":7,"href":"https:\/\/lepetitparc.ca\/nadia\/wp-json\/wp\/v2\/pages\/108\/revisions"}],"predecessor-version":[{"id":219,"href":"https:\/\/lepetitparc.ca\/nadia\/wp-json\/wp\/v2\/pages\/108\/revisions\/219"}],"wp:featuredmedia":[{"embeddable":true,"href":"https:\/\/lepetitparc.ca\/nadia\/wp-json\/wp\/v2\/media\/90"}],"wp:attachment":[{"href":"https:\/\/lepetitparc.ca\/nadia\/wp-json\/wp\/v2\/media?parent=108"}],"wp:term":[{"taxonomy":"genres","embeddable":true,"href":"https:\/\/lepetitparc.ca\/nadia\/wp-json\/wp\/v2\/genres?post=108"}],"curies":[{"name":"wp","href":"https:\/\/api.w.org\/{rel}","templated":true}]}}