{"id":886,"date":"2020-03-17T10:59:54","date_gmt":"2020-03-17T14:59:54","guid":{"rendered":"http:\/\/lienhandicap.mobi\/?page_id=886"},"modified":"2020-03-17T10:59:54","modified_gmt":"2020-03-17T14:59:54","slug":"clin-doeil-du-moment","status":"publish","type":"page","link":"https:\/\/lepetitparc.ca\/melissa\/clin-doeil-du-moment\/","title":{"rendered":"clin d&rsquo;oeil du moment"},"content":{"rendered":"<p>C\u2019est fou, la violence de nos id\u00e9es et des peurs qui nous assaillent et nous mitraillent. Sans r\u00e9pit!<br \/>\nQui nous entra\u00eenent dans un tourbillon, et nous paralysent ou nous g\u00e8lent.<br \/>\nJ\u2019ai juste envie de leur balancer le bel Hymne \u00e0 l\u2019amour, de la grande Diane Dufresne\u00a0:<br \/>\n\u00ab\u00a0Ne tuons pas la beaut\u00e9 du monde !\u00a0\u2026\u00bb<\/p>\n<p>lire la suite ici: https:\/\/lienhandicap.mobi\/2015\/04\/08\/attente-de-diagnostic-ou-les-pires-scenarios-de-fin-du-monde\/<\/p>\n<p>****<\/p>\n<p>questions de soci\u00e9t\u00e9: \u00abMAIS\u2026Trouvons-nous normal qu\u2019\u00e0 la mi-quarantaine, une citoyenne \u00e0 roulettes atteinte de SP doive d\u00e9bourser chaque quinzaine de sa poche une centaine de dollars pour rester \u00e0 la maison, pour r\u00e9mun\u00e9rer dignement les aidants, les membres de son \u00e9quipe de soins gr\u00e2ce auxquels elle peut continuer \u00e0 vivre chez elle?.\u00bb Extrait de mon nouvel article. pour lire, c&rsquo;est par ici::\u00a0<a href=\"https:\/\/wordpress.com\/post\/lienhandicap.mobi\/921?fbclid=IwAR2lKXCyyXvWZ-tfVaPAh7e5dZGUjVnyzSzxt4meXLB-V0ruewclKoKzI1Y\" target=\"_blank\" rel=\"noopener nofollow\">https:\/\/wordpress.com\/post\/lienhandicap.mobi\/921<\/a><\/p>\n<p>&nbsp;<\/p>\n<p>&nbsp;<\/p>\n","protected":false},"excerpt":{"rendered":"<p>C\u2019est fou, la violence de nos id\u00e9es et des peurs qui nous assaillent et nous mitraillent. Sans r\u00e9pit! Qui nous entra\u00eenent dans un tourbillon, et nous paralysent ou nous g\u00e8lent. J\u2019ai juste envie de leur balancer le bel Hymne \u00e0 l\u2019amour, de la grande Diane Dufresne\u00a0: \u00ab\u00a0Ne tuons pas la beaut\u00e9 du monde !\u00a0\u2026\u00bb lire [&hellip;]<\/p>\n","protected":false},"author":30,"featured_media":0,"parent":0,"menu_order":0,"comment_status":"closed","ping_status":"closed","template":"","meta":{"_acf_changed":false,"_crdt_document":"","disable_featured_image":false,"footnotes":""},"genres":[],"class_list":["post-886","page","type-page","status-publish","hentry","post-preview"],"acf":[],"_links":{"self":[{"href":"https:\/\/lepetitparc.ca\/melissa\/wp-json\/wp\/v2\/pages\/886","targetHints":{"allow":["GET"]}}],"collection":[{"href":"https:\/\/lepetitparc.ca\/melissa\/wp-json\/wp\/v2\/pages"}],"about":[{"href":"https:\/\/lepetitparc.ca\/melissa\/wp-json\/wp\/v2\/types\/page"}],"author":[{"embeddable":true,"href":"https:\/\/lepetitparc.ca\/melissa\/wp-json\/wp\/v2\/users\/30"}],"replies":[{"embeddable":true,"href":"https:\/\/lepetitparc.ca\/melissa\/wp-json\/wp\/v2\/comments?post=886"}],"version-history":[{"count":0,"href":"https:\/\/lepetitparc.ca\/melissa\/wp-json\/wp\/v2\/pages\/886\/revisions"}],"wp:attachment":[{"href":"https:\/\/lepetitparc.ca\/melissa\/wp-json\/wp\/v2\/media?parent=886"}],"wp:term":[{"taxonomy":"genres","embeddable":true,"href":"https:\/\/lepetitparc.ca\/melissa\/wp-json\/wp\/v2\/genres?post=886"}],"curies":[{"name":"wp","href":"https:\/\/api.w.org\/{rel}","templated":true}]}}