{"id":847,"date":"2020-01-07T10:37:02","date_gmt":"2020-01-07T15:37:02","guid":{"rendered":"http:\/\/lienhandicap.mobi\/?page_id=847"},"modified":"2024-06-19T09:41:12","modified_gmt":"2024-06-19T13:41:12","slug":"le-corps-dans-tous-ses-ebats","status":"publish","type":"page","link":"https:\/\/lepetitparc.ca\/melissa\/le-corps-dans-tous-ses-ebats\/","title":{"rendered":"Le corps dans tous ses \u00e9bats"},"content":{"rendered":"<div>\n<div id=\"attachment_836\" style=\"width: 484px\" class=\"wp-caption aligncenter\"><img fetchpriority=\"high\" decoding=\"async\" aria-describedby=\"caption-attachment-836\" class=\"alignnone size-full wp-image-836 aligncenter\" src=\"https:\/\/lepetitparc.ca\/melissa\/wp-content\/uploads\/sites\/35\/2019\/12\/img_0165.jpg\" alt=\"IMG_0165\" width=\"474\" height=\"605\" srcset=\"https:\/\/lepetitparc.ca\/melissa\/wp-content\/uploads\/sites\/35\/2019\/12\/img_0165.jpg 474w, https:\/\/lepetitparc.ca\/melissa\/wp-content\/uploads\/sites\/35\/2019\/12\/img_0165-235x300.jpg 235w\" sizes=\"(max-width: 474px) 100vw, 474px\" \/><p id=\"caption-attachment-836\" class=\"wp-caption-text\">Le cheval bleu de Chagall<\/p><\/div>\n<\/div>\n<div><\/div>\n<div>L\u2019amour \u00e0 roulettes: fiction ou r\u00e9alit\u00e9? Horreur ou aventure extr\u00eame ou r\u00e9alit\u00e9 qui enrichit le quotidien?<\/div>\n<div><\/div>\n<div>Voici quelques extraits de t\u00e9moignages pour d\u00e9boulonner les tabous trop tenaces sur l\u2019amour v\u00e9cu sur des roulettes:<\/div>\n<div><\/div>\n<div>Lire la suite ici: <a href=\"http:\/\/HTTPS:\/\/le petit parc.ca\/M\u00e9lissa\/2019\/12\/17\/le-corps-dans-tous-ses-ebats-linaccessible-etoile\" data-wplink-url-error=\"true\">https:\/\/le petit parc.ca\/melissa\/2019\/12\/17\/le-corps-dans-tous-ses-ebats-linaccessible-etoile\/<\/a><\/div>\n<div><\/div>\n<div>\n<\/div>\n<div><\/div>\n<div style=\"text-align: center\">*******<\/div>\n<div><\/div>\n<div><strong style=\"color: var(--color-text)\">\u00abLa seule chose que je touche dans ma vie, c\u2019est euh, c\u2019est la manette de mon fauteuil \u00e9lectrique. Voil\u00e0.<\/strong><strong> Voil\u00e0 ce que je touche. Je ne sais pas ce qu&rsquo;est le toucher. Je ne sais pas ce que c\u2019est que toucher l\u2019\u00eatre humain.\u00a0\u00bb -&lsquo;Patricia, com\u00e9dienne 38 ans, atteinte d\u2019une maladie invalidante. Paris.\u00a0<\/strong><\/div>\n<div><\/div>\n<div>La suite ici: <a href=\"http:\/\/HTTPS:\/\/le petit parc.ca\/melissa\/2018\/01\/09\/je-veux-toucher-du-doigt-la-peau-de-ton-tambour\/\" data-wplink-url-error=\"true\">https<\/a><a href=\"http:\/\/HTTPS:\/\/le petit parc.ca\/melissa\/2018\/01\/09\/je-veux-toucher-du-doigt-la-peau-de-ton-tambour\/\" data-wplink-url-error=\"true\">:\/\/le petit parc.ca\/melissa\/2018\/01\/09\/je-veux-toucher-du-doigt-la-peau-de-ton-tambour\/<\/a><\/div>\n<div><\/div>\n<div><\/div>\n<div><\/div>\n<div style=\"text-align: center\">********<\/div>\n","protected":false},"excerpt":{"rendered":"<p>L\u2019amour \u00e0 roulettes: fiction ou r\u00e9alit\u00e9? Horreur ou aventure extr\u00eame ou r\u00e9alit\u00e9 qui enrichit le quotidien? Voici quelques extraits de t\u00e9moignages pour d\u00e9boulonner les tabous trop tenaces sur l\u2019amour v\u00e9cu sur des roulettes: Lire la suite ici: https:\/\/le petit parc.ca\/melissa\/2019\/12\/17\/le-corps-dans-tous-ses-ebats-linaccessible-etoile\/ ******* \u00abLa seule chose que je touche dans ma vie, c\u2019est euh, c\u2019est la manette [&hellip;]<\/p>\n","protected":false},"author":30,"featured_media":0,"parent":0,"menu_order":0,"comment_status":"closed","ping_status":"closed","template":"","meta":{"_acf_changed":false,"_crdt_document":"","disable_featured_image":false,"footnotes":""},"genres":[],"class_list":["post-847","page","type-page","status-publish","hentry","post-preview"],"acf":[],"_links":{"self":[{"href":"https:\/\/lepetitparc.ca\/melissa\/wp-json\/wp\/v2\/pages\/847","targetHints":{"allow":["GET"]}}],"collection":[{"href":"https:\/\/lepetitparc.ca\/melissa\/wp-json\/wp\/v2\/pages"}],"about":[{"href":"https:\/\/lepetitparc.ca\/melissa\/wp-json\/wp\/v2\/types\/page"}],"author":[{"embeddable":true,"href":"https:\/\/lepetitparc.ca\/melissa\/wp-json\/wp\/v2\/users\/30"}],"replies":[{"embeddable":true,"href":"https:\/\/lepetitparc.ca\/melissa\/wp-json\/wp\/v2\/comments?post=847"}],"version-history":[{"count":2,"href":"https:\/\/lepetitparc.ca\/melissa\/wp-json\/wp\/v2\/pages\/847\/revisions"}],"predecessor-version":[{"id":1027,"href":"https:\/\/lepetitparc.ca\/melissa\/wp-json\/wp\/v2\/pages\/847\/revisions\/1027"}],"wp:attachment":[{"href":"https:\/\/lepetitparc.ca\/melissa\/wp-json\/wp\/v2\/media?parent=847"}],"wp:term":[{"taxonomy":"genres","embeddable":true,"href":"https:\/\/lepetitparc.ca\/melissa\/wp-json\/wp\/v2\/genres?post=847"}],"curies":[{"name":"wp","href":"https:\/\/api.w.org\/{rel}","templated":true}]}}