{"id":843,"date":"2020-01-02T11:08:50","date_gmt":"2020-01-02T16:08:50","guid":{"rendered":"http:\/\/lienhandicap.mobi\/?page_id=843"},"modified":"2020-01-02T11:08:50","modified_gmt":"2020-01-02T16:08:50","slug":"le-corps-dans-tous-ses-etats","status":"publish","type":"page","link":"https:\/\/lepetitparc.ca\/melissa\/le-corps-dans-tous-ses-etats\/","title":{"rendered":"le corps dans tous ses \u00e9tats"},"content":{"rendered":"<div id=\"attachment_829\" style=\"width: 409px\" class=\"wp-caption aligncenter\"><img fetchpriority=\"high\" decoding=\"async\" aria-describedby=\"caption-attachment-829\" class=\" size-full wp-image-829 aligncenter\" src=\"https:\/\/lepetitparc.ca\/melissa\/wp-content\/uploads\/sites\/35\/2019\/12\/2805152877_1.jpg\" alt=\"2805152877_1\" width=\"399\" height=\"533\" srcset=\"https:\/\/lepetitparc.ca\/melissa\/wp-content\/uploads\/sites\/35\/2019\/12\/2805152877_1.jpg 399w, https:\/\/lepetitparc.ca\/melissa\/wp-content\/uploads\/sites\/35\/2019\/12\/2805152877_1-225x300.jpg 225w\" sizes=\"(max-width: 399px) 100vw, 399px\" \/><p id=\"caption-attachment-829\" class=\"wp-caption-text\">de Fr\u00e9d\u00e9rique Lemarchand<\/p><\/div>\n<p>Puis, lentement j\u2019ai eu l\u2019\u00e9lan de sortir le drapeau blanc.\u00a0 Besoin de faire la paix. Voir et vivre mon corps comme un alli\u00e9, une partie sacr\u00e9e de mon \u00eatre, quelles que soient sa condition, sa taille, son v\u00e9cu.<\/p>\n<p>Lire la suite ici: https:\/\/lienhandicap.mobi\/2019\/12\/10\/le-corps-dans-tous-ses-etats-2-avec-maladie-et-handicap-corps-necessairement-fardeau-ou-quel-rapport-au-corps\/<\/p>\n<p style=\"text-align:center\">********<\/p>\n<p>Cherchant comment expliquer mon retard, ou mon absence\u2026 et m\u2019en excuser,<br \/>\nLes mots qui se bousculaient en moi et voulaient couler,<br \/>\nSe sont mis \u00e0 danser<br \/>\nSur LE th\u00e8me trop commun quand on a la SP : la fatigue, cette dame effront\u00e9e !<\/p>\n<p>Lire la suite ici: https:\/\/lienhandicap.mobi\/2016\/10\/19\/dame-fatigue-ou-fatiguante-pour-les-intimes\/<\/p>\n","protected":false},"excerpt":{"rendered":"<p>Puis, lentement j\u2019ai eu l\u2019\u00e9lan de sortir le drapeau blanc.\u00a0 Besoin de faire la paix. Voir et vivre mon corps comme un alli\u00e9, une partie sacr\u00e9e de mon \u00eatre, quelles que soient sa condition, sa taille, son v\u00e9cu. Lire la suite ici: https:\/\/lienhandicap.mobi\/2019\/12\/10\/le-corps-dans-tous-ses-etats-2-avec-maladie-et-handicap-corps-necessairement-fardeau-ou-quel-rapport-au-corps\/ ******** Cherchant comment expliquer mon retard, ou mon absence\u2026 et m\u2019en excuser, [&hellip;]<\/p>\n","protected":false},"author":30,"featured_media":0,"parent":0,"menu_order":0,"comment_status":"closed","ping_status":"closed","template":"","meta":{"_acf_changed":false,"_crdt_document":"","disable_featured_image":false,"footnotes":""},"genres":[],"class_list":["post-843","page","type-page","status-publish","hentry","post-preview"],"acf":[],"_links":{"self":[{"href":"https:\/\/lepetitparc.ca\/melissa\/wp-json\/wp\/v2\/pages\/843","targetHints":{"allow":["GET"]}}],"collection":[{"href":"https:\/\/lepetitparc.ca\/melissa\/wp-json\/wp\/v2\/pages"}],"about":[{"href":"https:\/\/lepetitparc.ca\/melissa\/wp-json\/wp\/v2\/types\/page"}],"author":[{"embeddable":true,"href":"https:\/\/lepetitparc.ca\/melissa\/wp-json\/wp\/v2\/users\/30"}],"replies":[{"embeddable":true,"href":"https:\/\/lepetitparc.ca\/melissa\/wp-json\/wp\/v2\/comments?post=843"}],"version-history":[{"count":0,"href":"https:\/\/lepetitparc.ca\/melissa\/wp-json\/wp\/v2\/pages\/843\/revisions"}],"wp:attachment":[{"href":"https:\/\/lepetitparc.ca\/melissa\/wp-json\/wp\/v2\/media?parent=843"}],"wp:term":[{"taxonomy":"genres","embeddable":true,"href":"https:\/\/lepetitparc.ca\/melissa\/wp-json\/wp\/v2\/genres?post=843"}],"curies":[{"name":"wp","href":"https:\/\/api.w.org\/{rel}","templated":true}]}}