{"id":802,"date":"2014-08-26T01:54:26","date_gmt":"2014-08-26T01:54:26","guid":{"rendered":"http:\/\/lienhandicap.wordpress.com\/?page_id=1"},"modified":"2014-08-26T01:54:26","modified_gmt":"2014-08-26T01:54:26","slug":"a-propos","status":"publish","type":"page","link":"https:\/\/lepetitparc.ca\/melissa\/a-propos\/","title":{"rendered":"\u00c0 propos"},"content":{"rendered":"<p>Apr\u00e8s plusieurs lunes en gestation, o\u00f9 les mots me chatouillent, se bousculent, ont soif de s\u2019acoquiner et de couler, tel une belle rivi\u00e8re sauvage, voil\u00e0 qu\u2019en ce premier jour de pleine lune de l\u2019ann\u00e9e, j\u2019ose laisser couler le flot et vous pr\u00e9senter mon tout nouveau blog\u00a0: Les hauts et les bas de la vie \u00e0 roulette\u00a0: Parcours d\u2019une \u00e9clop\u00e9e ayant la SP.<\/p>\n<p>Aliment\u00e9 \u00e0 d\u00e9bit et flot plut\u00f4t ralenti, ce blog n\u2019en perdra aucunement de sa vivacit\u00e9. Y seront abord\u00e9s des th\u00e8mes qui m\u2019habitent, m\u2019allument ou me pr\u00e9occupent, comme personne vivant avec un handicap au quotidien.<\/p>\n<p>Avec le souhait que ce blog, que le lit de cette rivi\u00e8re devienne peut-\u00eatre un espace qui offre un regard neuf sur le handicap pour faciliter la compr\u00e9hension, faire tomber les pr\u00e9jug\u00e9s, permettre que puissent s\u2019exprimer des v\u00e9cus, se tisser des liens, des solidarit\u00e9s, des amiti\u00e9s. Et aussi, peut-\u00eatre trouver des pistes de solution, ou encore que puissent \u00eatre sem\u00e9s les germes de projets, un coup de roue \u00e0 la fois.<\/p>\n<p>Il est plus que probable que ma faible \u00e9nergie ne me permette de stimuler ou de m\u00eame simplement participer \u00e0 des discussions. En fait, r\u00e9alisant ce faisant mon souhait premier qui est \u00a0surtout de partager une r\u00e9alit\u00e9 pour faciliter la compr\u00e9hension, et le cas \u00e9ch\u00e9ant, si on le sent, port\u00e9s par le vent, mener \u00e0 des actions.<\/p>\n","protected":false},"excerpt":{"rendered":"<p>Apr\u00e8s plusieurs lunes en gestation, o\u00f9 les mots me chatouillent, se bousculent, ont soif de s\u2019acoquiner et de couler, tel une belle rivi\u00e8re sauvage, voil\u00e0 qu\u2019en ce premier jour de pleine lune de l\u2019ann\u00e9e, j\u2019ose laisser couler le flot et vous pr\u00e9senter mon tout nouveau blog\u00a0: Les hauts et les bas de la vie \u00e0 [&hellip;]<\/p>\n","protected":false},"author":30,"featured_media":0,"parent":0,"menu_order":0,"comment_status":"open","ping_status":"open","template":"","meta":{"_acf_changed":false,"_crdt_document":"","disable_featured_image":false,"footnotes":""},"genres":[],"class_list":["post-802","page","type-page","status-publish","hentry","post-preview"],"acf":[],"_links":{"self":[{"href":"https:\/\/lepetitparc.ca\/melissa\/wp-json\/wp\/v2\/pages\/802","targetHints":{"allow":["GET"]}}],"collection":[{"href":"https:\/\/lepetitparc.ca\/melissa\/wp-json\/wp\/v2\/pages"}],"about":[{"href":"https:\/\/lepetitparc.ca\/melissa\/wp-json\/wp\/v2\/types\/page"}],"author":[{"embeddable":true,"href":"https:\/\/lepetitparc.ca\/melissa\/wp-json\/wp\/v2\/users\/30"}],"replies":[{"embeddable":true,"href":"https:\/\/lepetitparc.ca\/melissa\/wp-json\/wp\/v2\/comments?post=802"}],"version-history":[{"count":0,"href":"https:\/\/lepetitparc.ca\/melissa\/wp-json\/wp\/v2\/pages\/802\/revisions"}],"wp:attachment":[{"href":"https:\/\/lepetitparc.ca\/melissa\/wp-json\/wp\/v2\/media?parent=802"}],"wp:term":[{"taxonomy":"genres","embeddable":true,"href":"https:\/\/lepetitparc.ca\/melissa\/wp-json\/wp\/v2\/genres?post=802"}],"curies":[{"name":"wp","href":"https:\/\/api.w.org\/{rel}","templated":true}]}}