{"id":1000,"date":"2024-01-12T20:17:40","date_gmt":"2024-01-13T01:17:40","guid":{"rendered":"https:\/\/lepetitparc.ca\/melissa\/?page_id=1000"},"modified":"2024-01-18T00:20:52","modified_gmt":"2024-01-18T05:20:52","slug":"oser-la-joie","status":"publish","type":"page","link":"https:\/\/lepetitparc.ca\/melissa\/oser-la-joie\/","title":{"rendered":"Oser la joie"},"content":{"rendered":"\n<figure class=\"wp-block-image alignwide size-full\"><img fetchpriority=\"high\" decoding=\"async\" width=\"960\" height=\"640\" src=\"https:\/\/lepetitparc.ca\/melissa\/wp-content\/uploads\/sites\/35\/2024\/01\/CreditFrancoisRoy.jpg\" alt=\"\" class=\"wp-image-1001\" srcset=\"https:\/\/lepetitparc.ca\/melissa\/wp-content\/uploads\/sites\/35\/2024\/01\/CreditFrancoisRoy.jpg 960w, https:\/\/lepetitparc.ca\/melissa\/wp-content\/uploads\/sites\/35\/2024\/01\/CreditFrancoisRoy-300x200.jpg 300w, https:\/\/lepetitparc.ca\/melissa\/wp-content\/uploads\/sites\/35\/2024\/01\/CreditFrancoisRoy-768x512.jpg 768w, https:\/\/lepetitparc.ca\/melissa\/wp-content\/uploads\/sites\/35\/2024\/01\/CreditFrancoisRoy-676x451.jpg 676w\" sizes=\"(max-width: 960px) 100vw, 960px\" \/><figcaption class=\"wp-element-caption\">Cr\u00e9dit photo : Fran\u00e7ois Roy<\/figcaption><\/figure>\n\n\n\n<p class=\"wp-block-paragraph\"><em>Je vous pr\u00e9sente en ce d\u00e9but d\u2019ann\u00e9e ma nouvelle page :<\/em><\/p>\n\n\n\n<h2 class=\"wp-block-heading has-text-align-center\">Oser aimer, oser la joie, oser croire, \u00e0 travers souffrances et d\u00e9fis du handicap et de la maladie!<\/h2>\n\n\n\n<p class=\"wp-block-paragraph\"><br>Pour dire oui \u00e0 l\u2019amour et \u00e0 la vie au-del\u00e0 et m\u00eame \u00e0 travers les souffrances, un deuil \u00e0 la fois. \u00c0 travers ce parcours de scl\u00e9ros\u00e9e bien handicap\u00e9e qui apprend tellement \u00e0 travers la maladie et qui veut encore apprendre, et continuer \u00e0 oser aimer et dire oui \u00e0 la vie chaque jour,<\/p>\n\n\n\n<p class=\"wp-block-paragraph\">J\u2019y partagerai mes essentiels, inspirations quotidiennes coup de c\u0153ur pour le courage et la joie d\u2019oser la Vie, l\u2019Amour et le don \u00e0 travers handicap et maladie<\/p>\n\n\n\n<hr class=\"wp-block-separator has-alpha-channel-opacity\" \/>\n\n\n\n<p class=\"wp-block-paragraph\"><em>Mon inspiration du jour: <\/em><\/p>\n\n\n\n<p class=\"wp-block-paragraph\">\u00ab C\u2019est la perception qui est la cause de la souffrance : nous souffrons de l\u2019interpr\u00e9tation, de l\u2019\u00e9valuation des choses, jamais des choses elles-m\u00eames. Toute souffrance morale est notre incapacit\u00e9 d\u2019exp\u00e9rimenter les choses comme elles sont, comme elles viennent \u00e0 nous. \u00bb<br>\u2014Baker Roshi<\/p>\n\n\n\n<hr class=\"wp-block-separator has-alpha-channel-opacity\" \/>\n","protected":false},"excerpt":{"rendered":"<p>Je vous pr\u00e9sente en ce d\u00e9but d\u2019ann\u00e9e ma nouvelle page : Oser aimer, oser la joie, oser croire, \u00e0 travers souffrances et d\u00e9fis du handicap et de la maladie! Pour dire oui \u00e0 l\u2019amour et \u00e0 la vie au-del\u00e0 et m\u00eame \u00e0 travers les souffrances, un deuil \u00e0 la fois. \u00c0 travers ce parcours de [&hellip;]<\/p>\n","protected":false},"author":3,"featured_media":0,"parent":0,"menu_order":0,"comment_status":"closed","ping_status":"closed","template":"","meta":{"_acf_changed":false,"_crdt_document":"","disable_featured_image":false,"footnotes":""},"genres":[],"class_list":["post-1000","page","type-page","status-publish","hentry","post-preview"],"acf":[],"_links":{"self":[{"href":"https:\/\/lepetitparc.ca\/melissa\/wp-json\/wp\/v2\/pages\/1000","targetHints":{"allow":["GET"]}}],"collection":[{"href":"https:\/\/lepetitparc.ca\/melissa\/wp-json\/wp\/v2\/pages"}],"about":[{"href":"https:\/\/lepetitparc.ca\/melissa\/wp-json\/wp\/v2\/types\/page"}],"author":[{"embeddable":true,"href":"https:\/\/lepetitparc.ca\/melissa\/wp-json\/wp\/v2\/users\/3"}],"replies":[{"embeddable":true,"href":"https:\/\/lepetitparc.ca\/melissa\/wp-json\/wp\/v2\/comments?post=1000"}],"version-history":[{"count":3,"href":"https:\/\/lepetitparc.ca\/melissa\/wp-json\/wp\/v2\/pages\/1000\/revisions"}],"predecessor-version":[{"id":1009,"href":"https:\/\/lepetitparc.ca\/melissa\/wp-json\/wp\/v2\/pages\/1000\/revisions\/1009"}],"wp:attachment":[{"href":"https:\/\/lepetitparc.ca\/melissa\/wp-json\/wp\/v2\/media?parent=1000"}],"wp:term":[{"taxonomy":"genres","embeddable":true,"href":"https:\/\/lepetitparc.ca\/melissa\/wp-json\/wp\/v2\/genres?post=1000"}],"curies":[{"name":"wp","href":"https:\/\/api.w.org\/{rel}","templated":true}]}}