{"id":20,"date":"2022-11-18T10:08:18","date_gmt":"2022-11-18T15:08:18","guid":{"rendered":"https:\/\/lepetitparc.ca\/mathieu\/?page_id=20"},"modified":"2022-11-18T16:24:27","modified_gmt":"2022-11-18T21:24:27","slug":"page-daccueil-alternative","status":"publish","type":"page","link":"https:\/\/lepetitparc.ca\/mathieu\/page-daccueil-alternative\/","title":{"rendered":"Page d\u2019accueil alternative"},"content":{"rendered":"\n<figure class=\"wp-block-image size-large is-resized\"><img fetchpriority=\"high\" decoding=\"async\" src=\"https:\/\/lepetitparc.ca\/mathieu\/wp-content\/uploads\/sites\/30\/2022\/11\/PIA15985-1200-1024x683.jpg\" alt=\"\" class=\"wp-image-21\" width=\"1169\" height=\"780\" srcset=\"https:\/\/lepetitparc.ca\/mathieu\/wp-content\/uploads\/sites\/30\/2022\/11\/PIA15985-1200-1024x683.jpg 1024w, https:\/\/lepetitparc.ca\/mathieu\/wp-content\/uploads\/sites\/30\/2022\/11\/PIA15985-1200-300x200.jpg 300w, https:\/\/lepetitparc.ca\/mathieu\/wp-content\/uploads\/sites\/30\/2022\/11\/PIA15985-1200-768x512.jpg 768w, https:\/\/lepetitparc.ca\/mathieu\/wp-content\/uploads\/sites\/30\/2022\/11\/PIA15985-1200-930x620.jpg 930w, https:\/\/lepetitparc.ca\/mathieu\/wp-content\/uploads\/sites\/30\/2022\/11\/PIA15985-1200.jpg 1200w\" sizes=\"(max-width: 1169px) 100vw, 1169px\" \/><\/figure>\n\n\n\n<p class=\"has-nv-site-bg-background-color has-background has-medium-font-size wp-block-paragraph\">Post haec Gallus Hierapolim profecturus ut expeditioni specie tenus adesset, Antiochensi plebi suppliciter obsecranti ut inediae dispelleret metum, quae per multas difficilisque causas adfore iam sperabatur, non ut mos est principibus, quorum diffusa potestas localibus subinde medetur aerumnis, disponi quicquam statuit vel ex provinciis alimenta transferri conterminis, sed consularem Syriae Theophilum prope adstantem ultima metuenti multitudini dedit id adsidue replicando quod invito rectore nullus egere poterit victu.<\/p>\n\n\n<ul class=\"wp-block-latest-posts__list wp-block-latest-posts has-medium-font-size\"><li><div class=\"wp-block-latest-posts__featured-image\"><a href=\"https:\/\/lepetitparc.ca\/mathieu\/2026\/04\/12\/le-choeur-nomade-chanter-en-langues\/\" aria-label=\"Le Ch\u0153ur nomade &#8211; Chanter \u00ab en langues\u00bb\"><img decoding=\"async\" width=\"300\" height=\"178\" data-src=\"https:\/\/lepetitparc.ca\/mathieu\/wp-content\/uploads\/sites\/30\/2026\/04\/PParc-Nuage-Langues1-e1776102857900-300x178.jpg\" class=\"attachment-medium size-medium wp-post-image lazyload\" alt=\"\" data-srcset=\"https:\/\/lepetitparc.ca\/mathieu\/wp-content\/uploads\/sites\/30\/2026\/04\/PParc-Nuage-Langues1-e1776102857900-300x178.jpg 300w, https:\/\/lepetitparc.ca\/mathieu\/wp-content\/uploads\/sites\/30\/2026\/04\/PParc-Nuage-Langues1-e1776102857900-768x455.jpg 768w, https:\/\/lepetitparc.ca\/mathieu\/wp-content\/uploads\/sites\/30\/2026\/04\/PParc-Nuage-Langues1-e1776102857900.jpg 820w\" data-sizes=\"(max-width: 300px) 100vw, 300px\" src=\"data:image\/svg+xml;base64,PHN2ZyB3aWR0aD0iMSIgaGVpZ2h0PSIxIiB4bWxucz0iaHR0cDovL3d3dy53My5vcmcvMjAwMC9zdmciPjwvc3ZnPg==\" style=\"--smush-placeholder-width: 300px; --smush-placeholder-aspect-ratio: 300\/178;\" \/><\/a><\/div><a class=\"wp-block-latest-posts__post-title\" href=\"https:\/\/lepetitparc.ca\/mathieu\/2026\/04\/12\/le-choeur-nomade-chanter-en-langues\/\">Le Ch\u0153ur nomade &#8211; Chanter \u00ab en langues\u00bb<\/a><div class=\"wp-block-latest-posts__post-excerpt\">Je fais partie du Ch\u0153ur Nomade depuis 10 ans, et j&rsquo;explore ici la vingtaine de langues qui ont \u00e9maill\u00e9 nos chants depuis la fondation du choeur.<\/div><\/li>\n<li><div class=\"wp-block-latest-posts__featured-image\"><a href=\"https:\/\/lepetitparc.ca\/mathieu\/2026\/03\/08\/le-choeur-nomade-voix-et-images\/\" aria-label=\"Le Ch\u0153ur Nomade &#8211; Voix et images\"><img decoding=\"async\" width=\"300\" height=\"169\" data-src=\"https:\/\/lepetitparc.ca\/mathieu\/wp-content\/uploads\/sites\/30\/2026\/03\/ChoeurNomade_Dave-300x169.webp\" class=\"attachment-medium size-medium wp-post-image lazyload\" alt=\"\" data-srcset=\"https:\/\/lepetitparc.ca\/mathieu\/wp-content\/uploads\/sites\/30\/2026\/03\/ChoeurNomade_Dave-300x169.webp 300w, https:\/\/lepetitparc.ca\/mathieu\/wp-content\/uploads\/sites\/30\/2026\/03\/ChoeurNomade_Dave-1024x576.webp 1024w, https:\/\/lepetitparc.ca\/mathieu\/wp-content\/uploads\/sites\/30\/2026\/03\/ChoeurNomade_Dave-768x432.webp 768w, https:\/\/lepetitparc.ca\/mathieu\/wp-content\/uploads\/sites\/30\/2026\/03\/ChoeurNomade_Dave-1536x864.webp 1536w, https:\/\/lepetitparc.ca\/mathieu\/wp-content\/uploads\/sites\/30\/2026\/03\/ChoeurNomade_Dave.webp 1928w\" data-sizes=\"(max-width: 300px) 100vw, 300px\" src=\"data:image\/svg+xml;base64,PHN2ZyB3aWR0aD0iMSIgaGVpZ2h0PSIxIiB4bWxucz0iaHR0cDovL3d3dy53My5vcmcvMjAwMC9zdmciPjwvc3ZnPg==\" style=\"--smush-placeholder-width: 300px; --smush-placeholder-aspect-ratio: 300\/169;\" \/><\/a><\/div><a class=\"wp-block-latest-posts__post-title\" href=\"https:\/\/lepetitparc.ca\/mathieu\/2026\/03\/08\/le-choeur-nomade-voix-et-images\/\">Le Ch\u0153ur Nomade &#8211; Voix et images<\/a><div class=\"wp-block-latest-posts__post-excerpt\">Je me suis joint il y a une dizaine d\u2019ann\u00e9es au Ch\u0153ur Nomade, une chorale amateure mixte qui regroupe des chanteurs de Gatineau et de sa grande r\u00e9gion, et qui chante en g\u00e9n\u00e9ral A capella (rarement avec un accompagnement musical.) Nous nous produisons en concert quelques fois par ann\u00e9e dans des \u00e9glises et des r\u00e9sidences\u2026 <a class=\"wp-block-latest-posts__read-more\" href=\"https:\/\/lepetitparc.ca\/mathieu\/2026\/03\/08\/le-choeur-nomade-voix-et-images\/\" rel=\"noopener noreferrer\">Lire la suite\u00a0:<span class=\"screen-reader-text\"> Le Ch\u0153ur Nomade &#8211; Voix et images<\/span><\/a><\/div><\/li>\n<li><div class=\"wp-block-latest-posts__featured-image\"><a href=\"https:\/\/lepetitparc.ca\/mathieu\/2026\/01\/11\/des-fetes-en-algerie\/\" aria-label=\"Des f\u00eates en Alg\u00e9rie\"><img decoding=\"async\" width=\"300\" height=\"295\" data-src=\"https:\/\/lepetitparc.ca\/mathieu\/wp-content\/uploads\/sites\/30\/2026\/01\/Alger-1870_NouvelAn-300x295.jpg\" class=\"attachment-medium size-medium wp-post-image lazyload\" alt=\"\" data-srcset=\"https:\/\/lepetitparc.ca\/mathieu\/wp-content\/uploads\/sites\/30\/2026\/01\/Alger-1870_NouvelAn-300x295.jpg 300w, https:\/\/lepetitparc.ca\/mathieu\/wp-content\/uploads\/sites\/30\/2026\/01\/Alger-1870_NouvelAn.jpg 528w\" data-sizes=\"(max-width: 300px) 100vw, 300px\" src=\"data:image\/svg+xml;base64,PHN2ZyB3aWR0aD0iMSIgaGVpZ2h0PSIxIiB4bWxucz0iaHR0cDovL3d3dy53My5vcmcvMjAwMC9zdmciPjwvc3ZnPg==\" style=\"--smush-placeholder-width: 300px; --smush-placeholder-aspect-ratio: 300\/295;\" \/><\/a><\/div><a class=\"wp-block-latest-posts__post-title\" href=\"https:\/\/lepetitparc.ca\/mathieu\/2026\/01\/11\/des-fetes-en-algerie\/\">Des f\u00eates en Alg\u00e9rie<\/a><div class=\"wp-block-latest-posts__post-excerpt\">O\u00f9 je me rem\u00e9more quelques f\u00eates que j&rsquo;ai v\u00e9cues en Alg\u00e9rie pendant les ann\u00e9es 1978 \u00e0 1980<\/div><\/li>\n<li><div class=\"wp-block-latest-posts__featured-image\"><a href=\"https:\/\/lepetitparc.ca\/mathieu\/2025\/12\/23\/un-noel-au-sahara\/\" aria-label=\"Un No\u00ebl au Sahara\"><img decoding=\"async\" width=\"226\" height=\"300\" data-src=\"https:\/\/lepetitparc.ca\/mathieu\/wp-content\/uploads\/sites\/30\/2025\/12\/Dattier_dans_les_dunes_de_sable-1-226x300.png\" class=\"attachment-medium size-medium wp-post-image lazyload\" alt=\"\" data-srcset=\"https:\/\/lepetitparc.ca\/mathieu\/wp-content\/uploads\/sites\/30\/2025\/12\/Dattier_dans_les_dunes_de_sable-1-226x300.png 226w, https:\/\/lepetitparc.ca\/mathieu\/wp-content\/uploads\/sites\/30\/2025\/12\/Dattier_dans_les_dunes_de_sable-1-772x1024.png 772w, https:\/\/lepetitparc.ca\/mathieu\/wp-content\/uploads\/sites\/30\/2025\/12\/Dattier_dans_les_dunes_de_sable-1-768x1019.png 768w, https:\/\/lepetitparc.ca\/mathieu\/wp-content\/uploads\/sites\/30\/2025\/12\/Dattier_dans_les_dunes_de_sable-1.png 880w\" data-sizes=\"(max-width: 226px) 100vw, 226px\" src=\"data:image\/svg+xml;base64,PHN2ZyB3aWR0aD0iMSIgaGVpZ2h0PSIxIiB4bWxucz0iaHR0cDovL3d3dy53My5vcmcvMjAwMC9zdmciPjwvc3ZnPg==\" style=\"--smush-placeholder-width: 226px; --smush-placeholder-aspect-ratio: 226\/300;\" \/><\/a><\/div><a class=\"wp-block-latest-posts__post-title\" href=\"https:\/\/lepetitparc.ca\/mathieu\/2025\/12\/23\/un-noel-au-sahara\/\">Un No\u00ebl au Sahara<\/a><div class=\"wp-block-latest-posts__post-excerpt\">C\u2019\u00e9tait \u00e0 la fin des ann\u00e9es 1970 dans l\u2019oasis d\u2019El Oued dans l\u2019est de l\u2019Alg\u00e9rie, et ce fut la \u00a0journ\u00e9e de No\u00ebl la plus bizarre, voire surr\u00e9aliste, de ma vie.<\/div><\/li>\n<li><div class=\"wp-block-latest-posts__featured-image\"><a href=\"https:\/\/lepetitparc.ca\/mathieu\/2025\/10\/07\/synchronicites\/\" aria-label=\"Synchronicit\u00e9s ?\"><img decoding=\"async\" width=\"225\" height=\"300\" data-src=\"https:\/\/lepetitparc.ca\/mathieu\/wp-content\/uploads\/sites\/30\/2025\/10\/MATSU-Kurama-1-1-scaled-e1759888853114-225x300.jpg\" class=\"attachment-medium size-medium wp-post-image lazyload\" alt=\"\" data-srcset=\"https:\/\/lepetitparc.ca\/mathieu\/wp-content\/uploads\/sites\/30\/2025\/10\/MATSU-Kurama-1-1-scaled-e1759888853114-225x300.jpg 225w, https:\/\/lepetitparc.ca\/mathieu\/wp-content\/uploads\/sites\/30\/2025\/10\/MATSU-Kurama-1-1-scaled-e1759888853114-768x1024.jpg 768w, https:\/\/lepetitparc.ca\/mathieu\/wp-content\/uploads\/sites\/30\/2025\/10\/MATSU-Kurama-1-1-scaled-e1759888853114-1152x1536.jpg 1152w, https:\/\/lepetitparc.ca\/mathieu\/wp-content\/uploads\/sites\/30\/2025\/10\/MATSU-Kurama-1-1-scaled-e1759888853114-1536x2048.jpg 1536w, https:\/\/lepetitparc.ca\/mathieu\/wp-content\/uploads\/sites\/30\/2025\/10\/MATSU-Kurama-1-1-scaled-e1759888853114.jpg 1920w\" data-sizes=\"(max-width: 225px) 100vw, 225px\" src=\"data:image\/svg+xml;base64,PHN2ZyB3aWR0aD0iMSIgaGVpZ2h0PSIxIiB4bWxucz0iaHR0cDovL3d3dy53My5vcmcvMjAwMC9zdmciPjwvc3ZnPg==\" style=\"--smush-placeholder-width: 225px; --smush-placeholder-aspect-ratio: 225\/300;\" \/><\/a><\/div><a class=\"wp-block-latest-posts__post-title\" href=\"https:\/\/lepetitparc.ca\/mathieu\/2025\/10\/07\/synchronicites\/\">Synchronicit\u00e9s ?<\/a><div class=\"wp-block-latest-posts__post-excerpt\">Mon amie Louise Dallaire et moi aimons relever et m\u00eame \u00ab collectionner\u00bb les exemples de co\u00efncidences curieuses qui nous arrivent ou que l\u2019on observe dans notre entourage et qui nous semblent justement prendre un certain sens, parfois cach\u00e9. Sans trop fouiller la th\u00e9orie de Carl Jung, nous nous plaisons \u00e0 les traiter de synchronicit\u00e9s. JE\u2026 <a class=\"wp-block-latest-posts__read-more\" href=\"https:\/\/lepetitparc.ca\/mathieu\/2025\/10\/07\/synchronicites\/\" rel=\"noopener noreferrer\">Lire la suite\u00a0:<span class=\"screen-reader-text\"> Synchronicit\u00e9s ?<\/span><\/a><\/div><\/li>\n<\/ul>","protected":false},"excerpt":{"rendered":"<p>Post haec Gallus Hierapolim profecturus ut expeditioni specie tenus adesset, Antiochensi plebi suppliciter obsecranti ut inediae dispelleret metum, quae per multas difficilisque causas adfore iam sperabatur, non ut mos est principibus, quorum diffusa potestas localibus subinde medetur aerumnis, disponi quicquam statuit vel ex provinciis alimenta transferri conterminis, sed consularem Syriae Theophilum prope adstantem ultima metuenti [&hellip;]<\/p>\n","protected":false},"author":1,"featured_media":0,"parent":0,"menu_order":0,"comment_status":"closed","ping_status":"closed","template":"elementor_theme","meta":{"_acf_changed":false,"_crdt_document":"","site-sidebar-layout":"default","site-content-layout":"","ast-site-content-layout":"default","site-content-style":"default","site-sidebar-style":"default","ast-global-header-display":"","ast-banner-title-visibility":"","ast-main-header-display":"","ast-hfb-above-header-display":"","ast-hfb-below-header-display":"","ast-hfb-mobile-header-display":"","site-post-title":"","ast-breadcrumbs-content":"","ast-featured-img":"","footer-sml-layout":"","ast-disable-related-posts":"","theme-transparent-header-meta":"","adv-header-id-meta":"","stick-header-meta":"","header-above-stick-meta":"","header-main-stick-meta":"","header-below-stick-meta":"","astra-migrate-meta-layouts":"default","ast-page-background-enabled":"default","ast-page-background-meta":{"desktop":{"background-color":"var(--ast-global-color-4)","background-image":"","background-repeat":"repeat","background-position":"center center","background-size":"auto","background-attachment":"scroll","background-type":"","background-media":"","overlay-type":"","overlay-color":"","overlay-opacity":"","overlay-gradient":""},"tablet":{"background-color":"","background-image":"","background-repeat":"repeat","background-position":"center center","background-size":"auto","background-attachment":"scroll","background-type":"","background-media":"","overlay-type":"","overlay-color":"","overlay-opacity":"","overlay-gradient":""},"mobile":{"background-color":"","background-image":"","background-repeat":"repeat","background-position":"center center","background-size":"auto","background-attachment":"scroll","background-type":"","background-media":"","overlay-type":"","overlay-color":"","overlay-opacity":"","overlay-gradient":""}},"ast-content-background-meta":{"desktop":{"background-color":"var(--ast-global-color-5)","background-image":"","background-repeat":"repeat","background-position":"center center","background-size":"auto","background-attachment":"scroll","background-type":"","background-media":"","overlay-type":"","overlay-color":"","overlay-opacity":"","overlay-gradient":""},"tablet":{"background-color":"var(--ast-global-color-5)","background-image":"","background-repeat":"repeat","background-position":"center center","background-size":"auto","background-attachment":"scroll","background-type":"","background-media":"","overlay-type":"","overlay-color":"","overlay-opacity":"","overlay-gradient":""},"mobile":{"background-color":"var(--ast-global-color-5)","background-image":"","background-repeat":"repeat","background-position":"center center","background-size":"auto","background-attachment":"scroll","background-type":"","background-media":"","overlay-type":"","overlay-color":"","overlay-opacity":"","overlay-gradient":""}},"footnotes":""},"genres":[],"class_list":["post-20","page","type-page","status-publish","hentry"],"acf":[],"_links":{"self":[{"href":"https:\/\/lepetitparc.ca\/mathieu\/wp-json\/wp\/v2\/pages\/20","targetHints":{"allow":["GET"]}}],"collection":[{"href":"https:\/\/lepetitparc.ca\/mathieu\/wp-json\/wp\/v2\/pages"}],"about":[{"href":"https:\/\/lepetitparc.ca\/mathieu\/wp-json\/wp\/v2\/types\/page"}],"author":[{"embeddable":true,"href":"https:\/\/lepetitparc.ca\/mathieu\/wp-json\/wp\/v2\/users\/1"}],"replies":[{"embeddable":true,"href":"https:\/\/lepetitparc.ca\/mathieu\/wp-json\/wp\/v2\/comments?post=20"}],"version-history":[{"count":7,"href":"https:\/\/lepetitparc.ca\/mathieu\/wp-json\/wp\/v2\/pages\/20\/revisions"}],"predecessor-version":[{"id":66,"href":"https:\/\/lepetitparc.ca\/mathieu\/wp-json\/wp\/v2\/pages\/20\/revisions\/66"}],"wp:attachment":[{"href":"https:\/\/lepetitparc.ca\/mathieu\/wp-json\/wp\/v2\/media?parent=20"}],"wp:term":[{"taxonomy":"genres","embeddable":true,"href":"https:\/\/lepetitparc.ca\/mathieu\/wp-json\/wp\/v2\/genres?post=20"}],"curies":[{"name":"wp","href":"https:\/\/api.w.org\/{rel}","templated":true}]}}