{"id":10,"date":"2021-10-23T02:08:06","date_gmt":"2021-10-23T02:08:06","guid":{"rendered":"http:\/\/lepetitparc.ca\/manu\/?page_id=10"},"modified":"2022-01-28T02:04:33","modified_gmt":"2022-01-28T07:04:33","slug":"autour-de-chez-nous","status":"publish","type":"page","link":"https:\/\/lepetitparc.ca\/manu\/autour-de-chez-nous\/","title":{"rendered":"Autour de chez nous"},"content":{"rendered":"\n<p class=\"has-primary-color has-text-color has-large-font-size wp-block-paragraph\">Confinement oblige, \u00e0 force de tourner autour de chez-nous, je red\u00e9couvre ce qui avait fini par tomber dans l\u2019oubli, ayant en temps normal le regard plut\u00f4t tourn\u00e9 vers ailleurs! Je me suis dit que je pourrais vous partager les pr\u00e9sences que je rencontre au cours de ma marche quotidienne en solitaire.<\/p>\n\n\n\n<figure class=\"wp-block-image\"><img fetchpriority=\"high\" decoding=\"async\" width=\"800\" height=\"800\" src=\"https:\/\/lepetitparc.ca\/manu\/wp-content\/uploads\/sites\/3\/2021\/10\/genevrier.jpg\" alt=\"\" class=\"wp-image-11\" srcset=\"https:\/\/lepetitparc.ca\/manu\/wp-content\/uploads\/sites\/3\/2021\/10\/genevrier.jpg 800w, https:\/\/lepetitparc.ca\/manu\/wp-content\/uploads\/sites\/3\/2021\/10\/genevrier-300x300.jpg 300w, https:\/\/lepetitparc.ca\/manu\/wp-content\/uploads\/sites\/3\/2021\/10\/genevrier-150x150.jpg 150w, https:\/\/lepetitparc.ca\/manu\/wp-content\/uploads\/sites\/3\/2021\/10\/genevrier-768x768.jpg 768w\" sizes=\"(max-width: 800px) 100vw, 800px\" \/><figcaption>Bouquet de gen\u00e9vrier dans le champs<\/figcaption><\/figure>\n\n\n\n<p class=\"wp-block-paragraph\"><\/p>\n\n\n\n<p class=\"wp-block-paragraph\">Aujourd\u2019hui, je vous pr\u00e9sente \u00ab&nbsp;il-a-donc-bien-grandi-en-si-peu-de-temps&nbsp;\u00bb, un bouquet de gen\u00e9vrier qui s\u2019est plant\u00e9 l\u00e0 en plein champs.<\/p>\n\n\n\n<hr class=\"wp-block-separator\" \/>\n\n\n\n<figure class=\"wp-block-image size-full\"><img decoding=\"async\" width=\"800\" height=\"800\" data-src=\"https:\/\/lepetitparc.ca\/manu\/wp-content\/uploads\/sites\/3\/2021\/10\/chauffe-dehors.jpg\" alt=\"Chauffe-dehors\" class=\"wp-image-15 lazyload\" data-srcset=\"https:\/\/lepetitparc.ca\/manu\/wp-content\/uploads\/sites\/3\/2021\/10\/chauffe-dehors.jpg 800w, https:\/\/lepetitparc.ca\/manu\/wp-content\/uploads\/sites\/3\/2021\/10\/chauffe-dehors-300x300.jpg 300w, https:\/\/lepetitparc.ca\/manu\/wp-content\/uploads\/sites\/3\/2021\/10\/chauffe-dehors-150x150.jpg 150w, https:\/\/lepetitparc.ca\/manu\/wp-content\/uploads\/sites\/3\/2021\/10\/chauffe-dehors-768x768.jpg 768w\" data-sizes=\"(max-width: 800px) 100vw, 800px\" src=\"data:image\/svg+xml;base64,PHN2ZyB3aWR0aD0iMSIgaGVpZ2h0PSIxIiB4bWxucz0iaHR0cDovL3d3dy53My5vcmcvMjAwMC9zdmciPjwvc3ZnPg==\" style=\"--smush-placeholder-width: 800px; --smush-placeholder-aspect-ratio: 800\/800;\" \/><figcaption>Le \u00ab\u00a0chauffe-dehors\u00a0\u00bb<\/figcaption><\/figure>\n\n\n\n<p class=\"has-text-align-center wp-block-paragraph\">Je vous pr\u00e9sente le \u00ab&nbsp;chauffe-dehors&nbsp;\u00bb!<\/p>\n\n\n\n<p class=\"wp-block-paragraph\">En ces temps de froidure qui perdure, de printemps qui s\u2019attarde (le paysage \u00e9tait couvert de neige ici ce matin), le chauffe-dehors entretient une flamme solidaire pour toutes celles et ceux qui ont \u00ab&nbsp;frette au c\u0153ur&nbsp;\u00bb, en manque de chaleur humaine\u2026<\/p>\n\n\n\n<hr class=\"wp-block-separator\" \/>\n\n\n\n<figure class=\"wp-block-image size-large\"><img decoding=\"async\" width=\"1024\" height=\"1024\" data-src=\"https:\/\/lepetitparc.ca\/manu\/wp-content\/uploads\/sites\/3\/2021\/10\/remise-ouverte-1024x1024.jpg\" alt=\"Image d'une remise \u00e0 l'abandon\" class=\"wp-image-16 lazyload\" data-srcset=\"https:\/\/lepetitparc.ca\/manu\/wp-content\/uploads\/sites\/3\/2021\/10\/remise-ouverte-1024x1024.jpg 1024w, https:\/\/lepetitparc.ca\/manu\/wp-content\/uploads\/sites\/3\/2021\/10\/remise-ouverte-300x300.jpg 300w, https:\/\/lepetitparc.ca\/manu\/wp-content\/uploads\/sites\/3\/2021\/10\/remise-ouverte-150x150.jpg 150w, https:\/\/lepetitparc.ca\/manu\/wp-content\/uploads\/sites\/3\/2021\/10\/remise-ouverte-768x768.jpg 768w, https:\/\/lepetitparc.ca\/manu\/wp-content\/uploads\/sites\/3\/2021\/10\/remise-ouverte-1536x1536.jpg 1536w, https:\/\/lepetitparc.ca\/manu\/wp-content\/uploads\/sites\/3\/2021\/10\/remise-ouverte-1568x1568.jpg 1568w, https:\/\/lepetitparc.ca\/manu\/wp-content\/uploads\/sites\/3\/2021\/10\/remise-ouverte.jpg 1611w\" data-sizes=\"(max-width: 1024px) 100vw, 1024px\" src=\"data:image\/svg+xml;base64,PHN2ZyB3aWR0aD0iMSIgaGVpZ2h0PSIxIiB4bWxucz0iaHR0cDovL3d3dy53My5vcmcvMjAwMC9zdmciPjwvc3ZnPg==\" style=\"--smush-placeholder-width: 1024px; --smush-placeholder-aspect-ratio: 1024\/1024;\" \/><figcaption>le \u00ab&nbsp;cabanon-ouvert-\u00e0-tous-vents&nbsp;\u00bb<\/figcaption><\/figure>\n\n\n\n<p class=\"has-text-align-center wp-block-paragraph\">Je vous pr\u00e9sente le \u00ab&nbsp;cabanon-ouvert-\u00e0-tous-vents&nbsp;\u00bb!<\/p>\n\n\n\n<p class=\"wp-block-paragraph\">Depuis que cette remise a \u00e9t\u00e9 abandonn\u00e9e, mise au rancart, elle a enfin trouv\u00e9 sa pleine fonction, elle h\u00e9berge les migrants de passage&nbsp;: vers de terre, limaces, araign\u00e9es, papillons, abeilles, mulots des champs, \u00e9cureuils, hirondelles et autres petits animaux sauvages. C\u2019est amusant de constater que ce sont souvent les structures les plus fragiles et ab\u00eem\u00e9es qui se font naturellement accueil du sans-logis!<\/p>\n\n\n\n<hr class=\"wp-block-separator\" \/>\n\n\n\n<figure class=\"wp-block-image size-full\"><img decoding=\"async\" width=\"1000\" height=\"1000\" data-src=\"https:\/\/lepetitparc.ca\/manu\/wp-content\/uploads\/sites\/3\/2021\/10\/ruisseau-du-printemps-3.jpg\" alt=\"Petit ruisseau \u00e0 la fonte des neiges\" class=\"wp-image-17 lazyload\" data-srcset=\"https:\/\/lepetitparc.ca\/manu\/wp-content\/uploads\/sites\/3\/2021\/10\/ruisseau-du-printemps-3.jpg 1000w, https:\/\/lepetitparc.ca\/manu\/wp-content\/uploads\/sites\/3\/2021\/10\/ruisseau-du-printemps-3-300x300.jpg 300w, https:\/\/lepetitparc.ca\/manu\/wp-content\/uploads\/sites\/3\/2021\/10\/ruisseau-du-printemps-3-150x150.jpg 150w, https:\/\/lepetitparc.ca\/manu\/wp-content\/uploads\/sites\/3\/2021\/10\/ruisseau-du-printemps-3-768x768.jpg 768w\" data-sizes=\"(max-width: 1000px) 100vw, 1000px\" src=\"data:image\/svg+xml;base64,PHN2ZyB3aWR0aD0iMSIgaGVpZ2h0PSIxIiB4bWxucz0iaHR0cDovL3d3dy53My5vcmcvMjAwMC9zdmciPjwvc3ZnPg==\" style=\"--smush-placeholder-width: 1000px; --smush-placeholder-aspect-ratio: 1000\/1000;\" \/><figcaption>Le \u00ab&nbsp;petit-ruisseau-du-printemps&nbsp;\u00bb<\/figcaption><\/figure>\n\n\n\n<p class=\"has-text-align-center wp-block-paragraph\">Je vous pr\u00e9sente le \u00ab&nbsp;petit-ruisseau-du-printemps&nbsp;\u00bb!<\/p>\n\n\n\n<p class=\"wp-block-paragraph\">Puisse ce ruisseau printanier rafra\u00eechir l\u2019ensemble de tout ce qui a besoin, dans nos vies, de retrouver un peu de simplicit\u00e9!<\/p>\n\n\n\n<hr class=\"wp-block-separator\" \/>\n\n\n\n<figure class=\"wp-block-image size-large\"><img decoding=\"async\" width=\"1024\" height=\"1024\" data-src=\"https:\/\/lepetitparc.ca\/manu\/wp-content\/uploads\/sites\/3\/2021\/10\/chaise-passant-1024x1024.jpg\" alt=\"Une chaise dans un champs\" class=\"wp-image-18 lazyload\" data-srcset=\"https:\/\/lepetitparc.ca\/manu\/wp-content\/uploads\/sites\/3\/2021\/10\/chaise-passant-1024x1024.jpg 1024w, https:\/\/lepetitparc.ca\/manu\/wp-content\/uploads\/sites\/3\/2021\/10\/chaise-passant-300x300.jpg 300w, https:\/\/lepetitparc.ca\/manu\/wp-content\/uploads\/sites\/3\/2021\/10\/chaise-passant-150x150.jpg 150w, https:\/\/lepetitparc.ca\/manu\/wp-content\/uploads\/sites\/3\/2021\/10\/chaise-passant-768x768.jpg 768w, https:\/\/lepetitparc.ca\/manu\/wp-content\/uploads\/sites\/3\/2021\/10\/chaise-passant-1536x1536.jpg 1536w, https:\/\/lepetitparc.ca\/manu\/wp-content\/uploads\/sites\/3\/2021\/10\/chaise-passant-1568x1568.jpg 1568w, https:\/\/lepetitparc.ca\/manu\/wp-content\/uploads\/sites\/3\/2021\/10\/chaise-passant.jpg 1611w\" data-sizes=\"(max-width: 1024px) 100vw, 1024px\" src=\"data:image\/svg+xml;base64,PHN2ZyB3aWR0aD0iMSIgaGVpZ2h0PSIxIiB4bWxucz0iaHR0cDovL3d3dy53My5vcmcvMjAwMC9zdmciPjwvc3ZnPg==\" style=\"--smush-placeholder-width: 1024px; --smush-placeholder-aspect-ratio: 1024\/1024;\" \/><figcaption>\u00ab&nbsp;Le-repos-du-passant&nbsp;\u00bb<\/figcaption><\/figure>\n\n\n\n<p class=\"wp-block-paragraph\">Un jour quelqu\u2019un est venu d\u00e9poser une chaise l\u00e0-haut, sur la colline. C\u2019est \u00ab&nbsp;le-repos-du-passant&nbsp;\u00bb. Elle ne paie pas de mine mais ses quatre pattes sont solidement ancr\u00e9es dans la terre.<br><br>Si d\u2019aventure, entre tes va et vient, tu passes par l\u00e0, ne manque pas de t\u2019asseoir, cette chaise t\u2019attend depuis bien des ann\u00e9es. Respire et contemple paisiblement le vaste paysage de l\u2019existence\u2026<\/p>\n\n\n\n<p class=\"wp-block-paragraph\"><\/p>\n\n\n\n<hr class=\"wp-block-separator\" \/>\n","protected":false},"excerpt":{"rendered":"<p>Confinement oblige, \u00e0 force de tourner autour de chez-nous, je red\u00e9couvre ce qui avait fini par tomber dans l\u2019oubli, ayant en temps normal le regard plut\u00f4t tourn\u00e9 vers ailleurs! Je me suis dit que je pourrais vous partager les pr\u00e9sences que je rencontre au cours de ma marche quotidienne en solitaire. Aujourd\u2019hui, je vous pr\u00e9sente<a class=\"more-link\" href=\"https:\/\/lepetitparc.ca\/manu\/autour-de-chez-nous\/\">Continue reading <span class=\"screen-reader-text\">\u00ab\u00a0Autour de chez nous\u00a0\u00bb<\/span><\/a><\/p>\n","protected":false},"author":3,"featured_media":0,"parent":0,"menu_order":0,"comment_status":"open","ping_status":"closed","template":"","meta":{"_acf_changed":false,"_crdt_document":"","disable_featured_image":false,"footnotes":""},"genres":[],"class_list":["post-10","page","type-page","status-publish","hentry","entry"],"acf":[],"_links":{"self":[{"href":"https:\/\/lepetitparc.ca\/manu\/wp-json\/wp\/v2\/pages\/10","targetHints":{"allow":["GET"]}}],"collection":[{"href":"https:\/\/lepetitparc.ca\/manu\/wp-json\/wp\/v2\/pages"}],"about":[{"href":"https:\/\/lepetitparc.ca\/manu\/wp-json\/wp\/v2\/types\/page"}],"author":[{"embeddable":true,"href":"https:\/\/lepetitparc.ca\/manu\/wp-json\/wp\/v2\/users\/3"}],"replies":[{"embeddable":true,"href":"https:\/\/lepetitparc.ca\/manu\/wp-json\/wp\/v2\/comments?post=10"}],"version-history":[{"count":6,"href":"https:\/\/lepetitparc.ca\/manu\/wp-json\/wp\/v2\/pages\/10\/revisions"}],"predecessor-version":[{"id":117,"href":"https:\/\/lepetitparc.ca\/manu\/wp-json\/wp\/v2\/pages\/10\/revisions\/117"}],"wp:attachment":[{"href":"https:\/\/lepetitparc.ca\/manu\/wp-json\/wp\/v2\/media?parent=10"}],"wp:term":[{"taxonomy":"genres","embeddable":true,"href":"https:\/\/lepetitparc.ca\/manu\/wp-json\/wp\/v2\/genres?post=10"}],"curies":[{"name":"wp","href":"https:\/\/api.w.org\/{rel}","templated":true}]}}