{"id":72,"date":"2023-01-10T09:55:04","date_gmt":"2023-01-10T14:55:04","guid":{"rendered":"https:\/\/lepetitparc.ca\/lise\/?page_id=72"},"modified":"2023-01-10T09:55:04","modified_gmt":"2023-01-10T14:55:04","slug":"la-vie-la-vie","status":"publish","type":"page","link":"https:\/\/lepetitparc.ca\/lise\/la-vie-la-vie\/","title":{"rendered":"La vie, la vie"},"content":{"rendered":"\n<p class=\"wp-block-paragraph\">Vous trouverez ici de courts textes inspir\u00e9s du quotidien et de mon environnement. Observations et r\u00e9flexions s&rsquo;y imbriquent librement. Les d\u00e9clencheurs vari\u00e9s deviennent ainsi tremplins d&rsquo;exploration&#8230; ext\u00e9rieure et int\u00e9rieure. Pulsations de vie!<\/p>\n\n\n\n<p class=\"wp-block-paragraph\"><\/p>\n\n\n\n<figure class=\"wp-block-image size-large is-resized\"><img decoding=\"async\" data-src=\"https:\/\/lepetitparc.ca\/lise\/wp-content\/uploads\/sites\/23\/2023\/01\/Arc-en-ciel_Cuisine_434-ko-1024x768.jpg\" alt=\"\" class=\"wp-image-73 lazyload\" width=\"132\" height=\"99\" data-srcset=\"https:\/\/lepetitparc.ca\/lise\/wp-content\/uploads\/sites\/23\/2023\/01\/Arc-en-ciel_Cuisine_434-ko-1024x768.jpg 1024w, https:\/\/lepetitparc.ca\/lise\/wp-content\/uploads\/sites\/23\/2023\/01\/Arc-en-ciel_Cuisine_434-ko-300x225.jpg 300w, https:\/\/lepetitparc.ca\/lise\/wp-content\/uploads\/sites\/23\/2023\/01\/Arc-en-ciel_Cuisine_434-ko-768x576.jpg 768w, https:\/\/lepetitparc.ca\/lise\/wp-content\/uploads\/sites\/23\/2023\/01\/Arc-en-ciel_Cuisine_434-ko-1536x1152.jpg 1536w, https:\/\/lepetitparc.ca\/lise\/wp-content\/uploads\/sites\/23\/2023\/01\/Arc-en-ciel_Cuisine_434-ko.jpg 2016w\" data-sizes=\"(max-width: 132px) 100vw, 132px\" src=\"data:image\/svg+xml;base64,PHN2ZyB3aWR0aD0iMSIgaGVpZ2h0PSIxIiB4bWxucz0iaHR0cDovL3d3dy53My5vcmcvMjAwMC9zdmciPjwvc3ZnPg==\" style=\"--smush-placeholder-width: 132px; --smush-placeholder-aspect-ratio: 132\/99;\" \/><figcaption class=\"wp-element-caption\"><em>La lumi\u00e8re, partout la lumi\u00e8re!<\/em><\/figcaption><\/figure>\n","protected":false},"excerpt":{"rendered":"<p>Vous trouverez ici de courts textes inspir\u00e9s du quotidien et de mon environnement. Observations et r\u00e9flexions s&rsquo;y imbriquent librement. Les d\u00e9clencheurs vari\u00e9s deviennent ainsi tremplins d&rsquo;exploration&#8230; ext\u00e9rieure et int\u00e9rieure. Pulsations de vie!<\/p>\n","protected":false},"author":23,"featured_media":0,"parent":0,"menu_order":0,"comment_status":"closed","ping_status":"closed","template":"","meta":{"_acf_changed":false,"_crdt_document":"","site-sidebar-layout":"default","site-content-layout":"","ast-site-content-layout":"default","site-content-style":"default","site-sidebar-style":"default","ast-global-header-display":"","ast-banner-title-visibility":"","ast-main-header-display":"","ast-hfb-above-header-display":"","ast-hfb-below-header-display":"","ast-hfb-mobile-header-display":"","site-post-title":"","ast-breadcrumbs-content":"","ast-featured-img":"","footer-sml-layout":"","ast-disable-related-posts":"","theme-transparent-header-meta":"","adv-header-id-meta":"","stick-header-meta":"","header-above-stick-meta":"","header-main-stick-meta":"","header-below-stick-meta":"","astra-migrate-meta-layouts":"default","ast-page-background-enabled":"default","ast-page-background-meta":{"desktop":{"background-color":"var(--ast-global-color-4)","background-image":"","background-repeat":"repeat","background-position":"center center","background-size":"auto","background-attachment":"scroll","background-type":"","background-media":"","overlay-type":"","overlay-color":"","overlay-opacity":"","overlay-gradient":""},"tablet":{"background-color":"","background-image":"","background-repeat":"repeat","background-position":"center center","background-size":"auto","background-attachment":"scroll","background-type":"","background-media":"","overlay-type":"","overlay-color":"","overlay-opacity":"","overlay-gradient":""},"mobile":{"background-color":"","background-image":"","background-repeat":"repeat","background-position":"center center","background-size":"auto","background-attachment":"scroll","background-type":"","background-media":"","overlay-type":"","overlay-color":"","overlay-opacity":"","overlay-gradient":""}},"ast-content-background-meta":{"desktop":{"background-color":"var(--ast-global-color-5)","background-image":"","background-repeat":"repeat","background-position":"center center","background-size":"auto","background-attachment":"scroll","background-type":"","background-media":"","overlay-type":"","overlay-color":"","overlay-opacity":"","overlay-gradient":""},"tablet":{"background-color":"var(--ast-global-color-5)","background-image":"","background-repeat":"repeat","background-position":"center center","background-size":"auto","background-attachment":"scroll","background-type":"","background-media":"","overlay-type":"","overlay-color":"","overlay-opacity":"","overlay-gradient":""},"mobile":{"background-color":"var(--ast-global-color-5)","background-image":"","background-repeat":"repeat","background-position":"center center","background-size":"auto","background-attachment":"scroll","background-type":"","background-media":"","overlay-type":"","overlay-color":"","overlay-opacity":"","overlay-gradient":""}},"footnotes":""},"genres":[],"class_list":["post-72","page","type-page","status-publish","hentry"],"acf":[],"_links":{"self":[{"href":"https:\/\/lepetitparc.ca\/lise\/wp-json\/wp\/v2\/pages\/72","targetHints":{"allow":["GET"]}}],"collection":[{"href":"https:\/\/lepetitparc.ca\/lise\/wp-json\/wp\/v2\/pages"}],"about":[{"href":"https:\/\/lepetitparc.ca\/lise\/wp-json\/wp\/v2\/types\/page"}],"author":[{"embeddable":true,"href":"https:\/\/lepetitparc.ca\/lise\/wp-json\/wp\/v2\/users\/23"}],"replies":[{"embeddable":true,"href":"https:\/\/lepetitparc.ca\/lise\/wp-json\/wp\/v2\/comments?post=72"}],"version-history":[{"count":1,"href":"https:\/\/lepetitparc.ca\/lise\/wp-json\/wp\/v2\/pages\/72\/revisions"}],"predecessor-version":[{"id":74,"href":"https:\/\/lepetitparc.ca\/lise\/wp-json\/wp\/v2\/pages\/72\/revisions\/74"}],"wp:attachment":[{"href":"https:\/\/lepetitparc.ca\/lise\/wp-json\/wp\/v2\/media?parent=72"}],"wp:term":[{"taxonomy":"genres","embeddable":true,"href":"https:\/\/lepetitparc.ca\/lise\/wp-json\/wp\/v2\/genres?post=72"}],"curies":[{"name":"wp","href":"https:\/\/api.w.org\/{rel}","templated":true}]}}