{"id":488,"date":"2022-01-26T10:49:47","date_gmt":"2022-01-26T10:49:47","guid":{"rendered":"https:\/\/lepetitparc.ca\/jean-pierre\/?page_id=488"},"modified":"2026-04-02T18:51:54","modified_gmt":"2026-04-02T18:51:54","slug":"qui-suis-je","status":"publish","type":"page","link":"https:\/\/lepetitparc.ca\/jean-pierre\/qui-suis-je\/","title":{"rendered":"Qui suis-je ?"},"content":{"rendered":"\t\t<div data-elementor-type=\"wp-page\" data-elementor-id=\"488\" class=\"elementor elementor-488\" data-elementor-post-type=\"page\">\n\t\t\t\t\t\t<section class=\"elementor-section elementor-top-section elementor-element elementor-element-74a89d8 elementor-section-boxed elementor-section-height-default elementor-section-height-default\" data-id=\"74a89d8\" data-element_type=\"section\" data-e-type=\"section\">\n\t\t\t\t\t\t<div class=\"elementor-container elementor-column-gap-default\">\n\t\t\t\t\t<div class=\"elementor-column elementor-col-100 elementor-top-column elementor-element elementor-element-4bce970\" data-id=\"4bce970\" data-element_type=\"column\" data-e-type=\"column\">\n\t\t\t<div class=\"elementor-widget-wrap elementor-element-populated\">\n\t\t\t\t\t\t<div class=\"elementor-element elementor-element-44179a8 elementor-widget elementor-widget-heading\" data-id=\"44179a8\" data-element_type=\"widget\" data-e-type=\"widget\" data-widget_type=\"heading.default\">\n\t\t\t\t<div class=\"elementor-widget-container\">\n\t\t\t\t\t<h2 class=\"elementor-heading-title elementor-size-default\">Qui suis-je ?<\/h2>\t\t\t\t<\/div>\n\t\t\t\t<\/div>\n\t\t\t\t<div class=\"elementor-element elementor-element-f11f3b9 elementor-widget elementor-widget-text-editor\" data-id=\"f11f3b9\" data-element_type=\"widget\" data-e-type=\"widget\" data-widget_type=\"text-editor.default\">\n\t\t\t\t<div class=\"elementor-widget-container\">\n\t\t\t\t\t\t\t\t\t<p>Bof. Bonne question. Je vais y r\u00e9fl\u00e9chir.<\/p><p>Importante mise \u00e0 jour du 24 octobre 2023 :<br \/>Je suis toujours en r\u00e9flexion.<\/p><p>Mise \u00e0 jour du 2 avril 2026 :<br \/>Je termine ici ma r\u00e9flexion.<br \/>Tous ces efforts \u00e0 r\u00e9fl\u00e9chir \u00e0 qui je pense \u00eatre<br \/>m\u2019emp\u00eachent de vivre pleinement la vie de<br \/>celui que je suis sans avoir \u00e0 y penser.<\/p><p>\u00a0<\/p>\t\t\t\t\t\t\t\t<\/div>\n\t\t\t\t<\/div>\n\t\t\t\t\t<\/div>\n\t\t<\/div>\n\t\t\t\t\t<\/div>\n\t\t<\/section>\n\t\t\t\t<\/div>\n\t\t","protected":false},"excerpt":{"rendered":"<p>Qui suis-je ? Bof. Bonne question. Je vais y r\u00e9fl\u00e9chir. Importante mise \u00e0 jour du 24 octobre 2023 :Je suis toujours en r\u00e9flexion. Mise \u00e0 jour du 2 avril 2026 :Je termine ici ma r\u00e9flexion.Tous ces efforts \u00e0 r\u00e9fl\u00e9chir \u00e0 qui je pense \u00eatrem\u2019emp\u00eachent de vivre pleinement la vie decelui que je suis sans avoir [&hellip;]<\/p>\n","protected":false},"author":5,"featured_media":0,"parent":0,"menu_order":0,"comment_status":"closed","ping_status":"closed","template":"","meta":{"_acf_changed":false,"_crdt_document":"","disable_featured_image":false,"footnotes":""},"genres":[],"class_list":["post-488","page","type-page","status-publish","hentry"],"acf":[],"_links":{"self":[{"href":"https:\/\/lepetitparc.ca\/jean-pierre\/wp-json\/wp\/v2\/pages\/488","targetHints":{"allow":["GET"]}}],"collection":[{"href":"https:\/\/lepetitparc.ca\/jean-pierre\/wp-json\/wp\/v2\/pages"}],"about":[{"href":"https:\/\/lepetitparc.ca\/jean-pierre\/wp-json\/wp\/v2\/types\/page"}],"author":[{"embeddable":true,"href":"https:\/\/lepetitparc.ca\/jean-pierre\/wp-json\/wp\/v2\/users\/5"}],"replies":[{"embeddable":true,"href":"https:\/\/lepetitparc.ca\/jean-pierre\/wp-json\/wp\/v2\/comments?post=488"}],"version-history":[{"count":10,"href":"https:\/\/lepetitparc.ca\/jean-pierre\/wp-json\/wp\/v2\/pages\/488\/revisions"}],"predecessor-version":[{"id":3451,"href":"https:\/\/lepetitparc.ca\/jean-pierre\/wp-json\/wp\/v2\/pages\/488\/revisions\/3451"}],"wp:attachment":[{"href":"https:\/\/lepetitparc.ca\/jean-pierre\/wp-json\/wp\/v2\/media?parent=488"}],"wp:term":[{"taxonomy":"genres","embeddable":true,"href":"https:\/\/lepetitparc.ca\/jean-pierre\/wp-json\/wp\/v2\/genres?post=488"}],"curies":[{"name":"wp","href":"https:\/\/api.w.org\/{rel}","templated":true}]}}