{"id":514,"date":"2022-01-26T12:23:47","date_gmt":"2022-01-26T12:23:47","guid":{"rendered":"https:\/\/lepetitparc.ca\/jean-pierre-2\/?page_id=514"},"modified":"2025-12-10T01:23:28","modified_gmt":"2025-12-10T01:23:28","slug":"accueil-4","status":"publish","type":"page","link":"https:\/\/lepetitparc.ca\/jean-pierre-2\/","title":{"rendered":"Accueil 4"},"content":{"rendered":"\t\t<div data-elementor-type=\"wp-page\" data-elementor-id=\"514\" class=\"elementor elementor-514\" data-elementor-post-type=\"page\">\n\t\t\t\t\t\t<section class=\"elementor-section elementor-top-section elementor-element elementor-element-e09f544 elementor-section-boxed elementor-section-height-default elementor-section-height-default\" data-id=\"e09f544\" data-element_type=\"section\" data-e-type=\"section\">\n\t\t\t\t\t\t<div class=\"elementor-container elementor-column-gap-default\">\n\t\t\t\t\t<div class=\"elementor-column elementor-col-100 elementor-top-column elementor-element elementor-element-3d38c7e\" data-id=\"3d38c7e\" data-element_type=\"column\" data-e-type=\"column\">\n\t\t\t<div class=\"elementor-widget-wrap elementor-element-populated\">\n\t\t\t\t\t\t<div class=\"elementor-element elementor-element-afe8a3c elementor-widget elementor-widget-heading\" data-id=\"afe8a3c\" data-element_type=\"widget\" data-e-type=\"widget\" data-widget_type=\"heading.default\">\n\t\t\t\t<div class=\"elementor-widget-container\">\n\t\t\t\t\t<h2 class=\"elementor-heading-title elementor-size-default\">Le plus r\u00e9cent billet<\/h2>\t\t\t\t<\/div>\n\t\t\t\t<\/div>\n\t\t\t\t\t<\/div>\n\t\t<\/div>\n\t\t\t\t\t<\/div>\n\t\t<\/section>\n\t\t\t\t<section class=\"elementor-section elementor-top-section elementor-element elementor-element-49109dfb elementor-section-boxed elementor-section-height-default elementor-section-height-default\" data-id=\"49109dfb\" data-element_type=\"section\" data-e-type=\"section\">\n\t\t\t\t\t\t<div class=\"elementor-container elementor-column-gap-default\">\n\t\t\t\t\t<div class=\"elementor-column elementor-col-66 elementor-top-column elementor-element elementor-element-158b7043\" data-id=\"158b7043\" data-element_type=\"column\" data-e-type=\"column\">\n\t\t\t<div class=\"elementor-widget-wrap elementor-element-populated\">\n\t\t\t\t\t\t<div class=\"elementor-element elementor-element-9a43e7b elementor-grid-1 oter-lien elementor-grid-tablet-2 elementor-grid-mobile-1 elementor-posts--thumbnail-top elementor-widget elementor-widget-posts\" data-id=\"9a43e7b\" data-element_type=\"widget\" data-e-type=\"widget\" data-settings=\"{&quot;classic_columns&quot;:&quot;1&quot;,&quot;classic_columns_tablet&quot;:&quot;2&quot;,&quot;classic_columns_mobile&quot;:&quot;1&quot;,&quot;classic_row_gap&quot;:{&quot;unit&quot;:&quot;px&quot;,&quot;size&quot;:35,&quot;sizes&quot;:[]},&quot;classic_row_gap_tablet&quot;:{&quot;unit&quot;:&quot;px&quot;,&quot;size&quot;:&quot;&quot;,&quot;sizes&quot;:[]},&quot;classic_row_gap_mobile&quot;:{&quot;unit&quot;:&quot;px&quot;,&quot;size&quot;:&quot;&quot;,&quot;sizes&quot;:[]}}\" data-widget_type=\"posts.classic\">\n\t\t\t\t<div class=\"elementor-widget-container\">\n\t\t\t\t\t\t\t<div class=\"elementor-posts-container elementor-posts elementor-posts--skin-classic elementor-grid\" role=\"list\">\n\t\t\t\t<article class=\"elementor-post elementor-grid-item post-3406 post type-post status-publish format-standard has-post-thumbnail hentry category-divagation taxon-du-petit-parc-famille taxon-du-petit-parc-metiers\" role=\"listitem\">\n\t\t\t\t<a class=\"elementor-post__thumbnail__link\" href=\"https:\/\/lepetitparc.ca\/jean-pierre-2\/the-alfred-hamilton-connection\/\" tabindex=\"-1\" >\n\t\t\t<div class=\"elementor-post__thumbnail\"><img fetchpriority=\"high\" decoding=\"async\" width=\"1535\" height=\"1144\" src=\"https:\/\/lepetitparc.ca\/jean-pierre-2\/wp-content\/uploads\/sites\/40\/2026\/03\/ecran-annonce-1.jpg\" class=\"attachment-full size-full wp-image-3431\" alt=\"\" srcset=\"https:\/\/lepetitparc.ca\/jean-pierre-2\/wp-content\/uploads\/sites\/40\/2026\/03\/ecran-annonce-1.jpg 1535w, https:\/\/lepetitparc.ca\/jean-pierre-2\/wp-content\/uploads\/sites\/40\/2026\/03\/ecran-annonce-1-300x224.jpg 300w, https:\/\/lepetitparc.ca\/jean-pierre-2\/wp-content\/uploads\/sites\/40\/2026\/03\/ecran-annonce-1-1024x763.jpg 1024w, https:\/\/lepetitparc.ca\/jean-pierre-2\/wp-content\/uploads\/sites\/40\/2026\/03\/ecran-annonce-1-768x572.jpg 768w\" sizes=\"(max-width: 1535px) 100vw, 1535px\" \/><\/div>\n\t\t<\/a>\n\t\t\t\t<div class=\"elementor-post__text\">\n\t\t\t\t<h3 class=\"elementor-post__title\">\n\t\t\t<a href=\"https:\/\/lepetitparc.ca\/jean-pierre-2\/the-alfred-hamilton-connection\/\" >\n\t\t\t\t\u00abThe Alfred-Hamilton Connection\u00bb\t\t\t<\/a>\n\t\t<\/h3>\n\t\t\t\t<div class=\"elementor-post__excerpt\">\n\t\t\t<p>On peut se demander qui voudrait loger dans un endroit pareil avec les processions de voitures, les phares, le gravier partout et l\u2019ombrage nulle part.<\/p>\n\t\t<\/div>\n\t\t\n\t\t<a class=\"elementor-post__read-more\" href=\"https:\/\/lepetitparc.ca\/jean-pierre-2\/the-alfred-hamilton-connection\/\" aria-label=\"Read more about \u00abThe Alfred-Hamilton Connection\u00bb\" tabindex=\"-1\" >\n\t\t\tTexte complet \u00bb\t\t<\/a>\n\n\t\t\t\t<\/div>\n\t\t\t\t<\/article>\n\t\t\t\t<\/div>\n\t\t\n\t\t\t\t\t\t<\/div>\n\t\t\t\t<\/div>\n\t\t\t\t\t<\/div>\n\t\t<\/div>\n\t\t\t\t<div class=\"elementor-column elementor-col-33 elementor-top-column elementor-element elementor-element-61c8bbe\" data-id=\"61c8bbe\" data-element_type=\"column\" data-e-type=\"column\" data-settings=\"{&quot;background_background&quot;:&quot;classic&quot;}\">\n\t\t\t<div class=\"elementor-widget-wrap elementor-element-populated\">\n\t\t\t\t\t<div class=\"elementor-background-overlay\"><\/div>\n\t\t\t\t\t\t<div class=\"elementor-element elementor-element-3b843aeb elementor-widget elementor-widget-text-editor\" data-id=\"3b843aeb\" data-element_type=\"widget\" data-e-type=\"widget\" data-widget_type=\"text-editor.default\">\n\t\t\t\t<div class=\"elementor-widget-container\">\n\t\t\t\t\t\t\t\t\t<p>Une nuit fra\u00eeche<br \/>Un groupe d\u2019amis pelotonn\u00e9s<br \/>Un feu de camp<br \/>L\u2019\u00e9pinette cr\u00e9pite<br \/>Les flamm\u00e8ches s\u2019excitent quand on les regarde<br \/>Puis meurent quand on ne les regarde pas.<\/p><p>Profond, hein?<\/p>\t\t\t\t\t\t\t\t<\/div>\n\t\t\t\t<\/div>\n\t\t\t\t<div class=\"elementor-element elementor-element-262ef61 elementor-widget elementor-widget-heading\" data-id=\"262ef61\" data-element_type=\"widget\" data-e-type=\"widget\" data-widget_type=\"heading.default\">\n\t\t\t\t<div class=\"elementor-widget-container\">\n\t\t\t\t\t<h3 class=\"elementor-heading-title elementor-size-default\">Cat\u00e9gories<\/h3>\t\t\t\t<\/div>\n\t\t\t\t<\/div>\n\t\t\t\t<div class=\"elementor-element elementor-element-809e88e elementor-nav-menu--dropdown-none elementor-widget elementor-widget-nav-menu\" data-id=\"809e88e\" data-element_type=\"widget\" data-e-type=\"widget\" data-settings=\"{&quot;layout&quot;:&quot;vertical&quot;,&quot;submenu_icon&quot;:{&quot;value&quot;:&quot;&lt;i class=\\&quot;fas fa-caret-down\\&quot; aria-hidden=\\&quot;true\\&quot;&gt;&lt;\\\/i&gt;&quot;,&quot;library&quot;:&quot;fa-solid&quot;}}\" data-widget_type=\"nav-menu.default\">\n\t\t\t\t<div class=\"elementor-widget-container\">\n\t\t\t\t\t\t\t\t<nav aria-label=\"Menu\" class=\"elementor-nav-menu--main elementor-nav-menu__container elementor-nav-menu--layout-vertical e--pointer-text e--animation-grow\">\n\t\t\t\t<ul id=\"menu-1-809e88e\" class=\"elementor-nav-menu sm-vertical\"><li class=\"menu-item menu-item-type-taxonomy menu-item-object-category menu-item-3287\"><a href=\"https:\/\/lepetitparc.ca\/jean-pierre-2\/category\/collaborations\/\" class=\"elementor-item\">Collaborations<\/a><\/li>\n<li class=\"menu-item menu-item-type-taxonomy menu-item-object-category menu-item-2135\"><a href=\"https:\/\/lepetitparc.ca\/jean-pierre-2\/category\/compositions\/\" class=\"elementor-item\">Compositions<\/a><\/li>\n<li class=\"menu-item menu-item-type-taxonomy menu-item-object-category menu-item-2134\"><a href=\"https:\/\/lepetitparc.ca\/jean-pierre-2\/category\/divagation\/\" class=\"elementor-item\">Divagation<\/a><\/li>\n<li class=\"menu-item menu-item-type-taxonomy menu-item-object-category menu-item-3289\"><a href=\"https:\/\/lepetitparc.ca\/jean-pierre-2\/category\/le-violon-de-simone\/\" class=\"elementor-item\">Le violon de Simone<\/a><\/li>\n<li class=\"menu-item menu-item-type-taxonomy menu-item-object-category menu-item-2138\"><a href=\"https:\/\/lepetitparc.ca\/jean-pierre-2\/category\/musique\/\" class=\"elementor-item\">Musique<\/a><\/li>\n<li class=\"menu-item menu-item-type-taxonomy menu-item-object-category menu-item-2133\"><a href=\"https:\/\/lepetitparc.ca\/jean-pierre-2\/category\/noeuds\/\" class=\"elementor-item\">Noeuds<\/a><\/li>\n<li class=\"menu-item menu-item-type-taxonomy menu-item-object-category menu-item-3290\"><a href=\"https:\/\/lepetitparc.ca\/jean-pierre-2\/category\/quotidien\/\" class=\"elementor-item\">Quotidien<\/a><\/li>\n<li class=\"menu-item menu-item-type-taxonomy menu-item-object-category menu-item-2136\"><a href=\"https:\/\/lepetitparc.ca\/jean-pierre-2\/category\/souvenirs\/\" class=\"elementor-item\">Souvenirs<\/a><\/li>\n<li class=\"menu-item menu-item-type-taxonomy menu-item-object-category menu-item-2137\"><a href=\"https:\/\/lepetitparc.ca\/jean-pierre-2\/category\/voisinage\/\" class=\"elementor-item\">Voisinage<\/a><\/li>\n<\/ul>\t\t\t<\/nav>\n\t\t\t\t\t\t<nav class=\"elementor-nav-menu--dropdown elementor-nav-menu__container\" aria-hidden=\"true\">\n\t\t\t\t<ul id=\"menu-2-809e88e\" class=\"elementor-nav-menu sm-vertical\"><li class=\"menu-item menu-item-type-taxonomy menu-item-object-category menu-item-3287\"><a href=\"https:\/\/lepetitparc.ca\/jean-pierre-2\/category\/collaborations\/\" class=\"elementor-item\" tabindex=\"-1\">Collaborations<\/a><\/li>\n<li class=\"menu-item menu-item-type-taxonomy menu-item-object-category menu-item-2135\"><a href=\"https:\/\/lepetitparc.ca\/jean-pierre-2\/category\/compositions\/\" class=\"elementor-item\" tabindex=\"-1\">Compositions<\/a><\/li>\n<li class=\"menu-item menu-item-type-taxonomy menu-item-object-category menu-item-2134\"><a href=\"https:\/\/lepetitparc.ca\/jean-pierre-2\/category\/divagation\/\" class=\"elementor-item\" tabindex=\"-1\">Divagation<\/a><\/li>\n<li class=\"menu-item menu-item-type-taxonomy menu-item-object-category menu-item-3289\"><a href=\"https:\/\/lepetitparc.ca\/jean-pierre-2\/category\/le-violon-de-simone\/\" class=\"elementor-item\" tabindex=\"-1\">Le violon de Simone<\/a><\/li>\n<li class=\"menu-item menu-item-type-taxonomy menu-item-object-category menu-item-2138\"><a href=\"https:\/\/lepetitparc.ca\/jean-pierre-2\/category\/musique\/\" class=\"elementor-item\" tabindex=\"-1\">Musique<\/a><\/li>\n<li class=\"menu-item menu-item-type-taxonomy menu-item-object-category menu-item-2133\"><a href=\"https:\/\/lepetitparc.ca\/jean-pierre-2\/category\/noeuds\/\" class=\"elementor-item\" tabindex=\"-1\">Noeuds<\/a><\/li>\n<li class=\"menu-item menu-item-type-taxonomy menu-item-object-category menu-item-3290\"><a href=\"https:\/\/lepetitparc.ca\/jean-pierre-2\/category\/quotidien\/\" class=\"elementor-item\" tabindex=\"-1\">Quotidien<\/a><\/li>\n<li class=\"menu-item menu-item-type-taxonomy menu-item-object-category menu-item-2136\"><a href=\"https:\/\/lepetitparc.ca\/jean-pierre-2\/category\/souvenirs\/\" class=\"elementor-item\" tabindex=\"-1\">Souvenirs<\/a><\/li>\n<li class=\"menu-item menu-item-type-taxonomy menu-item-object-category menu-item-2137\"><a href=\"https:\/\/lepetitparc.ca\/jean-pierre-2\/category\/voisinage\/\" class=\"elementor-item\" tabindex=\"-1\">Voisinage<\/a><\/li>\n<\/ul>\t\t\t<\/nav>\n\t\t\t\t\t\t<\/div>\n\t\t\t\t<\/div>\n\t\t\t\t\t<\/div>\n\t\t<\/div>\n\t\t\t\t\t<\/div>\n\t\t<\/section>\n\t\t\t\t<section class=\"elementor-section elementor-top-section elementor-element elementor-element-2147603d elementor-section-boxed elementor-section-height-default elementor-section-height-default\" data-id=\"2147603d\" data-element_type=\"section\" data-e-type=\"section\">\n\t\t\t\t\t\t<div class=\"elementor-container elementor-column-gap-default\">\n\t\t\t\t\t<div class=\"elementor-column elementor-col-100 elementor-top-column elementor-element elementor-element-77352c5b\" data-id=\"77352c5b\" data-element_type=\"column\" data-e-type=\"column\">\n\t\t\t<div class=\"elementor-widget-wrap elementor-element-populated\">\n\t\t\t\t\t\t<div class=\"elementor-element elementor-element-52a1a6a elementor-widget elementor-widget-heading\" data-id=\"52a1a6a\" data-element_type=\"widget\" data-e-type=\"widget\" data-widget_type=\"heading.default\">\n\t\t\t\t<div class=\"elementor-widget-container\">\n\t\t\t\t\t<h2 class=\"elementor-heading-title elementor-size-default\">Les autres r\u00e9cents billets<\/h2>\t\t\t\t<\/div>\n\t\t\t\t<\/div>\n\t\t\t\t<div class=\"elementor-element elementor-element-5016f54a elementor-grid-4 elementor-grid-tablet-2 elementor-grid-mobile-1 elementor-posts--thumbnail-top elementor-widget elementor-widget-posts\" data-id=\"5016f54a\" data-element_type=\"widget\" data-e-type=\"widget\" data-settings=\"{&quot;classic_columns&quot;:&quot;4&quot;,&quot;pagination_type&quot;:&quot;numbers&quot;,&quot;classic_columns_tablet&quot;:&quot;2&quot;,&quot;classic_columns_mobile&quot;:&quot;1&quot;,&quot;classic_row_gap&quot;:{&quot;unit&quot;:&quot;px&quot;,&quot;size&quot;:35,&quot;sizes&quot;:[]},&quot;classic_row_gap_tablet&quot;:{&quot;unit&quot;:&quot;px&quot;,&quot;size&quot;:&quot;&quot;,&quot;sizes&quot;:[]},&quot;classic_row_gap_mobile&quot;:{&quot;unit&quot;:&quot;px&quot;,&quot;size&quot;:&quot;&quot;,&quot;sizes&quot;:[]}}\" data-widget_type=\"posts.classic\">\n\t\t\t\t<div class=\"elementor-widget-container\">\n\t\t\t\t\t\t\t<div class=\"elementor-posts-container elementor-posts elementor-posts--skin-classic elementor-grid\" role=\"list\">\n\t\t\t\t<article class=\"elementor-post elementor-grid-item post-3380 post type-post status-publish format-standard has-post-thumbnail hentry category-divagation\" role=\"listitem\">\n\t\t\t\t<a class=\"elementor-post__thumbnail__link\" href=\"https:\/\/lepetitparc.ca\/jean-pierre-2\/les-oignons-nouveaux\/\" tabindex=\"-1\" >\n\t\t\t<div class=\"elementor-post__thumbnail\"><img decoding=\"async\" width=\"300\" height=\"200\" data-src=\"https:\/\/lepetitparc.ca\/jean-pierre-2\/wp-content\/uploads\/sites\/40\/2026\/02\/tacos-300x200.jpg\" class=\"attachment-medium size-medium wp-image-3381 lazyload\" alt=\"Des tacos\" data-srcset=\"https:\/\/lepetitparc.ca\/jean-pierre-2\/wp-content\/uploads\/sites\/40\/2026\/02\/tacos-300x200.jpg 300w, https:\/\/lepetitparc.ca\/jean-pierre-2\/wp-content\/uploads\/sites\/40\/2026\/02\/tacos-1024x683.jpg 1024w, https:\/\/lepetitparc.ca\/jean-pierre-2\/wp-content\/uploads\/sites\/40\/2026\/02\/tacos-768x512.jpg 768w, https:\/\/lepetitparc.ca\/jean-pierre-2\/wp-content\/uploads\/sites\/40\/2026\/02\/tacos.jpg 1200w\" data-sizes=\"(max-width: 300px) 100vw, 300px\" src=\"data:image\/svg+xml;base64,PHN2ZyB3aWR0aD0iMSIgaGVpZ2h0PSIxIiB4bWxucz0iaHR0cDovL3d3dy53My5vcmcvMjAwMC9zdmciPjwvc3ZnPg==\" style=\"--smush-placeholder-width: 300px; --smush-placeholder-aspect-ratio: 300\/200;\" \/><\/div>\n\t\t<\/a>\n\t\t\t\t<div class=\"elementor-post__text\">\n\t\t\t\t<h3 class=\"elementor-post__title\">\n\t\t\t<a href=\"https:\/\/lepetitparc.ca\/jean-pierre-2\/les-oignons-nouveaux\/\" >\n\t\t\t\tLes oignons nouveaux\t\t\t<\/a>\n\t\t<\/h3>\n\t\t\t\t<div class=\"elementor-post__excerpt\">\n\t\t\t<p>Tournez la page si vous pensez qu\u2019il s\u2019agit de ce que vous pensez qu\u2019il s\u2019agit<\/p>\n\t\t<\/div>\n\t\t\n\t\t<a class=\"elementor-post__read-more\" href=\"https:\/\/lepetitparc.ca\/jean-pierre-2\/les-oignons-nouveaux\/\" aria-label=\"Read more about Les oignons nouveaux\" tabindex=\"-1\" >\n\t\t\tTexte complet \u00bb\t\t<\/a>\n\n\t\t\t\t<\/div>\n\t\t\t\t<\/article>\n\t\t\t\t<article class=\"elementor-post elementor-grid-item post-3346 post type-post status-publish format-standard has-post-thumbnail hentry category-non-classe\" role=\"listitem\">\n\t\t\t\t<a class=\"elementor-post__thumbnail__link\" href=\"https:\/\/lepetitparc.ca\/jean-pierre-2\/aventure-au-pays-du-mycelium\/\" tabindex=\"-1\" >\n\t\t\t<div class=\"elementor-post__thumbnail\"><img decoding=\"async\" width=\"300\" height=\"200\" data-src=\"https:\/\/lepetitparc.ca\/jean-pierre-2\/wp-content\/uploads\/sites\/40\/2026\/01\/primordia-1200-300x200.jpg\" class=\"attachment-medium size-medium wp-image-3350 lazyload\" alt=\"Champignons en bouton\" data-srcset=\"https:\/\/lepetitparc.ca\/jean-pierre-2\/wp-content\/uploads\/sites\/40\/2026\/01\/primordia-1200-300x200.jpg 300w, https:\/\/lepetitparc.ca\/jean-pierre-2\/wp-content\/uploads\/sites\/40\/2026\/01\/primordia-1200-768x512.jpg 768w, https:\/\/lepetitparc.ca\/jean-pierre-2\/wp-content\/uploads\/sites\/40\/2026\/01\/primordia-1200.jpg 969w\" data-sizes=\"(max-width: 300px) 100vw, 300px\" src=\"data:image\/svg+xml;base64,PHN2ZyB3aWR0aD0iMSIgaGVpZ2h0PSIxIiB4bWxucz0iaHR0cDovL3d3dy53My5vcmcvMjAwMC9zdmciPjwvc3ZnPg==\" style=\"--smush-placeholder-width: 300px; --smush-placeholder-aspect-ratio: 300\/200;\" \/><\/div>\n\t\t<\/a>\n\t\t\t\t<div class=\"elementor-post__text\">\n\t\t\t\t<h3 class=\"elementor-post__title\">\n\t\t\t<a href=\"https:\/\/lepetitparc.ca\/jean-pierre-2\/aventure-au-pays-du-mycelium\/\" >\n\t\t\t\tAventure au pays du myc\u00e9lium\t\t\t<\/a>\n\t\t<\/h3>\n\t\t\t\t<div class=\"elementor-post__excerpt\">\n\t\t\t<p>Comme je suis retrait\u00e9, que je n\u2019ai rien \u00e0 faire et que je m\u2019ennuie (ha!), j\u2019ai pens\u00e9 reprendre \u00e0 mon compte le d\u00e9fi de cultiver des champignons dans le marc de caf\u00e9.<\/p>\n\t\t<\/div>\n\t\t\n\t\t<a class=\"elementor-post__read-more\" href=\"https:\/\/lepetitparc.ca\/jean-pierre-2\/aventure-au-pays-du-mycelium\/\" aria-label=\"Read more about Aventure au pays du myc\u00e9lium\" tabindex=\"-1\" >\n\t\t\tTexte complet \u00bb\t\t<\/a>\n\n\t\t\t\t<\/div>\n\t\t\t\t<\/article>\n\t\t\t\t<article class=\"elementor-post elementor-grid-item post-3318 post type-post status-publish format-standard has-post-thumbnail hentry category-divagation taxon-du-petit-parc-arts taxon-du-petit-parc-au-jour-le-jour\" role=\"listitem\">\n\t\t\t\t<a class=\"elementor-post__thumbnail__link\" href=\"https:\/\/lepetitparc.ca\/jean-pierre-2\/le-nadalet-a-castres\/\" tabindex=\"-1\" >\n\t\t\t<div class=\"elementor-post__thumbnail\"><img decoding=\"async\" width=\"300\" height=\"200\" data-src=\"https:\/\/lepetitparc.ca\/jean-pierre-2\/wp-content\/uploads\/sites\/40\/2025\/12\/carillons-300x200.jpg\" class=\"attachment-medium size-medium wp-image-3319 lazyload\" alt=\"Les cloches de Castres\" data-srcset=\"https:\/\/lepetitparc.ca\/jean-pierre-2\/wp-content\/uploads\/sites\/40\/2025\/12\/carillons-300x200.jpg 300w, https:\/\/lepetitparc.ca\/jean-pierre-2\/wp-content\/uploads\/sites\/40\/2025\/12\/carillons-1024x683.jpg 1024w, https:\/\/lepetitparc.ca\/jean-pierre-2\/wp-content\/uploads\/sites\/40\/2025\/12\/carillons-768x512.jpg 768w, https:\/\/lepetitparc.ca\/jean-pierre-2\/wp-content\/uploads\/sites\/40\/2025\/12\/carillons.jpg 1200w\" data-sizes=\"(max-width: 300px) 100vw, 300px\" src=\"data:image\/svg+xml;base64,PHN2ZyB3aWR0aD0iMSIgaGVpZ2h0PSIxIiB4bWxucz0iaHR0cDovL3d3dy53My5vcmcvMjAwMC9zdmciPjwvc3ZnPg==\" style=\"--smush-placeholder-width: 300px; --smush-placeholder-aspect-ratio: 300\/200;\" \/><\/div>\n\t\t<\/a>\n\t\t\t\t<div class=\"elementor-post__text\">\n\t\t\t\t<h3 class=\"elementor-post__title\">\n\t\t\t<a href=\"https:\/\/lepetitparc.ca\/jean-pierre-2\/le-nadalet-a-castres\/\" >\n\t\t\t\tLe Nadalet \u00e0 Castres\t\t\t<\/a>\n\t\t<\/h3>\n\t\t\t\t<div class=\"elementor-post__excerpt\">\n\t\t\t<p>Sauvegarder et faire chanter les cloches!<\/p>\n\t\t<\/div>\n\t\t\n\t\t<a class=\"elementor-post__read-more\" href=\"https:\/\/lepetitparc.ca\/jean-pierre-2\/le-nadalet-a-castres\/\" aria-label=\"Read more about Le Nadalet \u00e0 Castres\" tabindex=\"-1\" >\n\t\t\tTexte complet \u00bb\t\t<\/a>\n\n\t\t\t\t<\/div>\n\t\t\t\t<\/article>\n\t\t\t\t<article class=\"elementor-post elementor-grid-item post-3276 post type-post status-publish format-standard has-post-thumbnail hentry category-le-violon-de-simone category-souvenirs\" role=\"listitem\">\n\t\t\t\t<a class=\"elementor-post__thumbnail__link\" href=\"https:\/\/lepetitparc.ca\/jean-pierre-2\/le-violon-de-simone-derniere-partie\/\" tabindex=\"-1\" >\n\t\t\t<div class=\"elementor-post__thumbnail\"><img decoding=\"async\" width=\"300\" height=\"200\" data-src=\"https:\/\/lepetitparc.ca\/jean-pierre-2\/wp-content\/uploads\/sites\/40\/2025\/12\/les-deux-violons-300x200.jpg\" class=\"attachment-medium size-medium wp-image-3277 lazyload\" alt=\"Les 2 violons de Simone restaur\u00e9s\" data-srcset=\"https:\/\/lepetitparc.ca\/jean-pierre-2\/wp-content\/uploads\/sites\/40\/2025\/12\/les-deux-violons-300x200.jpg 300w, https:\/\/lepetitparc.ca\/jean-pierre-2\/wp-content\/uploads\/sites\/40\/2025\/12\/les-deux-violons-1024x683.jpg 1024w, https:\/\/lepetitparc.ca\/jean-pierre-2\/wp-content\/uploads\/sites\/40\/2025\/12\/les-deux-violons-768x512.jpg 768w, https:\/\/lepetitparc.ca\/jean-pierre-2\/wp-content\/uploads\/sites\/40\/2025\/12\/les-deux-violons.jpg 1116w\" data-sizes=\"(max-width: 300px) 100vw, 300px\" src=\"data:image\/svg+xml;base64,PHN2ZyB3aWR0aD0iMSIgaGVpZ2h0PSIxIiB4bWxucz0iaHR0cDovL3d3dy53My5vcmcvMjAwMC9zdmciPjwvc3ZnPg==\" style=\"--smush-placeholder-width: 300px; --smush-placeholder-aspect-ratio: 300\/200;\" \/><\/div>\n\t\t<\/a>\n\t\t\t\t<div class=\"elementor-post__text\">\n\t\t\t\t<h3 class=\"elementor-post__title\">\n\t\t\t<a href=\"https:\/\/lepetitparc.ca\/jean-pierre-2\/le-violon-de-simone-derniere-partie\/\" >\n\t\t\t\tLe violon de Simone, derni\u00e8re partie\t\t\t<\/a>\n\t\t<\/h3>\n\t\t\t\t<div class=\"elementor-post__excerpt\">\n\t\t\t<p>Fin ou suite ou d\u00e9but, c\u2019est selon&#8230;<\/p>\n\t\t<\/div>\n\t\t\n\t\t<a class=\"elementor-post__read-more\" href=\"https:\/\/lepetitparc.ca\/jean-pierre-2\/le-violon-de-simone-derniere-partie\/\" aria-label=\"Read more about Le violon de Simone, derni\u00e8re partie\" tabindex=\"-1\" >\n\t\t\tTexte complet \u00bb\t\t<\/a>\n\n\t\t\t\t<\/div>\n\t\t\t\t<\/article>\n\t\t\t\t<\/div>\n\t\t\n\t\t\t\t<div class=\"e-load-more-anchor\" data-page=\"1\" data-max-page=\"17\" data-next-page=\"https:\/\/lepetitparc.ca\/jean-pierre-2\/wp-json\/wp\/v2\/pages\/514\/page\/2\/\"><\/div>\n\t\t\t\t<nav class=\"elementor-pagination\" aria-label=\"Pagination\">\n\t\t\t<span aria-current=\"page\" class=\"page-numbers current\"><span class=\"elementor-screen-only\">Page<\/span>1<\/span>\n<a class=\"page-numbers\" href=\"https:\/\/lepetitparc.ca\/jean-pierre-2\/wp-json\/wp\/v2\/pages\/514\/page\/2\/\"><span class=\"elementor-screen-only\">Page<\/span>2<\/a>\n<a class=\"page-numbers\" href=\"https:\/\/lepetitparc.ca\/jean-pierre-2\/wp-json\/wp\/v2\/pages\/514\/page\/3\/\"><span class=\"elementor-screen-only\">Page<\/span>3<\/a>\n<a class=\"page-numbers\" href=\"https:\/\/lepetitparc.ca\/jean-pierre-2\/wp-json\/wp\/v2\/pages\/514\/page\/4\/\"><span class=\"elementor-screen-only\">Page<\/span>4<\/a>\n<a class=\"page-numbers\" href=\"https:\/\/lepetitparc.ca\/jean-pierre-2\/wp-json\/wp\/v2\/pages\/514\/page\/5\/\"><span class=\"elementor-screen-only\">Page<\/span>5<\/a>\n<a class=\"page-numbers\" href=\"https:\/\/lepetitparc.ca\/jean-pierre-2\/wp-json\/wp\/v2\/pages\/514\/page\/6\/\"><span class=\"elementor-screen-only\">Page<\/span>6<\/a>\n<a class=\"page-numbers\" href=\"https:\/\/lepetitparc.ca\/jean-pierre-2\/wp-json\/wp\/v2\/pages\/514\/page\/7\/\"><span class=\"elementor-screen-only\">Page<\/span>7<\/a>\n<a class=\"page-numbers\" href=\"https:\/\/lepetitparc.ca\/jean-pierre-2\/wp-json\/wp\/v2\/pages\/514\/page\/8\/\"><span class=\"elementor-screen-only\">Page<\/span>8<\/a>\n<a class=\"page-numbers\" href=\"https:\/\/lepetitparc.ca\/jean-pierre-2\/wp-json\/wp\/v2\/pages\/514\/page\/9\/\"><span class=\"elementor-screen-only\">Page<\/span>9<\/a>\n<a class=\"page-numbers\" href=\"https:\/\/lepetitparc.ca\/jean-pierre-2\/wp-json\/wp\/v2\/pages\/514\/page\/10\/\"><span class=\"elementor-screen-only\">Page<\/span>10<\/a>\n<a class=\"page-numbers\" href=\"https:\/\/lepetitparc.ca\/jean-pierre-2\/wp-json\/wp\/v2\/pages\/514\/page\/11\/\"><span class=\"elementor-screen-only\">Page<\/span>11<\/a>\n<a class=\"page-numbers\" href=\"https:\/\/lepetitparc.ca\/jean-pierre-2\/wp-json\/wp\/v2\/pages\/514\/page\/12\/\"><span class=\"elementor-screen-only\">Page<\/span>12<\/a>\n<a class=\"page-numbers\" href=\"https:\/\/lepetitparc.ca\/jean-pierre-2\/wp-json\/wp\/v2\/pages\/514\/page\/13\/\"><span class=\"elementor-screen-only\">Page<\/span>13<\/a>\n<a class=\"page-numbers\" href=\"https:\/\/lepetitparc.ca\/jean-pierre-2\/wp-json\/wp\/v2\/pages\/514\/page\/14\/\"><span class=\"elementor-screen-only\">Page<\/span>14<\/a>\n<a class=\"page-numbers\" href=\"https:\/\/lepetitparc.ca\/jean-pierre-2\/wp-json\/wp\/v2\/pages\/514\/page\/15\/\"><span class=\"elementor-screen-only\">Page<\/span>15<\/a>\t\t<\/nav>\n\t\t\t\t\t\t<\/div>\n\t\t\t\t<\/div>\n\t\t\t\t\t<\/div>\n\t\t<\/div>\n\t\t\t\t\t<\/div>\n\t\t<\/section>\n\t\t\t\t<\/div>\n\t\t","protected":false},"excerpt":{"rendered":"<p>Le plus r\u00e9cent billet Une nuit fra\u00eecheUn groupe d\u2019amis pelotonn\u00e9sUn feu de campL\u2019\u00e9pinette cr\u00e9piteLes flamm\u00e8ches s\u2019excitent quand on les regardePuis meurent quand on ne les regarde pas. Profond, hein? Cat\u00e9gories Les autres r\u00e9cents billets<\/p>\n","protected":false},"author":5,"featured_media":0,"parent":0,"menu_order":0,"comment_status":"closed","ping_status":"closed","template":"","meta":{"_acf_changed":false,"_crdt_document":"","disable_featured_image":false,"footnotes":""},"genres":[],"class_list":["post-514","page","type-page","status-publish","hentry"],"acf":[],"_links":{"self":[{"href":"https:\/\/lepetitparc.ca\/jean-pierre-2\/wp-json\/wp\/v2\/pages\/514","targetHints":{"allow":["GET"]}}],"collection":[{"href":"https:\/\/lepetitparc.ca\/jean-pierre-2\/wp-json\/wp\/v2\/pages"}],"about":[{"href":"https:\/\/lepetitparc.ca\/jean-pierre-2\/wp-json\/wp\/v2\/types\/page"}],"author":[{"embeddable":true,"href":"https:\/\/lepetitparc.ca\/jean-pierre-2\/wp-json\/wp\/v2\/users\/5"}],"replies":[{"embeddable":true,"href":"https:\/\/lepetitparc.ca\/jean-pierre-2\/wp-json\/wp\/v2\/comments?post=514"}],"version-history":[{"count":10,"href":"https:\/\/lepetitparc.ca\/jean-pierre-2\/wp-json\/wp\/v2\/pages\/514\/revisions"}],"predecessor-version":[{"id":3316,"href":"https:\/\/lepetitparc.ca\/jean-pierre-2\/wp-json\/wp\/v2\/pages\/514\/revisions\/3316"}],"wp:attachment":[{"href":"https:\/\/lepetitparc.ca\/jean-pierre-2\/wp-json\/wp\/v2\/media?parent=514"}],"wp:term":[{"taxonomy":"genres","embeddable":true,"href":"https:\/\/lepetitparc.ca\/jean-pierre-2\/wp-json\/wp\/v2\/genres?post=514"}],"curies":[{"name":"wp","href":"https:\/\/api.w.org\/{rel}","templated":true}]}}