{"id":455,"date":"2022-02-03T11:19:31","date_gmt":"2022-02-03T16:19:31","guid":{"rendered":"https:\/\/lepetitparc.ca\/henri\/?page_id=455"},"modified":"2022-02-03T11:19:32","modified_gmt":"2022-02-03T16:19:32","slug":"juliette-et-beatrice","status":"publish","type":"page","link":"https:\/\/lepetitparc.ca\/henri\/juliette-et-beatrice\/","title":{"rendered":"Juliette et B\u00e9atrice"},"content":{"rendered":"<div class=\"entry\">\n\n\n<div class=\"wp-block-columns is-layout-flex wp-container-core-columns-is-layout-8f761849 wp-block-columns-is-layout-flex\">\n<div class=\"wp-block-column is-layout-flow wp-block-column-is-layout-flow\" style=\"flex-basis:33.33%\">\n<figure class=\"wp-block-image size-full\"><img fetchpriority=\"high\" decoding=\"async\" width=\"188\" height=\"320\" src=\"https:\/\/lepetitparc.ca\/henri\/wp-content\/uploads\/sites\/7\/2021\/12\/raconter-l-est-ontarien.jpg\" alt=\"\" class=\"wp-image-165\" srcset=\"https:\/\/lepetitparc.ca\/henri\/wp-content\/uploads\/sites\/7\/2021\/12\/raconter-l-est-ontarien.jpg 188w, https:\/\/lepetitparc.ca\/henri\/wp-content\/uploads\/sites\/7\/2021\/12\/raconter-l-est-ontarien-176x300.jpg 176w\" sizes=\"(max-width: 188px) 100vw, 188px\" \/><\/figure>\n<\/div>\n\n\n\n<div class=\"wp-block-column is-layout-flow wp-block-column-is-layout-flow\" style=\"flex-basis:66.66%\">\n<p class=\"wp-block-paragraph\"><br>\u00ab Juliette et B\u00e9atrice : nouvelle \u00bb,<br>par Henri Lessard, dans :<br><em><strong>Raconter l\u2019Est ontarien<\/strong><\/em><br>Collectif (2020)<br><a href=\"https:\/\/editionsdavid.com\/\">Les \u00c9ditions David<\/a>\u00a0(Ottawa)<br>Hors collection<br>328 pages<br>ISBN 978-2-89597-721-6<\/p>\n<\/div>\n<\/div>\n\n\n\n<div style=\"height:24px\" aria-hidden=\"true\" class=\"wp-block-spacer\"><\/div>\n\n\n\n<h3 class=\"wp-block-heading\" id=\"extraits\">Extraits<\/h3>\n\n\n\n<p class=\"wp-block-paragraph\">\u00c0 la porte de la ville, pr\u00e8s de l\u2019embranchement de la route 17 et de la rue Laurier, fid\u00e8le, massive, inamovible, magnifique dans sa robe tachet\u00e9e de noir et de blanc, une vache Holstein assurait la garde. \u00c0 vrai dire, elle faisait une bien pi\u00e8tre sentinelle, pr\u00e9f\u00e9rant fouiller l\u2019herbe de son museau ou m\u00e2cher longuement sa prise, narines en l\u2019air, plut\u00f4t que de surveiller les all\u00e9es et venues des voitures et des rares pi\u00e9tons. Je me demandais ce qu\u2019elle faisait seule, loin de son troupeau.<\/p>\n\n\n\n<p class=\"wp-block-paragraph\">Je la baptisai Juliette. Mes excuses aux Juliette de ce monde, ne voyez-l\u00e0 aucune intention malicieuse de ma part. Il lui fallait un pr\u00e9nom affectueux, \u00e0 ma belle gardienne, et Juliette lui convenait parfaitement.<\/p>\n\n\n\n<p class=\"wp-block-paragraph\">Nulle ride, nulle vaguelette dans l\u2019eau ombrag\u00e9e de son regard. Les doux yeux de Juliette ne s\u2019appesantissaient sur rien ni personne. Quoi de plus pr\u00e9visible, de plus inamovible qu\u2019une vache dans son carr\u00e9 d\u2019herbe ? Pourtant, \u00e0 l\u2019exemple de ses cons\u0153urs, elle ne devait pas mener une vie tr\u00e8s rigolote. Le quotidien des vaches ne d\u00e9borde pas de tendresse. Juliette dissimulait-elle son vague \u00e0 l\u2019\u00e2me sous sa mine de placide ruminante ? Depuis combien de temps un b\u0153uf ne lui avait-il pas murmur\u00e9 des mots tendres \u00e0 l\u2019oreille ? \u00ab Ah, ma belle, tes yeux de biche me rendent fou ! \u00bb<\/p>\n\n\n\n<p class=\"wp-block-paragraph\">[\u2026]<\/p>\n\n\n\n<p class=\"wp-block-paragraph\">Je pourrais r\u00e9sumer B\u00e9atrice par le triangle. De forme triangulaire \u00e9tait son visage ; triangulaires aussi les m\u00e8ches dor\u00e9es rebelles et la fossette \u00e0 chaque coin de la bouche, le nez de fouine (de jolie fouine), le sillon naso-labial, les canines blanches. En deux triangles accol\u00e9s par la base, c\u2019est-\u00e0-dire en losange, les pupilles qui per\u00e7aient les iris verts (non, l\u00e0, j\u2019exag\u00e8re). Triangulaires aussi, les pointes de tissus soulev\u00e9es par les seins, petits (et coniques, \u00e9videmment : versions adoucies de la pyramide, qui est une sorte de triangle \u00e0 trois dimensions). Autres choses triangulaires chez B\u00e9atrice : la pointe de la langue ; le sacrum ; le pubis, les grains de beaut\u00e9 group\u00e9s par trois et d\u2019autres choses encore dont je tire plus de plaisir \u00e0 l\u2019\u00e9vocation sous un \u00e9loquent \u00ab etc. \u00bb qu\u2019\u00e0 la plate \u00e9num\u00e9ration.<\/p>\n\n\n\n<p class=\"wp-block-paragraph\">J\u2019ignore o\u00f9 placer dans ce sch\u00e9ma ses lunettes rondes et ses dix-huit ans (tout ronds, eux aussi).<\/p>\n\n\n<\/div>","protected":false},"excerpt":{"rendered":"<p>\u00ab Juliette et B\u00e9atrice : nouvelle \u00bb,par Henri Lessard, dans :Raconter l\u2019Est ontarienCollectif (2020)Les \u00c9ditions David\u00a0(Ottawa)Hors collection328 pagesISBN 978-2-89597-721-6 Extraits \u00c0 la porte de la ville, pr\u00e8s de l\u2019embranchement de la route 17 et de la rue Laurier, fid\u00e8le, massive, inamovible, magnifique dans sa robe tachet\u00e9e de noir et de blanc, une vache Holstein assurait &#8230;<\/p>\n","protected":false},"author":7,"featured_media":0,"parent":0,"menu_order":0,"comment_status":"closed","ping_status":"closed","template":"","meta":{"_acf_changed":false,"_crdt_document":"","disable_featured_image":false,"footnotes":""},"genres":[],"class_list":["post-455","page","type-page","status-publish"],"acf":[],"_links":{"self":[{"href":"https:\/\/lepetitparc.ca\/henri\/wp-json\/wp\/v2\/pages\/455","targetHints":{"allow":["GET"]}}],"collection":[{"href":"https:\/\/lepetitparc.ca\/henri\/wp-json\/wp\/v2\/pages"}],"about":[{"href":"https:\/\/lepetitparc.ca\/henri\/wp-json\/wp\/v2\/types\/page"}],"author":[{"embeddable":true,"href":"https:\/\/lepetitparc.ca\/henri\/wp-json\/wp\/v2\/users\/7"}],"replies":[{"embeddable":true,"href":"https:\/\/lepetitparc.ca\/henri\/wp-json\/wp\/v2\/comments?post=455"}],"version-history":[{"count":2,"href":"https:\/\/lepetitparc.ca\/henri\/wp-json\/wp\/v2\/pages\/455\/revisions"}],"predecessor-version":[{"id":457,"href":"https:\/\/lepetitparc.ca\/henri\/wp-json\/wp\/v2\/pages\/455\/revisions\/457"}],"wp:attachment":[{"href":"https:\/\/lepetitparc.ca\/henri\/wp-json\/wp\/v2\/media?parent=455"}],"wp:term":[{"taxonomy":"genres","embeddable":true,"href":"https:\/\/lepetitparc.ca\/henri\/wp-json\/wp\/v2\/genres?post=455"}],"curies":[{"name":"wp","href":"https:\/\/api.w.org\/{rel}","templated":true}]}}