{"id":448,"date":"2022-02-03T10:56:36","date_gmt":"2022-02-03T15:56:36","guid":{"rendered":"https:\/\/lepetitparc.ca\/henri\/?page_id=448"},"modified":"2022-05-21T13:26:59","modified_gmt":"2022-05-21T17:26:59","slug":"greve-des-anges-nouvelles","status":"publish","type":"page","link":"https:\/\/lepetitparc.ca\/henri\/greve-des-anges-nouvelles\/","title":{"rendered":"Gr\u00e8ve des anges. Nouvelles"},"content":{"rendered":"<div class=\"entry\">\n\n\n<div class=\"wp-block-columns is-layout-flex wp-container-core-columns-is-layout-8f761849 wp-block-columns-is-layout-flex\">\n<div class=\"wp-block-column is-layout-flow wp-block-column-is-layout-flow\" style=\"flex-basis:33.33%\">\n<figure class=\"wp-block-image size-full\"><img fetchpriority=\"high\" decoding=\"async\" width=\"179\" height=\"320\" src=\"https:\/\/lepetitparc.ca\/henri\/wp-content\/uploads\/sites\/7\/2021\/12\/GreveC1.jpg\" alt=\"\" class=\"wp-image-105\" srcset=\"https:\/\/lepetitparc.ca\/henri\/wp-content\/uploads\/sites\/7\/2021\/12\/GreveC1.jpg 179w, https:\/\/lepetitparc.ca\/henri\/wp-content\/uploads\/sites\/7\/2021\/12\/GreveC1-168x300.jpg 168w\" sizes=\"(max-width: 179px) 100vw, 179px\" \/><\/figure>\n<\/div>\n\n\n\n<div class=\"wp-block-column is-layout-flow wp-block-column-is-layout-flow\" style=\"flex-basis:66.66%\">\n<p class=\"wp-block-paragraph\"><strong><em>Gr\u00e8ve des anges. Nouvelles<\/em><\/strong> (2019)<br>Henri Lessard<br>Les \u00c9ditions L\u2019Interligne, coll. \u00ab Vertiges \u00bb<br>104 pages | 20,95 $<br>ISBN 978-2-89699-668-1<\/p>\n\n\n\n<p class=\"wp-block-paragraph\"><a href=\"https:\/\/interligne.ca\/\" data-type=\"URL\" data-id=\"https:\/\/interligne.ca\/\">Les \u00c9ditions L\u2019Interligne<\/a><br>435, rue Donald, bureau 337<br>Ottawa (ON) K1K 4X5<br>613 748-0850, poste 4<br>communication@interligne.ca<\/p>\n<\/div>\n<\/div>\n\n\n\n<h3 class=\"wp-block-heading\" id=\"entrevue-avec-noelle-personnage-principal-de-greve-des-anges\">Entrevue avec No\u00eblle, personnage principal de <em>Gr\u00e8ve des anges<\/em><\/h3>\n\n\n\n<div style=\"height:24px\" aria-hidden=\"true\" class=\"wp-block-spacer\"><\/div>\n\n\n\n<p class=\"wp-block-paragraph\"><em><strong>Question. \u2014 <\/strong>Bonjour No\u00eblle. Tu n\u2019as que 19 ans ; n\u2019est-ce pas trop t\u00f4t pour publier des r\u00e9cits \u00ab autobiographiques \u00bb, en fait r\u00e9dig\u00e9s par une autre plume que la tienne ?<\/em><br><strong>R\u00e9ponse. \u2014 <\/strong>Pourquoi ? Je suis majeure, la vie fait de moi ce qu\u2019elle veut.<\/p>\n\n\n\n<p class=\"wp-block-paragraph\"><em><strong>Q. \u2014 <\/strong>Dans ton recueil, tu apparais tour \u00e0 tour timide et d\u00e9sarm\u00e9e ou pleine d\u2019aplomb et s\u00fbre de toi, parfois m\u00eame machiav\u00e9lique. Tes moments de d\u00e9prime n\u2019emp\u00eachent pas que plusieurs personnes viennent rechercher du r\u00e9confort aupr\u00e8s de toi. Qui, finalement, est la vraie No\u00eblle ?<br><\/em><strong>R. \u2014 <\/strong>\u00c0 quoi tendons-nous \u00e0 chaque instant ? \u00c0 l\u2019\u00e9merveillement, \u00e0 la fureur, \u00e0 l\u2019ivresse, \u00e0 la fusion (amoureuse, \u00e9rotique, mystique), \u00e0 tout ce qui nous extirpe, nous expulse, nous immerge ou nous absorbe. \u00catre, quel ennui ! Vite, un livre, un paysage, une musique, des yeux, un corps pour m\u2019oublier. \u00catre ou ne pas \u00eatre, pour moi, la question est vite r\u00e9gl\u00e9e. Je pr\u00e9f\u00e8re l\u2019inconscience.<\/p>\n\n\n\n<p class=\"wp-block-paragraph\"><em><strong>Q. \u2014 <\/strong>Tout un programme ! Tu conserves de bons souvenirs de tes ex\u2026<br><\/em><strong>R. \u2014 <\/strong>Je romps s\u00e9ance tenante avec un gars d\u00e8s qu\u2019il devient mon chum. Je suis une fille \u00e0 ex ; je m\u2019entends tellement bien avec eux \u2013 et avec elles, car j\u2019ai des \u00ab exes \u00bb aussi. Un ex, une exe, c\u2019est de l\u2019intimit\u00e9 sem\u00e9e ici et l\u00e0, de la complicit\u00e9 \u00e9prouv\u00e9e, de la tendresse disponible. On ne devient pas mon ex ou mon exe comme \u00e7a. Charles (le dernier de mes ex) avait toutes les qualit\u00e9s. Dr\u00f4le, attentif, de l\u2019assurance sans arrogance. Alors, j\u2019ai cass\u00e9 tout de suite avec lui. Depuis, nous ne nous quittons plus.<\/p>\n\n\n\n<p class=\"wp-block-paragraph\"><em><strong>Q. \u2014 <\/strong>Tu souffres d\u2019\u00e9tranges phobies\u2026<br><\/em><strong>R. \u2014<\/strong> Je prends toujours mon bain dans une eau mousseuse. Assise dans une baignoire remplie d\u2019une eau plate, sans bulles ni broue, mon regard est immanquablement attir\u00e9, \u00e0 travers la masse translucide, par la blancheur de l\u2019\u00e9mail et ses vastit\u00e9s glac\u00e9es. Il en d\u00e9coule des m\u00e9ditations d\u00e9sol\u00e9es qui rendent la baignoire inhabitable. \u00c0 moins de convaincre le propri\u00e9taire de faire \u00e9mailler ma baignoire en rose, je ne vois d\u2019autre solution que d\u2019user et d\u2019abuser de la mousse de bain.<\/p>\n\n\n\n<p class=\"wp-block-paragraph\"><em><strong>Q. \u2014 <\/strong>En revanche, les hauteurs ne t\u2019effraient pas.<br><\/em><strong>R. \u2014<\/strong> Depuis mon logement du septi\u00e8me, il faut baisser les yeux pour voir s\u2019envoler les oiseaux. \u00c9trange changement de perspective ; ils ne s\u2019\u00e9l\u00e8vent pas, ils tombent sous mes fen\u00eatres, plongeant d\u2019un balcon de l\u2019immeuble ou des corniches des constructions voisines ; jamais je ne les surprends dans l\u2019effort de s\u2019arracher du sol. Du coup, leurs man\u0153uvres dans l\u2019air me semblent une longue suite de glissades ais\u00e9es.<\/p>\n\n\n\n<p class=\"wp-block-paragraph\"><em><strong>Q. \u2014<\/strong> Tu abordes des th\u00e8mes graves dans ces nouvelles, la mort par exemple\u2026<br><\/em><strong>R. \u2014 <\/strong>Tout n\u2019est pas sujet \u00e0 d\u00e9sinvolture.<\/p>\n\n\n\n<p class=\"wp-block-paragraph\"><em><strong>Q. \u2014<\/strong> Parle-nous de tes pr\u00e9occupations les plus r\u00e9centes.<br><\/em><strong>R. \u2014<\/strong> Une amie m\u2019a r\u00e9cemment confi\u00e9 qu\u2019elle r\u00eavait de pouvoir se d\u00e9doubler quelques heures pour s\u2019observer, se toucher, s\u2019embrasser elle-m\u00eame\u2026 Tout \u00e7a pour soi-disant conna\u00eetre l\u2019impression qu\u2019elle donne aux autres, savoir le go\u00fbt qu\u2019elle leur laisse en bouche\u2026 \u00ab Faire l\u2019amour avec son clone, inceste ou onanisme ? \u00bb que je lui ai r\u00e9pondu. Je ne suis pas s\u00fbre que \u00e7a me plairait de me d\u00e9doubler, moi. Si je ne m\u2019aimais pas ? Je le d\u00e9couvrirais tout de suite dans mon regard, je veux dire dans celui de mon clone qui, lisant le m\u00eame d\u00e9dain sur ma figure, r\u00e9agirait en cons\u00e9quence, soupe au lait comme je le suis, et je r\u00e9agirais \u00e0 sa r\u00e9action, c\u2019est-\u00e0-dire \u00e0 la mienne\u2026<\/p>\n\n\n\n<p class=\"wp-block-paragraph\"><em><strong>Q. \u2014<\/strong> Quelle serait ta devise ?<br><\/em><strong>R. \u2014<\/strong> Personne n\u2019est oblig\u00e9 de m\u2019aimer.<\/p>\n\n\n\n<p class=\"wp-block-paragraph\"><em><strong>Q. \u2014 <\/strong>Que penses-tu de cet Henri Lessard qui signe tes nouvelles ?<br><\/em><strong>R. \u2014<\/strong> Je m\u00e8ne une vie ind\u00e9pendante de mon cr\u00e9ateur. Je ne pense jamais \u00e0 lui. En retour, il est tr\u00e8s tol\u00e9rant avec moi.<\/p>\n\n\n\n<h3 class=\"wp-block-heading\" id=\"resume\">R\u00e9sum\u00e9<\/h3>\n\n\n\n<p class=\"wp-block-paragraph\">Comment d\u00e9crire No\u00eblle, h\u00e9ro\u00efne des nouvelles de <strong><em>Gr\u00e8ve des anges<\/em> ?<\/strong> Sachez qu\u2019elle entretient des relations \u00e9troites mais conflictuelles avec les pommes de laitue en plus de redouter que sa baignoire n\u2019ach\u00e8ve de la rende agoraphobe. Au d\u00e9but du recueil, elle termine ses \u00e9tudes secondaires et affronte le rejet ; \u00e0 la fin, elle est \u00e0 l\u2019universit\u00e9 et travaille dans un caf\u00e9. Dans tous les cas, No\u00eblle ne quitte qu\u2019\u00e0 regret la p\u00e9nombre des coulisses pour s\u2019exposer aux feux de la rampe.<\/p>\n\n\n\n<p class=\"wp-block-paragraph\">Coup de foudre assur\u00e9 pour ce personnage attachant et (l\u00e9g\u00e8rement) n\u00e9vros\u00e9.<\/p>\n\n\n\n<p class=\"wp-block-paragraph\">No\u00eblle n\u2019ose avouer sa flamme \u00e0 une voisine qui lui refuse l\u2019aum\u00f4ne d\u2019un regard. Elle retrouve son aplomb au contact de plus mal en point qu\u2019elle-m\u00eame, telle l\u2019inqui\u00e9tante Lucie de \u00ab Gr\u00e8ve des Anges \u00bb, nouvelle \u00e9ponyme du recueil.<\/p>\n\n\n\n<p class=\"wp-block-paragraph\">Le style du recueil, toujours concret, est imag\u00e9. Et c\u2019est justement par la puissance des images que No\u00eblle trouve la paix en la procurant \u00e0 la m\u00e8re d\u2019une amie morte dans un accident.<\/p>\n\n\n\n<p class=\"wp-block-paragraph\"><strong><em>Gr\u00e8ve des Anges<\/em>,<\/strong> un recueil au style brillant et au contenu vari\u00e9. Certaines nouvelles sont po\u00e9tiques, v\u00e9ritables chefs-d\u2019\u0153uvre descriptifs comme \u00ab L\u2019\u00c9t\u00e9 \u00bb, d\u2019autres offrent un regard critique et plein d\u2019humour sur notre soci\u00e9t\u00e9. L\u2019auteur propose de \u00ab petits textes bien ficel\u00e9s porteurs de plus que ce qu\u2019ils disent \u00bb.<\/p>\n\n\n\n<h3 class=\"wp-block-heading\" id=\"l-auteur\">L&rsquo;auteur<\/h3>\n\n\n\n<p class=\"wp-block-paragraph\"><em>Henri Lessard est n\u00e9 \u00e0 Hull (Qu\u00e9bec). D\u2019abord illustrateur, il s\u2019est tourn\u00e9 vers d\u2019autres genres de travaux de plume pour pr\u00e9f\u00e9rer la litt\u00e9rature qui lui permet d\u2019illustrer ses id\u00e9es d\u2019une autre fa\u00e7on, avec des mots.<\/em><\/p>\n\n\n<\/div>","protected":false},"excerpt":{"rendered":"<p>Gr\u00e8ve des anges. Nouvelles (2019)Henri LessardLes \u00c9ditions L\u2019Interligne, coll. \u00ab Vertiges \u00bb104 pages | 20,95 $ISBN 978-2-89699-668-1 Les \u00c9ditions L\u2019Interligne435, rue Donald, bureau 337Ottawa (ON) K1K 4X5613 748-0850, poste 4communication@interligne.ca Entrevue avec No\u00eblle, personnage principal de Gr\u00e8ve des anges Question. \u2014 Bonjour No\u00eblle. Tu n\u2019as que 19 ans ; n\u2019est-ce pas trop t\u00f4t pour publier &#8230;<\/p>\n","protected":false},"author":7,"featured_media":0,"parent":0,"menu_order":0,"comment_status":"closed","ping_status":"closed","template":"","meta":{"_acf_changed":false,"_crdt_document":"","disable_featured_image":false,"footnotes":""},"genres":[],"class_list":["post-448","page","type-page","status-publish"],"acf":[],"_links":{"self":[{"href":"https:\/\/lepetitparc.ca\/henri\/wp-json\/wp\/v2\/pages\/448","targetHints":{"allow":["GET"]}}],"collection":[{"href":"https:\/\/lepetitparc.ca\/henri\/wp-json\/wp\/v2\/pages"}],"about":[{"href":"https:\/\/lepetitparc.ca\/henri\/wp-json\/wp\/v2\/types\/page"}],"author":[{"embeddable":true,"href":"https:\/\/lepetitparc.ca\/henri\/wp-json\/wp\/v2\/users\/7"}],"replies":[{"embeddable":true,"href":"https:\/\/lepetitparc.ca\/henri\/wp-json\/wp\/v2\/comments?post=448"}],"version-history":[{"count":4,"href":"https:\/\/lepetitparc.ca\/henri\/wp-json\/wp\/v2\/pages\/448\/revisions"}],"predecessor-version":[{"id":775,"href":"https:\/\/lepetitparc.ca\/henri\/wp-json\/wp\/v2\/pages\/448\/revisions\/775"}],"wp:attachment":[{"href":"https:\/\/lepetitparc.ca\/henri\/wp-json\/wp\/v2\/media?parent=448"}],"wp:term":[{"taxonomy":"genres","embeddable":true,"href":"https:\/\/lepetitparc.ca\/henri\/wp-json\/wp\/v2\/genres?post=448"}],"curies":[{"name":"wp","href":"https:\/\/api.w.org\/{rel}","templated":true}]}}