{"id":446,"date":"2022-02-03T10:42:40","date_gmt":"2022-02-03T15:42:40","guid":{"rendered":"https:\/\/lepetitparc.ca\/henri\/?page_id=446"},"modified":"2022-06-07T18:41:05","modified_gmt":"2022-06-07T22:41:05","slug":"ligne-de-grains-roman","status":"publish","type":"page","link":"https:\/\/lepetitparc.ca\/henri\/ligne-de-grains-roman\/","title":{"rendered":"Ligne de grains. Roman"},"content":{"rendered":"<div class=\"entry\">\n\n\n<div class=\"wp-block-columns is-layout-flex wp-container-core-columns-is-layout-8f761849 wp-block-columns-is-layout-flex\">\n<div class=\"wp-block-column is-layout-flow wp-block-column-is-layout-flow\" style=\"flex-basis:33.33%\">\n<figure class=\"wp-block-image size-large is-resized\"><img fetchpriority=\"high\" decoding=\"async\" src=\"https:\/\/lepetitparc.ca\/henri\/wp-content\/uploads\/sites\/7\/2022\/01\/Ligne_C1_2a-572x1024.jpg\" alt=\"\" class=\"wp-image-217\" width=\"189\" height=\"339\" srcset=\"https:\/\/lepetitparc.ca\/henri\/wp-content\/uploads\/sites\/7\/2022\/01\/Ligne_C1_2a-572x1024.jpg 572w, https:\/\/lepetitparc.ca\/henri\/wp-content\/uploads\/sites\/7\/2022\/01\/Ligne_C1_2a-167x300.jpg 167w, https:\/\/lepetitparc.ca\/henri\/wp-content\/uploads\/sites\/7\/2022\/01\/Ligne_C1_2a.jpg 715w\" sizes=\"(max-width: 189px) 100vw, 189px\" \/><\/figure>\n<\/div>\n\n\n\n<div class=\"wp-block-column is-layout-flow wp-block-column-is-layout-flow\" style=\"flex-basis:66.66%\">\n<p class=\"wp-block-paragraph\"><em>En librairie : <s>8 juin<\/s> 15 juin 2022<\/em><\/p>\n\n\n\n<p class=\"wp-block-paragraph\">Auteur : Henri Lessard<br><a href=\"https:\/\/interligne.ca\/\">Les \u00c9ditions L\u2019Interligne<\/a>&nbsp;(Ottawa)<br>Collection \u00ab Vertiges \u00bb<br>ISBN 978-2-89699-744-2<br><a href=\"mailto:communication@interligne.ca\">communication@interligne.ca<\/a><br><a href=\"http:\/\/interligne.ca\/\" data-type=\"URL\" data-id=\"http:\/\/interligne.ca\/\">interligne.ca<\/a><\/p>\n\n\n\n<p class=\"wp-block-paragraph\"><em>Pour en savoir plus sur <\/em>Ligne de grains<em>, se rendre \u00e0 l&rsquo;article qui lui est consacr\u00e9 dans le blogue (<a href=\"https:\/\/lepetitparc.ca\/henri\/2022\/02\/03\/ligne-de-grains-roman-2\/\" data-type=\"URL\" data-id=\"https:\/\/lepetitparc.ca\/henri\/2022\/02\/03\/ligne-de-grains-roman-2\/\">lien<\/a>). L&rsquo;ensemble des articles \u00e0 son sujet est accessible par ce <a href=\"https:\/\/lepetitparc.ca\/henri\/category\/ligne-de-grains\/\" data-type=\"URL\" data-id=\"https:\/\/lepetitparc.ca\/henri\/category\/ligne-de-grains\/\">lien g\u00e9n\u00e9ral<\/a>. <\/em><\/p>\n<\/div>\n<\/div>\n\n\n<\/div>","protected":false},"excerpt":{"rendered":"<p>En librairie : 8 juin 15 juin 2022 Auteur : Henri LessardLes \u00c9ditions L\u2019Interligne&nbsp;(Ottawa)Collection \u00ab Vertiges \u00bbISBN 978-2-89699-744-2communication@interligne.cainterligne.ca Pour en savoir plus sur Ligne de grains, se rendre \u00e0 l&rsquo;article qui lui est consacr\u00e9 dans le blogue (lien). L&rsquo;ensemble des articles \u00e0 son sujet est accessible par ce lien g\u00e9n\u00e9ral.<\/p>\n","protected":false},"author":7,"featured_media":0,"parent":0,"menu_order":0,"comment_status":"closed","ping_status":"closed","template":"","meta":{"_acf_changed":false,"_crdt_document":"","disable_featured_image":false,"footnotes":""},"genres":[],"class_list":["post-446","page","type-page","status-publish"],"acf":[],"_links":{"self":[{"href":"https:\/\/lepetitparc.ca\/henri\/wp-json\/wp\/v2\/pages\/446","targetHints":{"allow":["GET"]}}],"collection":[{"href":"https:\/\/lepetitparc.ca\/henri\/wp-json\/wp\/v2\/pages"}],"about":[{"href":"https:\/\/lepetitparc.ca\/henri\/wp-json\/wp\/v2\/types\/page"}],"author":[{"embeddable":true,"href":"https:\/\/lepetitparc.ca\/henri\/wp-json\/wp\/v2\/users\/7"}],"replies":[{"embeddable":true,"href":"https:\/\/lepetitparc.ca\/henri\/wp-json\/wp\/v2\/comments?post=446"}],"version-history":[{"count":7,"href":"https:\/\/lepetitparc.ca\/henri\/wp-json\/wp\/v2\/pages\/446\/revisions"}],"predecessor-version":[{"id":833,"href":"https:\/\/lepetitparc.ca\/henri\/wp-json\/wp\/v2\/pages\/446\/revisions\/833"}],"wp:attachment":[{"href":"https:\/\/lepetitparc.ca\/henri\/wp-json\/wp\/v2\/media?parent=446"}],"wp:term":[{"taxonomy":"genres","embeddable":true,"href":"https:\/\/lepetitparc.ca\/henri\/wp-json\/wp\/v2\/genres?post=446"}],"curies":[{"name":"wp","href":"https:\/\/api.w.org\/{rel}","templated":true}]}}