{"id":2050,"date":"2024-12-29T21:22:27","date_gmt":"2024-12-30T02:22:27","guid":{"rendered":"https:\/\/lepetitparc.ca\/henri\/?page_id=2050"},"modified":"2025-02-02T21:38:22","modified_gmt":"2025-02-03T02:38:22","slug":"noce-et-autres-plongeons","status":"publish","type":"page","link":"https:\/\/lepetitparc.ca\/henri\/noce-et-autres-plongeons\/","title":{"rendered":"Noce et autres plongeons"},"content":{"rendered":"<div class=\"entry\">\n\n\n<div class=\"wp-block-columns is-layout-flex wp-container-core-columns-is-layout-8f761849 wp-block-columns-is-layout-flex\">\n<div class=\"wp-block-column is-layout-flow wp-block-column-is-layout-flow\" style=\"flex-basis:33.33%\">\n<figure class=\"wp-block-image size-large\"><img fetchpriority=\"high\" decoding=\"async\" width=\"574\" height=\"1024\" src=\"https:\/\/lepetitparc.ca\/henri\/wp-content\/uploads\/sites\/7\/2024\/12\/Noce_plongeons_cadre2-574x1024.png\" alt=\"\" class=\"wp-image-2068\" srcset=\"https:\/\/lepetitparc.ca\/henri\/wp-content\/uploads\/sites\/7\/2024\/12\/Noce_plongeons_cadre2-574x1024.png 574w, https:\/\/lepetitparc.ca\/henri\/wp-content\/uploads\/sites\/7\/2024\/12\/Noce_plongeons_cadre2-168x300.png 168w, https:\/\/lepetitparc.ca\/henri\/wp-content\/uploads\/sites\/7\/2024\/12\/Noce_plongeons_cadre2-768x1369.png 768w, https:\/\/lepetitparc.ca\/henri\/wp-content\/uploads\/sites\/7\/2024\/12\/Noce_plongeons_cadre2-861x1536.png 861w, https:\/\/lepetitparc.ca\/henri\/wp-content\/uploads\/sites\/7\/2024\/12\/Noce_plongeons_cadre2-1149x2048.png 1149w, https:\/\/lepetitparc.ca\/henri\/wp-content\/uploads\/sites\/7\/2024\/12\/Noce_plongeons_cadre2.png 1512w\" sizes=\"(max-width: 574px) 100vw, 574px\" \/><\/figure>\n<\/div>\n\n\n\n<div class=\"wp-block-column is-layout-flow wp-block-column-is-layout-flow\" style=\"flex-basis:66.66%\">\n<p class=\"wp-block-paragraph\"><strong>Enfin paru, <em>Noce et autres plongeons<\/em>, suite d&rsquo;<em>Une ann\u00e9e julienne<\/em> ! (Le mot \u00ab enfin \u00bb est pour l&rsquo;auteur, puisque personne n&rsquo;attendait cette suite, ou cette <em>s\u00e9quelle<\/em>.) <\/strong><\/p>\n\n\n\n<p class=\"wp-block-paragraph\"><strong>Le d\u00e9p\u00f4t l\u00e9gal a \u00e9t\u00e9 fait \u00e0 BANQ (30 d\u00e9c. 2024). Le recueil (fichier pdf) est disponible gratuitement chez l&rsquo;auteur ou t\u00e9l\u00e9chargeable directement \u00e0 la BANQ (<a href=\"https:\/\/collections.banq.qc.ca\/document\/u0TJMgicapr04BKNcxJqjQ\" data-type=\"link\" data-id=\"https:\/\/collections.banq.qc.ca\/document\/u0TJMgicapr04BKNcxJqjQ\">lien<\/a>). (Pour <em>Une ann\u00e9e julienne<\/em>, voir \u00e0 la fin de la \u00ab Pr\u00e9sentation \u00bb.)<\/strong><\/p>\n\n\n\n<h2 class=\"wp-block-heading\">NOCE ET AUTRES PLONGEONS <\/h2>\n\n\n\n<h2 class=\"wp-block-heading\">suivi de GALETS<br><\/h2>\n\n\n\n<p class=\"wp-block-paragraph\"><strong>Nouvelles<\/strong><br>Collection du Circonvolu<\/p>\n\n\n\n<p class=\"wp-block-paragraph\">Henri Lessard, auteur et \u00e9diteur<\/p>\n\n\n\n<p class=\"wp-block-paragraph\">ISBN 978-2-9821444-1-5 (PDF)<br>D\u00e9p\u00f4t l\u00e9gal, Biblioth\u00e8que et Archives nationales du Qu\u00e9bec, 2024<\/p>\n\n\n\n<p class=\"wp-block-paragraph\">CopyrightDepot.com no 00091542-1, 14 octobre 2024<\/p>\n\n\n\n<h2 class=\"wp-block-heading\">Pr\u00e9sentation<\/h2>\n\n\n\n<p class=\"wp-block-paragraph\">Julianne*, la protagoniste de&nbsp;<em><strong>Noce et autres plongeons<\/strong><\/em>, a dix-sept ans ou vingt et quelques ann\u00e9es, sans qu\u2019on puisse pr\u00e9ciser davantage, selon le d\u00e9sordre des textes. Elle pr\u00e9f\u00e8re les femmes, ne d\u00e9daigne pas les hommes et trouve les gu\u00eapes plus supportables que les photographes. Voil\u00e0, vous savez l\u2019essentiel, en dire plus serait indiscret.<\/p>\n\n\n\n<p class=\"wp-block-paragraph\">\u00ab Je demeure la fille rechigneuse, l\u2019amie attentive, l\u2019\u00e9l\u00e8ve distraite que j\u2019\u00e9tais. La vie est un petit train qui va son petit train-train jusqu\u2019au terminus. \u00bb (Extrait de \u00ab Laisser-partir \u00bb, p. 55.)<\/p>\n\n\n\n<p class=\"wp-block-paragraph\">\u00ab Vanit\u00e9 du bien-\u00eatre. Que faire de cette capacit\u00e9 de jouissance sous-jacente dont le fr\u00e9missement est toujours perceptible dans la transparence du temps qui passe ? \u00bb (Extrait de \u00ab Motel Nordet \u00bb, p. 17.)<\/p>\n\n\n\n<p class=\"has-text-align-center wp-block-paragraph\">*<\/p>\n\n\n\n<p class=\"wp-block-paragraph\">Les narratrices de&nbsp;<strong><em>Galets&nbsp;<\/em><\/strong>nous ram\u00e8nent au d\u00e9but des ann\u00e9es 1970.<\/p>\n\n\n\n<div style=\"height:12px\" aria-hidden=\"true\" class=\"wp-block-spacer\"><\/div>\n\n\n\n<p class=\"wp-block-paragraph\">* Pour en savoir plus sur Julianne, reportez-vous au recueil <a href=\"https:\/\/lepetitparc.ca\/henri\/une-annee-julienne\/\" data-type=\"link\" data-id=\"https:\/\/lepetitparc.ca\/henri\/une-annee-julienne\/\"><em>Une ann\u00e9e julienne<\/em> suivi de <em>Pers\u00e9phone<\/em><\/a>, nouvelles, 2023. Coll. \u00ab du Circonvolu \u00bb. (T\u00e9l\u00e9chargeable gratuitement \u00e0 <a href=\"https:\/\/na01.safelinks.protection.outlook.com\/?url=http%3A%2F%2Fcollections.banq.qc.ca%2Fdocument%2FIjXIOgfZ0W1V9OI6K5m1ng&amp;data=05%7C01%7C%7C01ee5c06ccd948c3449e08db611785c8%7C84df9e7fe9f640afb435aaaaaaaaaaaa%7C1%7C0%7C638210525875298116%7CUnknown%7CTWFpbGZsb3d8eyJWIjoiMC4wLjAwMDAiLCJQIjoiV2luMzIiLCJBTiI6Ik1haWwiLCJXVCI6Mn0%3D%7C3000%7C%7C%7C&amp;sdata=l9qmDs3vhdqm1BUJuHS3QxACWorGLvHPGRbW7wkNtTM%3D&amp;reserved=0\" data-type=\"link\" data-id=\"https:\/\/na01.safelinks.protection.outlook.com\/?url=http%3A%2F%2Fcollections.banq.qc.ca%2Fdocument%2FIjXIOgfZ0W1V9OI6K5m1ng&amp;data=05%7C01%7C%7C01ee5c06ccd948c3449e08db611785c8%7C84df9e7fe9f640afb435aaaaaaaaaaaa%7C1%7C0%7C638210525875298116%7CUnknown%7CTWFpbGZsb3d8eyJWIjoiMC4wLjAwMDAiLCJQIjoiV2luMzIiLCJBTiI6Ik1haWwiLCJXVCI6Mn0%3D%7C3000%7C%7C%7C&amp;sdata=l9qmDs3vhdqm1BUJuHS3QxACWorGLvHPGRbW7wkNtTM%3D&amp;reserved=0\">BAnQ<\/a>.)<\/p>\n<\/div>\n<\/div>\n\n\n\n<div style=\"height:12px\" aria-hidden=\"true\" class=\"wp-block-spacer\"><\/div>\n\n\n\n<h2 class=\"wp-block-heading\">Douze extraits<\/h2>\n\n\n\n<div style=\"height:12px\" aria-hidden=\"true\" class=\"wp-block-spacer\"><\/div>\n\n\n\n<p class=\"wp-block-paragraph\"><strong>D<\/strong>erni\u00e8re gorg\u00e9e de caf\u00e9 ; c\u2019est l\u2019instant o\u00f9 l\u2019exquise volupt\u00e9 d\u2019\u00eatre d\u00e9bouche sur un sentiment de manque et de tristesse, de gaspillage. Vanit\u00e9 du bien-\u00eatre. Que faire de cette capacit\u00e9 de jouissance sous-jacente dont le fr\u00e9missement est toujours perceptible dans la transparence du temps qui passe ?<\/p>\n\n\n\n<hr class=\"wp-block-separator has-alpha-channel-opacity is-style-dots\" \/>\n\n\n\n<p class=\"wp-block-paragraph\"><strong>H<\/strong>\u00e9bert s\u2019attarde juste le temps d\u2019amener Chantale au fa\u00eete de ses capacit\u00e9s d\u2019illumination. Les hormones percolent des ovaires jusqu\u2019au visage qu\u2019elles font flamber . La nappe phr\u00e9atique suinte depuis les profondeurs ; l\u2019eau \u00e0 la bouche et pas seulement ! Ils vont se revoir en fin de semaine et je sens bien que, dans l\u2019esprit de Chantale, un sommier doit s\u2019attendre \u00e0 bient\u00f4t se faire briser les reins.<\/p>\n\n\n\n<hr class=\"wp-block-separator has-alpha-channel-opacity is-style-dots\" \/>\n\n\n\n<p class=\"wp-block-paragraph\"><strong>R<\/strong>osaline est photographe. Moi, les photographes m\u2019\u00e9nervent. Toujours inquiets de la mise au point, du temps d\u2019obturation, de la lumi\u00e8re, de la distance focale, du cadrage ; de vrais \u00ab m\u2019as-tu-vu avec mon bel \u00e9quipement et mon souci de la perfection ! \u00bb L\u2019id\u00e9e de laisser les paysages et les gens en paix ne leur vient jamais \u00e0 l\u2019esprit.<\/p>\n\n\n\n<hr class=\"wp-block-separator has-alpha-channel-opacity is-style-dots\" \/>\n\n\n\n<p class=\"wp-block-paragraph\"><strong>N<\/strong>ager sous la pluie, \u00e0 trente \u00e9tages du sol. L\u2019eau et le ciel ne faisaient qu\u2019un ; quand je remontais \u00e0 la surface, ma t\u00eate \u00e9mergeait dans les nu\u00e9es, \u00e0 la source m\u00eame de la pluie. Depuis l\u2019extr\u00e9mit\u00e9 du plongeoir, la vue portait sur l\u2019espace balay\u00e9 par les rafales ; des cataractes tombaient des nues, estompaient les \u00e9difices voisins, falaises recul\u00e9es d\u2019un autre rivage. Un instant, je pouvais croire que j\u2019allais piquer du nez dans un vide vertigineux.<\/p>\n\n\n\n<hr class=\"wp-block-separator has-alpha-channel-opacity is-style-dots\" \/>\n\n\n\n<p class=\"wp-block-paragraph\"><strong>\u00c0<\/strong>&nbsp;m\u2019ennuyer au congr\u00e8s, \u00e0 me plaquer contre des surfaces de verre, \u00e0 devenir une ombre nue dans une serre climatis\u00e9e, \u00e0 \u00eatre r\u00e9duite en pixels sur des \u00e9crans, j\u2019avais envie d\u2019exister en trois dimensions, de retrouver poids et substance, d\u2019\u00eatre prise dans une \u00e9treinte et secou\u00e9e de l\u2019antique et banale mani\u00e8re que perp\u00e9tuent les humains et qui les perp\u00e9tue du m\u00eame coup.<\/p>\n\n\n\n<hr class=\"wp-block-separator has-alpha-channel-opacity is-style-dots\" \/>\n\n\n\n<p class=\"wp-block-paragraph\"><strong>L<\/strong>auralise est tir\u00e9e \u00e0 droite et \u00e0 gauche. Les vieilles branches, les rameaux dess\u00e9ch\u00e9s, les bourgeons et les jeunes pousses des deux familles embroussaillent la place. J\u2019ai la sociabilit\u00e9 affable de l\u2019indiff\u00e9rente, heureuse d\u2019assister aux r\u00e9jouissances sans en \u00eatre.<\/p>\n\n\n\n<hr class=\"wp-block-separator has-alpha-channel-opacity is-style-dots\" \/>\n\n\n\n<p class=\"wp-block-paragraph\"><strong>Q<\/strong>ue les t\u00eates sont lourdes ! Il leur faut le creux d\u2019une \u00e9paule, la douceur d\u2019un sein, l\u2019accueil d\u2019une hanche pour trouver le repos. Lentement, si lentement que nous aurions mis des heures, des jours, nous avons fait l\u2019amour sans nous embrasser, laissant les caresses s\u2019\u00e9terniser sans qu\u2019elles ne d\u00e9butent jamais. Les yeux se cherchent, les bras s\u2019allongent, les mains d\u00e9couvrent toute surface, toute rondeur, taill\u00e9e \u00e0 leur paume. Je pris la main de Jos\u00e9phine pour la guider jusqu\u2019\u00e0 mon sein \u2013 qui se dressa entre ses doigts. Pure r\u00e9action \u00e9pidermique&#8230; O\u00f9 tout cela nous m\u00e8nera-t-il ? Jos\u00e9phine darde un regard plein de consentements.<\/p>\n\n\n\n<hr class=\"wp-block-separator has-alpha-channel-opacity is-style-dots\" \/>\n\n\n\n<p class=\"wp-block-paragraph\"><strong>V<\/strong>ivre et mourir sont des actes involontaires. On vit, on meurt. Seule la d\u00e9cision de mourir rel\u00e8ve de la volont\u00e9. Qu\u2019y aura-t-il apr\u00e8s ? Peut-\u00eatre subsiste-t-il bri\u00e8vement quelque chose, comme une bulle d\u2019air conserve sa forme ronde et reste suspendue un court instant une fois \u00e9clat\u00e9e la pellicule d\u2019eau qui l\u2019enserrait.<\/p>\n\n\n\n<hr class=\"wp-block-separator has-alpha-channel-opacity is-style-dots\" \/>\n\n\n\n<p class=\"wp-block-paragraph\"><strong>P<\/strong>ersonne n\u2019entre dans un lit tout \u00e0 fait de la m\u00eame mani\u00e8re qu\u2019une autre. B\u00e9atrice mit plus de temps que de coutume pour prendre place et se pencher sur moi. La cha\u00eene de son pendentif accrocha ma gorge tandis que la veilleuse dessinait un lis\u00e9r\u00e9 orang\u00e9 sur une \u00e9paule, soulignait le contour d\u2019un sein, d\u2019une hanche ou r\u00e9v\u00e9lait une surface pour, \u00e0 la mani\u00e8re d\u2019une vague, se retirer aussit\u00f4t, ombres et lumi\u00e8re se fuyant et se pourchassant tour \u00e0 tour.<\/p>\n\n\n\n<hr class=\"wp-block-separator has-alpha-channel-opacity is-style-dots\" \/>\n\n\n\n<p class=\"wp-block-paragraph\"><strong>I<\/strong>l ne passait jamais personne apr\u00e8s une certaine heure de la nuit ; un rare pi\u00e9ton, une voiture aux quinze minutes, v\u00e9hicule aveugle \u00e0 ce qui ne se place pas devant ses phares et qui roule, conduit par leur double faisceau comme un stupide taureau tir\u00e9 par ses cornes. Les chats aimaient traverser lentement la chauss\u00e9e en diagonale ou tout droit, \u00e0 vive allure, surgissant de nulle part pour appara\u00eetre un quart de seconde dans la lumi\u00e8re d\u2019un lampadaire et s\u2019engloutir dans l\u2019obscurit\u00e9 entre deux bungalows.<\/p>\n\n\n\n<hr class=\"wp-block-separator has-alpha-channel-opacity is-style-dots\" \/>\n\n\n\n<p class=\"wp-block-paragraph\"><strong>\u00c0<\/strong>&nbsp;cette \u00e9poque, les t\u00e9l\u00e9phones \u00e9taient encore fixes, les femmes commen\u00e7aient \u00e0 avoir la bougeotte.<\/p>\n\n\n\n<hr class=\"wp-block-separator has-alpha-channel-opacity is-style-dots\" \/>\n\n\n\n<p class=\"wp-block-paragraph\">\u2014&nbsp;<strong>C<\/strong>e que je vais retenir de cet \u00e9t\u00e9, ce sont mes siestes de l\u2019apr\u00e8s-midi, dans le hamac, derri\u00e8re la maison ; moments de flottement entre la veille et le sommeil, alors que tout baigne dans une lumi\u00e8re blanche ou grise, ou bleue, filtr\u00e9e par mes cils entrouverts\u2026<\/p>\n\n\n\n<div style=\"height:24px\" aria-hidden=\"true\" class=\"wp-block-spacer\"><\/div>\n\n\n\n<h3 class=\"wp-block-heading\">Chronologie<\/h3>\n\n\n\n<p class=\"wp-block-paragraph\">Ce qui suit n&rsquo;int\u00e9resse que l&rsquo;auteur : les dates de r\u00e9daction des textes, entendu qu&rsquo;ils ont tous \u00e9t\u00e9 r\u00e9vis\u00e9s en novembre et d\u00e9cembre 2024.<\/p>\n\n\n\n<h4 class=\"wp-block-heading\">NOCE ET AUTRES PLONGEONS<\/h4>\n\n\n\n<p class=\"wp-block-paragraph\">Motel Nordet. <em>Janv. 2024<\/em><br>\u00ab Plus One \u00bb. <em>2020, 2022. Titre original : <\/em>Vous d\u00e9sirez ?<br>La gu\u00eape. <em>Vers 2005, retouches en d\u00e9c. 2023<\/em><br>Vertiges. <em>D\u00e9c. 2023<\/em><br>Le lac. <em>Nov. 2022<\/em><br>Noce. <em>Janv. 2024<\/em><br>Muette. <em>F\u00e9vr. 2014, avril 2016<\/em><br>Laisser-partir. <em>2019 ou date ant\u00e9rieure<\/em><br>Chut ! <em>Avril 2017, d\u00e9c. 2019, ao\u00fbt 2022 et janv. 2024. Titre original : <\/em>Porte ouverte<br><em>\u00c8 pericoloso sporgersi.<\/em> <em>2005-2009<\/em><\/p>\n\n\n\n<h4 class=\"wp-block-heading\">GALETS<\/h4>\n\n\n\n<p class=\"wp-block-paragraph\">Banlieue 1970. <em>Janv. &#8211; juillet 2014. Titre original : <\/em>Banlieue<br>\u00c9t\u00e9 1970. <em>Janv.-ao\u00fbt 2012, avril-mai 2019, d\u00e9c. 2023. Titre original :<\/em> Galets<\/p>\n\n\n\n<p class=\"wp-block-paragraph\">Ce qui donne, en calculant la moyenne \u00e0 partir de la date la plus ancienne de chaque texte, juillet 2016.<\/p>\n\n\n<\/div>","protected":false},"excerpt":{"rendered":"<p>Enfin paru, Noce et autres plongeons, suite d&rsquo;Une ann\u00e9e julienne ! (Le mot \u00ab enfin \u00bb est pour l&rsquo;auteur, puisque personne n&rsquo;attendait cette suite, ou cette s\u00e9quelle.) Le d\u00e9p\u00f4t l\u00e9gal a \u00e9t\u00e9 fait \u00e0 BANQ (30 d\u00e9c. 2024). Le recueil (fichier pdf) est disponible gratuitement chez l&rsquo;auteur ou t\u00e9l\u00e9chargeable directement \u00e0 la BANQ (lien). (Pour &#8230;<\/p>\n","protected":false},"author":7,"featured_media":2052,"parent":0,"menu_order":0,"comment_status":"closed","ping_status":"closed","template":"","meta":{"_acf_changed":false,"_crdt_document":"","disable_featured_image":false,"footnotes":""},"genres":[],"class_list":["post-2050","page","type-page","status-publish","has-post-thumbnail"],"acf":[],"_links":{"self":[{"href":"https:\/\/lepetitparc.ca\/henri\/wp-json\/wp\/v2\/pages\/2050","targetHints":{"allow":["GET"]}}],"collection":[{"href":"https:\/\/lepetitparc.ca\/henri\/wp-json\/wp\/v2\/pages"}],"about":[{"href":"https:\/\/lepetitparc.ca\/henri\/wp-json\/wp\/v2\/types\/page"}],"author":[{"embeddable":true,"href":"https:\/\/lepetitparc.ca\/henri\/wp-json\/wp\/v2\/users\/7"}],"replies":[{"embeddable":true,"href":"https:\/\/lepetitparc.ca\/henri\/wp-json\/wp\/v2\/comments?post=2050"}],"version-history":[{"count":9,"href":"https:\/\/lepetitparc.ca\/henri\/wp-json\/wp\/v2\/pages\/2050\/revisions"}],"predecessor-version":[{"id":2081,"href":"https:\/\/lepetitparc.ca\/henri\/wp-json\/wp\/v2\/pages\/2050\/revisions\/2081"}],"wp:featuredmedia":[{"embeddable":true,"href":"https:\/\/lepetitparc.ca\/henri\/wp-json\/wp\/v2\/media\/2052"}],"wp:attachment":[{"href":"https:\/\/lepetitparc.ca\/henri\/wp-json\/wp\/v2\/media?parent=2050"}],"wp:term":[{"taxonomy":"genres","embeddable":true,"href":"https:\/\/lepetitparc.ca\/henri\/wp-json\/wp\/v2\/genres?post=2050"}],"curies":[{"name":"wp","href":"https:\/\/api.w.org\/{rel}","templated":true}]}}