{"id":164,"date":"2021-12-19T15:09:12","date_gmt":"2021-12-19T20:09:12","guid":{"rendered":"https:\/\/lepetitparc.ca\/henri\/?page_id=164"},"modified":"2025-10-04T10:45:51","modified_gmt":"2025-10-04T14:45:51","slug":"mes-livres","status":"publish","type":"page","link":"https:\/\/lepetitparc.ca\/henri\/mes-livres\/","title":{"rendered":"Mes livres"},"content":{"rendered":"<div class=\"entry\">\n\n\n<p class=\"wp-block-paragraph\"><em><strong>V<\/strong>oyez aussi les pages individuelles consacr\u00e9es aux titres suivants :<\/em><\/p>\n\n\n\n<ul class=\"wp-block-list\">\n<li><strong><a href=\"https:\/\/lepetitparc.ca\/henri\/ligne-de-grains-roman\/\" data-type=\"URL\" data-id=\"https:\/\/lepetitparc.ca\/henri\/ligne-de-grains-roman\/\">Ligne de grains<\/a><\/strong><\/li>\n\n\n\n<li><strong><a href=\"https:\/\/lepetitparc.ca\/henri\/greve-des-anges-nouvelles\/\" data-type=\"URL\" data-id=\"https:\/\/lepetitparc.ca\/henri\/greve-des-anges-nouvelles\/\">Gr\u00e8ve des anges<\/a><\/strong><\/li>\n\n\n\n<li><a href=\"https:\/\/lepetitparc.ca\/henri\/juliette-et-beatrice\/\" data-type=\"URL\" data-id=\"https:\/\/lepetitparc.ca\/henri\/juliette-et-beatrice\/\"><strong>\u00ab Juliette et B\u00e9atrice \u00bb<\/strong><\/a><\/li>\n<\/ul>\n\n\n\n<p class=\"wp-block-paragraph\"><em>Livres disponibles dans toutes les bonnes librairies (ainsi que les autres, qu&rsquo;il faut aider \u00e0 s&rsquo;am\u00e9liorer), sauf <\/em><strong>Une ann\u00e9e julienne<\/strong><em><strong>, <\/strong>disponible en format pdf aupr\u00e8s de l&rsquo;auteur ou de BAnQ (lien). C&rsquo;est gratuit dans les deux cas.<\/em><\/p>\n\n\n\n<div style=\"height:24px\" aria-hidden=\"true\" class=\"wp-block-spacer\"><\/div>\n\n\n\n<p class=\"wp-block-paragraph\"><\/p>\n\n\n\n<div class=\"wp-block-columns is-layout-flex wp-container-core-columns-is-layout-8f761849 wp-block-columns-is-layout-flex\">\n<div class=\"wp-block-column is-layout-flow wp-block-column-is-layout-flow\" style=\"flex-basis:33.33%\">\n<figure class=\"wp-block-image size-large is-resized\"><img fetchpriority=\"high\" decoding=\"async\" width=\"572\" height=\"1024\" src=\"https:\/\/lepetitparc.ca\/henri\/wp-content\/uploads\/sites\/7\/2022\/01\/Ligne_C1_2a-572x1024.jpg\" alt=\"\" class=\"wp-image-217\" style=\"width:268px;height:479px\" srcset=\"https:\/\/lepetitparc.ca\/henri\/wp-content\/uploads\/sites\/7\/2022\/01\/Ligne_C1_2a-572x1024.jpg 572w, https:\/\/lepetitparc.ca\/henri\/wp-content\/uploads\/sites\/7\/2022\/01\/Ligne_C1_2a-167x300.jpg 167w, https:\/\/lepetitparc.ca\/henri\/wp-content\/uploads\/sites\/7\/2022\/01\/Ligne_C1_2a.jpg 715w\" sizes=\"(max-width: 572px) 100vw, 572px\" \/><\/figure>\n<\/div>\n\n\n\n<div class=\"wp-block-column is-layout-flow wp-block-column-is-layout-flow\" style=\"flex-basis:66.66%\">\n<h3 class=\"wp-block-heading\">Ligne de grains, roman<br><\/h3>\n\n\n\n<p class=\"wp-block-paragraph\">Henri Lessard<br><a href=\"https:\/\/interligne.ca\/\">Les \u00c9ditions L\u2019Interligne<\/a> (Ottawa)<br>Collection \u00ab Vertiges \u00bb<br>ISBN 978-2-89699-744-2<br>Parution : printemps 2022<\/p>\n\n\n\n<p class=\"wp-block-paragraph\"><\/p>\n<\/div>\n<\/div>\n\n\n\n<div class=\"wp-block-columns is-layout-flex wp-container-core-columns-is-layout-8f761849 wp-block-columns-is-layout-flex\">\n<div class=\"wp-block-column is-layout-flow wp-block-column-is-layout-flow\" style=\"flex-basis:33.33%\">\n<figure class=\"wp-block-image size-full is-resized\"><img decoding=\"async\" width=\"179\" height=\"320\" data-src=\"https:\/\/lepetitparc.ca\/henri\/wp-content\/uploads\/sites\/7\/2021\/12\/GreveC1.jpg\" alt=\"\" class=\"wp-image-105 lazyload\" style=\"--smush-placeholder-width: 179px; --smush-placeholder-aspect-ratio: 179\/320;width:269px;height:481px\" data-srcset=\"https:\/\/lepetitparc.ca\/henri\/wp-content\/uploads\/sites\/7\/2021\/12\/GreveC1.jpg 179w, https:\/\/lepetitparc.ca\/henri\/wp-content\/uploads\/sites\/7\/2021\/12\/GreveC1-168x300.jpg 168w\" data-sizes=\"(max-width: 179px) 100vw, 179px\" src=\"data:image\/svg+xml;base64,PHN2ZyB3aWR0aD0iMSIgaGVpZ2h0PSIxIiB4bWxucz0iaHR0cDovL3d3dy53My5vcmcvMjAwMC9zdmciPjwvc3ZnPg==\" \/><\/figure>\n<\/div>\n\n\n\n<div class=\"wp-block-column is-layout-flow wp-block-column-is-layout-flow\" style=\"flex-basis:66.66%\">\n<h3 class=\"wp-block-heading\">Gr\u00e8ve des anges, nouvelles<br><\/h3>\n\n\n\n<p class=\"wp-block-paragraph\">Henri Lessard<br><a href=\"https:\/\/interligne.ca\/\">Les \u00c9ditions L\u2019Interligne<\/a> (Ottawa)<br>Collection \u00ab Vertiges \u00bb<br>104 pages<br>ISBN 978-2-89699-668-1<br>Parution : oct. 2019<\/p>\n<\/div>\n<\/div>\n\n\n\n<div class=\"wp-block-columns is-layout-flex wp-container-core-columns-is-layout-8f761849 wp-block-columns-is-layout-flex\">\n<div class=\"wp-block-column is-layout-flow wp-block-column-is-layout-flow\" style=\"flex-basis:33.33%\">\n<figure class=\"wp-block-image size-full is-resized\"><img decoding=\"async\" width=\"188\" height=\"320\" data-src=\"https:\/\/lepetitparc.ca\/henri\/wp-content\/uploads\/sites\/7\/2021\/12\/raconter-l-est-ontarien.jpg\" alt=\"\" class=\"wp-image-165 lazyload\" style=\"--smush-placeholder-width: 188px; --smush-placeholder-aspect-ratio: 188\/320;width:270px;height:460px\" data-srcset=\"https:\/\/lepetitparc.ca\/henri\/wp-content\/uploads\/sites\/7\/2021\/12\/raconter-l-est-ontarien.jpg 188w, https:\/\/lepetitparc.ca\/henri\/wp-content\/uploads\/sites\/7\/2021\/12\/raconter-l-est-ontarien-176x300.jpg 176w\" data-sizes=\"(max-width: 188px) 100vw, 188px\" src=\"data:image\/svg+xml;base64,PHN2ZyB3aWR0aD0iMSIgaGVpZ2h0PSIxIiB4bWxucz0iaHR0cDovL3d3dy53My5vcmcvMjAwMC9zdmciPjwvc3ZnPg==\" \/><\/figure>\n<\/div>\n\n\n\n<div class=\"wp-block-column is-layout-flow wp-block-column-is-layout-flow\" style=\"flex-basis:66.66%\">\n<h3 class=\"wp-block-heading\">\u00ab Juliette et B\u00e9atrice \u00bb, nouvelle<\/h3>\n\n\n\n<p class=\"wp-block-paragraph\">dans :<br><em><strong>Raconter l&rsquo;Est ontarien<\/strong><\/em><br>Collectif<br><a href=\"https:\/\/editionsdavid.com\/\" data-type=\"URL\" data-id=\"https:\/\/editionsdavid.com\/\">Les \u00c9ditions David<\/a> (Ottawa)<br>Hors collection<br>328 pages<br>Parution : 31 janvier 2020<br>ISBN 978-2-89597-721-6<\/p>\n<\/div>\n<\/div>\n\n\n<\/div>","protected":false},"excerpt":{"rendered":"<p>Voyez aussi les pages individuelles consacr\u00e9es aux titres suivants : Livres disponibles dans toutes les bonnes librairies (ainsi que les autres, qu&rsquo;il faut aider \u00e0 s&rsquo;am\u00e9liorer), sauf Une ann\u00e9e julienne, disponible en format pdf aupr\u00e8s de l&rsquo;auteur ou de BAnQ (lien). C&rsquo;est gratuit dans les deux cas. Ligne de grains, roman Henri LessardLes \u00c9ditions L\u2019Interligne &#8230;<\/p>\n","protected":false},"author":7,"featured_media":0,"parent":0,"menu_order":0,"comment_status":"closed","ping_status":"closed","template":"","meta":{"_acf_changed":false,"_crdt_document":"","disable_featured_image":false,"footnotes":""},"genres":[],"class_list":["post-164","page","type-page","status-publish"],"acf":[],"_links":{"self":[{"href":"https:\/\/lepetitparc.ca\/henri\/wp-json\/wp\/v2\/pages\/164","targetHints":{"allow":["GET"]}}],"collection":[{"href":"https:\/\/lepetitparc.ca\/henri\/wp-json\/wp\/v2\/pages"}],"about":[{"href":"https:\/\/lepetitparc.ca\/henri\/wp-json\/wp\/v2\/types\/page"}],"author":[{"embeddable":true,"href":"https:\/\/lepetitparc.ca\/henri\/wp-json\/wp\/v2\/users\/7"}],"replies":[{"embeddable":true,"href":"https:\/\/lepetitparc.ca\/henri\/wp-json\/wp\/v2\/comments?post=164"}],"version-history":[{"count":9,"href":"https:\/\/lepetitparc.ca\/henri\/wp-json\/wp\/v2\/pages\/164\/revisions"}],"predecessor-version":[{"id":2095,"href":"https:\/\/lepetitparc.ca\/henri\/wp-json\/wp\/v2\/pages\/164\/revisions\/2095"}],"wp:attachment":[{"href":"https:\/\/lepetitparc.ca\/henri\/wp-json\/wp\/v2\/media?parent=164"}],"wp:term":[{"taxonomy":"genres","embeddable":true,"href":"https:\/\/lepetitparc.ca\/henri\/wp-json\/wp\/v2\/genres?post=164"}],"curies":[{"name":"wp","href":"https:\/\/api.w.org\/{rel}","templated":true}]}}