{"id":11,"date":"2022-01-24T21:13:35","date_gmt":"2022-01-24T21:13:35","guid":{"rendered":"https:\/\/lepetitparc.ca\/eda\/?page_id=11"},"modified":"2022-01-24T21:13:35","modified_gmt":"2022-01-24T21:13:35","slug":"a-propos","status":"publish","type":"page","link":"https:\/\/lepetitparc.ca\/eda\/a-propos\/","title":{"rendered":"\u00c0 propos&#8230;"},"content":{"rendered":"\n<figure class=\"wp-block-image size-large\"><img fetchpriority=\"high\" decoding=\"async\" width=\"1024\" height=\"512\" src=\"https:\/\/lepetitparc.ca\/eda\/wp-content\/uploads\/sites\/9\/2022\/01\/chiens-2-2-1024x512.jpg\" alt=\"\" class=\"wp-image-17\" srcset=\"https:\/\/lepetitparc.ca\/eda\/wp-content\/uploads\/sites\/9\/2022\/01\/chiens-2-2-1024x512.jpg 1024w, https:\/\/lepetitparc.ca\/eda\/wp-content\/uploads\/sites\/9\/2022\/01\/chiens-2-2-300x150.jpg 300w, https:\/\/lepetitparc.ca\/eda\/wp-content\/uploads\/sites\/9\/2022\/01\/chiens-2-2-768x384.jpg 768w, https:\/\/lepetitparc.ca\/eda\/wp-content\/uploads\/sites\/9\/2022\/01\/chiens-2-2-1536x768.jpg 1536w, https:\/\/lepetitparc.ca\/eda\/wp-content\/uploads\/sites\/9\/2022\/01\/chiens-2-2-2048x1024.jpg 2048w, https:\/\/lepetitparc.ca\/eda\/wp-content\/uploads\/sites\/9\/2022\/01\/chiens-2-2-1568x784.jpg 1568w\" sizes=\"(max-width: 1024px) 100vw, 1024px\" \/><\/figure>\n\n\n\n<p class=\"wp-block-paragraph\">Je suis Eda, une chilienne \u00e0 la retraite depuis les 45 ans \u00e0 cause d\u2019une maladie. Ceci m\u2019a donn\u00e9 plus de temps pour mettre en papier et en couleur ce qui est important pour moi. J\u2019ai d\u00e9di\u00e9 ma vie \u00e0 peindre ce qui souffre, sp\u00e9cialement, ce qui n\u2019est pas entendu.<\/p>\n\n\n\n<p class=\"wp-block-paragraph\">Ce que je peins le plus ce sont les animaux, surtout les chiens errants. J\u2019ai grandi en Am\u00e9rique Latine o\u00f9 les chiens se prom\u00e8nent dans les rues. Ils ne sont pas tous sans domicile fixe. Quelques uns s\u2019\u00e9chappent de chez eux pour aller se balader et visiter les amis.<\/p>\n\n\n\n<p class=\"wp-block-paragraph\">J\u2019ai 61 ans dont les 22 premi\u00e8res je les ai v\u00e9cu au Chili et les restants au Qu\u00e9bec.<\/p>\n\n\n\n<p class=\"wp-block-paragraph\">Quand j\u2019habitais au Chili j\u2019observ\u00e9 comment les gens traitaient les animaux, surtout les chiens, et par la suite c\u2019est l\u2019Internet qui m\u2019en inform\u00e9.<\/p>\n\n\n\n<p class=\"wp-block-paragraph\">Je peux juste vous dire que quand je vois un animal qui n\u2019est pas respect\u00e9, qui est maltrait\u00e9 ou qui souffre, je pars en pleurs. C\u2019est pour cela que pour moi c\u2019est important les peindre. Je crois que les posant sur le papier ou canevas, en lui donnant de la couleur, je leur donne de l\u2019amour et je leur dit\u00a0: \u00ab\u00a0je te vois\u00a0\u00bb.<\/p>\n\n\n\n<p class=\"wp-block-paragraph\">Mise \u00e0 part les chiens errants, je peins aussi tous les animaux car d&rsquo;une mani\u00e8re ou d&rsquo;une autre, tous souffrent \u00e0 cause de l&rsquo;humain, la d\u00e9forestation, les pesticides, l&rsquo;avarice, l&rsquo;abandon, la m\u00e9chancet\u00e9 ou, simplement, ne pas y penser.<\/p>\n\n\n\n<p class=\"wp-block-paragraph\">Je peins aussi la nature comme homage \u00e0 notre belle plan\u00e8te.<\/p>\n\n\n\n<p class=\"wp-block-paragraph\">J&rsquo;utilise diff\u00e9rents m\u00e9diums, mais surtout l&rsquo;eau, comme l&rsquo;aquarelle et l&rsquo;acrylique. Parfois, je m&rsquo;amuse avec les pastels et la gravure.<\/p>\n\n\n\n<p class=\"wp-block-paragraph\">En plus, je m&rsquo;int\u00e9resse beaucoup \u00e0 la production de sacs \u00e9cologiques, pour lib\u00e9rer la plan\u00e8te de sa charge de plastique.<\/p>\n\n\n\n<p class=\"wp-block-paragraph\"><\/p>\n","protected":false},"excerpt":{"rendered":"<p>Je suis Eda, une chilienne \u00e0 la retraite depuis les 45 ans \u00e0 cause d\u2019une maladie. Ceci m\u2019a donn\u00e9 plus de temps pour mettre en papier et en couleur ce qui est important pour moi. J\u2019ai d\u00e9di\u00e9 ma vie \u00e0 peindre ce qui souffre, sp\u00e9cialement, ce qui n\u2019est pas entendu. Ce que je peins le&hellip; <a class=\"more-link\" href=\"https:\/\/lepetitparc.ca\/eda\/a-propos\/\">Continue reading <span class=\"screen-reader-text\">\u00c0 propos&#8230;<\/span><\/a><\/p>\n","protected":false},"author":9,"featured_media":0,"parent":0,"menu_order":0,"comment_status":"closed","ping_status":"closed","template":"","meta":{"_acf_changed":false,"_crdt_document":"","disable_featured_image":false,"footnotes":""},"genres":[],"class_list":["post-11","page","type-page","status-publish","hentry","entry"],"acf":[],"_links":{"self":[{"href":"https:\/\/lepetitparc.ca\/eda\/wp-json\/wp\/v2\/pages\/11","targetHints":{"allow":["GET"]}}],"collection":[{"href":"https:\/\/lepetitparc.ca\/eda\/wp-json\/wp\/v2\/pages"}],"about":[{"href":"https:\/\/lepetitparc.ca\/eda\/wp-json\/wp\/v2\/types\/page"}],"author":[{"embeddable":true,"href":"https:\/\/lepetitparc.ca\/eda\/wp-json\/wp\/v2\/users\/9"}],"replies":[{"embeddable":true,"href":"https:\/\/lepetitparc.ca\/eda\/wp-json\/wp\/v2\/comments?post=11"}],"version-history":[{"count":5,"href":"https:\/\/lepetitparc.ca\/eda\/wp-json\/wp\/v2\/pages\/11\/revisions"}],"predecessor-version":[{"id":25,"href":"https:\/\/lepetitparc.ca\/eda\/wp-json\/wp\/v2\/pages\/11\/revisions\/25"}],"wp:attachment":[{"href":"https:\/\/lepetitparc.ca\/eda\/wp-json\/wp\/v2\/media?parent=11"}],"wp:term":[{"taxonomy":"genres","embeddable":true,"href":"https:\/\/lepetitparc.ca\/eda\/wp-json\/wp\/v2\/genres?post=11"}],"curies":[{"name":"wp","href":"https:\/\/api.w.org\/{rel}","templated":true}]}}