{"id":20,"date":"2022-11-18T10:08:18","date_gmt":"2022-11-18T15:08:18","guid":{"rendered":"https:\/\/lepetitparc.ca\/bancdessai\/?page_id=20"},"modified":"2023-03-04T15:29:36","modified_gmt":"2023-03-04T20:29:36","slug":"page-daccueil-alternative","status":"publish","type":"page","link":"https:\/\/lepetitparc.ca\/bancdessai\/","title":{"rendered":"Voici le Banc d\u2019essai!"},"content":{"rendered":"\n<figure class=\"wp-block-image size-large\"><img fetchpriority=\"high\" decoding=\"async\" width=\"1024\" height=\"684\" src=\"https:\/\/lepetitparc.ca\/bancdessai\/wp-content\/uploads\/sites\/25\/2022\/11\/banc-essai-1024x684.jpg\" alt=\"Bancs publics dans un parc\" class=\"wp-image-87\" srcset=\"https:\/\/lepetitparc.ca\/bancdessai\/wp-content\/uploads\/sites\/25\/2022\/11\/banc-essai-1024x684.jpg 1024w, https:\/\/lepetitparc.ca\/bancdessai\/wp-content\/uploads\/sites\/25\/2022\/11\/banc-essai-300x200.jpg 300w, https:\/\/lepetitparc.ca\/bancdessai\/wp-content\/uploads\/sites\/25\/2022\/11\/banc-essai-768x513.jpg 768w, https:\/\/lepetitparc.ca\/bancdessai\/wp-content\/uploads\/sites\/25\/2022\/11\/banc-essai-1536x1026.jpg 1536w, https:\/\/lepetitparc.ca\/bancdessai\/wp-content\/uploads\/sites\/25\/2022\/11\/banc-essai.jpg 2000w\" sizes=\"(max-width: 1024px) 100vw, 1024px\" \/><figcaption class=\"wp-element-caption\">Photo: <a href=\"https:\/\/unsplash.com\/@radsupercell\">Richard Deng, Unsplash<\/a><\/figcaption><\/figure>\n\n\n\n<p class=\"has-nv-site-bg-background-color has-background has-medium-font-size wp-block-paragraph\">L\u2019id\u00e9e de lancer un blogue vous chatouille et vous voulez vous faire la main? Ou vous br\u00fblez d\u2019envie de vous exprimer sur un sujet ou de partager une cr\u00e9ation? Le Banc d\u2019essai est pour vous, blogueuses et blogueurs de passage!<\/p>\n\n\n\n<blockquote class=\"wp-block-quote is-layout-flow wp-block-quote-is-layout-flow\">\n<blockquote class=\"wp-block-quote is-layout-flow wp-block-quote-is-layout-flow\">\n<p class=\"wp-block-paragraph\">L\u2019\u00e9criture c\u2019est l\u2019inconnu. Avant d\u2019\u00e9crire on ne sait rien de ce qu\u2019on va \u00e9crire. Et en toute lucidit\u00e9.<\/p>\n<cite>\u2014 <em>Marguerite Duras<\/em><\/cite><\/blockquote>\n<\/blockquote>\n\n\n<ul style=\"padding-left:var(--wp--preset--spacing--50);padding-top:var(--wp--preset--spacing--50);padding-bottom:0;\" class=\"wp-block-latest-posts__list has-author widget-billets-recents wp-block-latest-posts has-background has-white-background-color\"><li><a class=\"wp-block-latest-posts__post-title\" href=\"https:\/\/lepetitparc.ca\/bancdessai\/2023\/07\/24\/soixante-pensees-pour-une-heure-de-detente-litteraire\/\">Soixante pens\u00e9es pour une heure de d\u00e9tente litt\u00e9raire<\/a><div class=\"wp-block-latest-posts__post-author\">par LPP<\/div><div class=\"wp-block-latest-posts__post-excerpt\">Qu\u2019est-ce qu\u2019une vie r\u00e9ussie? C\u2019est une vie remplie de \u00able\u00e7ons apprises\u00bb. APPRENDRE est le secret\u2026<\/div><\/li>\n<li><div class=\"wp-block-latest-posts__featured-image alignleft\"><img decoding=\"async\" width=\"300\" height=\"249\" data-src=\"https:\/\/lepetitparc.ca\/bancdessai\/wp-content\/uploads\/sites\/25\/2023\/07\/Arbre-solitaire-Tossa-de-Mar-Espagne-2012-J.M.-2-300x249.jpg\" class=\"attachment-medium size-medium wp-post-image lazyload\" alt=\"\" style=\"--smush-placeholder-width: 300px; --smush-placeholder-aspect-ratio: 300\/249;max-width:260px;\" data-srcset=\"https:\/\/lepetitparc.ca\/bancdessai\/wp-content\/uploads\/sites\/25\/2023\/07\/Arbre-solitaire-Tossa-de-Mar-Espagne-2012-J.M.-2-300x249.jpg 300w, https:\/\/lepetitparc.ca\/bancdessai\/wp-content\/uploads\/sites\/25\/2023\/07\/Arbre-solitaire-Tossa-de-Mar-Espagne-2012-J.M.-2.jpg 720w\" data-sizes=\"(max-width: 300px) 100vw, 300px\" src=\"data:image\/svg+xml;base64,PHN2ZyB3aWR0aD0iMSIgaGVpZ2h0PSIxIiB4bWxucz0iaHR0cDovL3d3dy53My5vcmcvMjAwMC9zdmciPjwvc3ZnPg==\" \/><\/div><a class=\"wp-block-latest-posts__post-title\" href=\"https:\/\/lepetitparc.ca\/bancdessai\/2023\/07\/01\/poemes-en-filigrane\/\">Po\u00e8mes en filigrane<\/a><div class=\"wp-block-latest-posts__post-author\">par LPP<\/div><div class=\"wp-block-latest-posts__post-excerpt\">Cinq po\u00e8mes par Janine Messadi\u00e9<\/div><\/li>\n<li><div class=\"wp-block-latest-posts__featured-image alignleft\"><img decoding=\"async\" width=\"300\" height=\"240\" data-src=\"https:\/\/lepetitparc.ca\/bancdessai\/wp-content\/uploads\/sites\/25\/2022\/11\/11002000763-600px-300x240.jpg\" class=\"attachment-medium size-medium wp-post-image lazyload\" alt=\"\" style=\"--smush-placeholder-width: 300px; --smush-placeholder-aspect-ratio: 300\/240;max-width:260px;\" data-srcset=\"https:\/\/lepetitparc.ca\/bancdessai\/wp-content\/uploads\/sites\/25\/2022\/11\/11002000763-600px-300x240.jpg 300w, https:\/\/lepetitparc.ca\/bancdessai\/wp-content\/uploads\/sites\/25\/2022\/11\/11002000763-600px.jpg 600w\" data-sizes=\"(max-width: 300px) 100vw, 300px\" src=\"data:image\/svg+xml;base64,PHN2ZyB3aWR0aD0iMSIgaGVpZ2h0PSIxIiB4bWxucz0iaHR0cDovL3d3dy53My5vcmcvMjAwMC9zdmciPjwvc3ZnPg==\" \/><\/div><a class=\"wp-block-latest-posts__post-title\" href=\"https:\/\/lepetitparc.ca\/bancdessai\/2023\/03\/03\/bonjour-tout-le-monde\/\">Venez remplacer ce contenu avec le v\u00f4tre<\/a><div class=\"wp-block-latest-posts__post-author\">par LPP<\/div><div class=\"wp-block-latest-posts__post-excerpt\">Ceci est un espace pour vous! Que ce soit pour partager une histoire ou une perspective en passant, ou si vous avez l\u2019id\u00e9e de cr\u00e9er\u2026 <a class=\"wp-block-latest-posts__read-more\" href=\"https:\/\/lepetitparc.ca\/bancdessai\/2023\/03\/03\/bonjour-tout-le-monde\/\" rel=\"noopener noreferrer\">Lire la suite\u00a0:<span class=\"screen-reader-text\"> Venez remplacer ce contenu avec le v\u00f4tre<\/span><\/a><\/div><\/li>\n<\/ul>","protected":false},"excerpt":{"rendered":"<p>L\u2019id\u00e9e de lancer un blogue vous chatouille et vous voulez vous faire la main? Ou vous br\u00fblez d\u2019envie de vous exprimer sur un sujet ou de partager une cr\u00e9ation? Le Banc d\u2019essai est pour vous, blogueuses et blogueurs de passage!<\/p>\n","protected":false},"author":1,"featured_media":0,"parent":0,"menu_order":0,"comment_status":"closed","ping_status":"closed","template":"elementor_theme","meta":{"_acf_changed":false,"_crdt_document":"","site-sidebar-layout":"default","site-content-layout":"","ast-site-content-layout":"default","site-content-style":"default","site-sidebar-style":"default","ast-global-header-display":"","ast-banner-title-visibility":"","ast-main-header-display":"","ast-hfb-above-header-display":"","ast-hfb-below-header-display":"","ast-hfb-mobile-header-display":"","site-post-title":"","ast-breadcrumbs-content":"","ast-featured-img":"","footer-sml-layout":"","ast-disable-related-posts":"","theme-transparent-header-meta":"","adv-header-id-meta":"","stick-header-meta":"","header-above-stick-meta":"","header-main-stick-meta":"","header-below-stick-meta":"","astra-migrate-meta-layouts":"default","ast-page-background-enabled":"default","ast-page-background-meta":{"desktop":{"background-color":"var(--ast-global-color-4)","background-image":"","background-repeat":"repeat","background-position":"center center","background-size":"auto","background-attachment":"scroll","background-type":"","background-media":"","overlay-type":"","overlay-color":"","overlay-opacity":"","overlay-gradient":""},"tablet":{"background-color":"","background-image":"","background-repeat":"repeat","background-position":"center center","background-size":"auto","background-attachment":"scroll","background-type":"","background-media":"","overlay-type":"","overlay-color":"","overlay-opacity":"","overlay-gradient":""},"mobile":{"background-color":"","background-image":"","background-repeat":"repeat","background-position":"center center","background-size":"auto","background-attachment":"scroll","background-type":"","background-media":"","overlay-type":"","overlay-color":"","overlay-opacity":"","overlay-gradient":""}},"ast-content-background-meta":{"desktop":{"background-color":"var(--ast-global-color-5)","background-image":"","background-repeat":"repeat","background-position":"center center","background-size":"auto","background-attachment":"scroll","background-type":"","background-media":"","overlay-type":"","overlay-color":"","overlay-opacity":"","overlay-gradient":""},"tablet":{"background-color":"var(--ast-global-color-5)","background-image":"","background-repeat":"repeat","background-position":"center center","background-size":"auto","background-attachment":"scroll","background-type":"","background-media":"","overlay-type":"","overlay-color":"","overlay-opacity":"","overlay-gradient":""},"mobile":{"background-color":"var(--ast-global-color-5)","background-image":"","background-repeat":"repeat","background-position":"center center","background-size":"auto","background-attachment":"scroll","background-type":"","background-media":"","overlay-type":"","overlay-color":"","overlay-opacity":"","overlay-gradient":""}},"footnotes":""},"genres":[],"class_list":["post-20","page","type-page","status-publish","hentry"],"acf":[],"_links":{"self":[{"href":"https:\/\/lepetitparc.ca\/bancdessai\/wp-json\/wp\/v2\/pages\/20","targetHints":{"allow":["GET"]}}],"collection":[{"href":"https:\/\/lepetitparc.ca\/bancdessai\/wp-json\/wp\/v2\/pages"}],"about":[{"href":"https:\/\/lepetitparc.ca\/bancdessai\/wp-json\/wp\/v2\/types\/page"}],"author":[{"embeddable":true,"href":"https:\/\/lepetitparc.ca\/bancdessai\/wp-json\/wp\/v2\/users\/1"}],"replies":[{"embeddable":true,"href":"https:\/\/lepetitparc.ca\/bancdessai\/wp-json\/wp\/v2\/comments?post=20"}],"version-history":[{"count":19,"href":"https:\/\/lepetitparc.ca\/bancdessai\/wp-json\/wp\/v2\/pages\/20\/revisions"}],"predecessor-version":[{"id":183,"href":"https:\/\/lepetitparc.ca\/bancdessai\/wp-json\/wp\/v2\/pages\/20\/revisions\/183"}],"wp:attachment":[{"href":"https:\/\/lepetitparc.ca\/bancdessai\/wp-json\/wp\/v2\/media?parent=20"}],"wp:term":[{"taxonomy":"genres","embeddable":true,"href":"https:\/\/lepetitparc.ca\/bancdessai\/wp-json\/wp\/v2\/genres?post=20"}],"curies":[{"name":"wp","href":"https:\/\/api.w.org\/{rel}","templated":true}]}}